{"id":584,"date":"2020-11-01T13:32:58","date_gmt":"2020-11-01T12:32:58","guid":{"rendered":"https:\/\/www.dormienbeds.com\/?page_id=584"},"modified":"2022-02-25T16:28:59","modified_gmt":"2022-02-25T15:28:59","slug":"green-collection","status":"publish","type":"page","link":"https:\/\/www.dorbienbeds.com\/sv\/green-collection\/","title":{"rendered":"Green COLLECTION"},"content":{"rendered":"<h1>Green Collection<\/h1>\n<p style=\"text-align: center;\">Ta med dig skogen hem! L\u00e5t denna v\u00e4xtbaserade\u00a0skapelse bli en del av en livsstil som du k\u00e4nner dig stolt \u00f6ver, d\u00e5 valet \u00e4r r\u00e4tt b\u00e5de f\u00f6r din kropp och f\u00f6r milj\u00f6n. N\u00e4r du har upplevt en s\u00e4ng fr\u00e5n Green-kollektionen kommer du inte g\u00e5 tillbaka till n\u00e5got s\u00e4mre.\u00a0<\/p>\n<p style=\"text-align: center;\">\u00a0<\/p>\n<p style=\"text-align: center;\">Komforten ger en mycket responsiv k\u00e4nsla vilket g\u00f6r att du kan r\u00f6ra dig fritt men du kommer f\u00f6rmodligen somna snabbt eftersom du l\u00e4tt hittar den r\u00e4tta positionen.\u00a0<\/p>\n<p>\t\t\t\t\t\t\t\t\t<img loading=\"lazy\" decoding=\"async\" width=\"1400\" height=\"950\" src=\"https:\/\/www.dorbienbeds.com\/wp-content\/uploads\/2020\/11\/bed-green-continental-I-env.jpg\" alt=\"\" loading=\"lazy\" srcset=\"https:\/\/www.dorbienbeds.com\/wp-content\/uploads\/2020\/11\/bed-green-continental-I-env.jpg 1400w, https:\/\/www.dorbienbeds.com\/wp-content\/uploads\/2020\/11\/bed-green-continental-I-env-300x204.jpg 300w, https:\/\/www.dorbienbeds.com\/wp-content\/uploads\/2020\/11\/bed-green-continental-I-env-1024x695.jpg 1024w, https:\/\/www.dorbienbeds.com\/wp-content\/uploads\/2020\/11\/bed-green-continental-I-env-768x521.jpg 768w, https:\/\/www.dorbienbeds.com\/wp-content\/uploads\/2020\/11\/bed-green-continental-I-env-700x475.jpg 700w\" sizes=\"(max-width: 1400px) 100vw, 1400px\" \/><br \/>\n\t\t\t\t\t\t\t\t\t<img loading=\"lazy\" decoding=\"async\" width=\"1400\" height=\"950\" src=\"https:\/\/www.dorbienbeds.com\/wp-content\/uploads\/2020\/11\/bed-green-continental-I-prod.jpg\" alt=\"\" loading=\"lazy\" srcset=\"https:\/\/www.dorbienbeds.com\/wp-content\/uploads\/2020\/11\/bed-green-continental-I-prod.jpg 1400w, https:\/\/www.dorbienbeds.com\/wp-content\/uploads\/2020\/11\/bed-green-continental-I-prod-300x204.jpg 300w, https:\/\/www.dorbienbeds.com\/wp-content\/uploads\/2020\/11\/bed-green-continental-I-prod-1024x695.jpg 1024w, https:\/\/www.dorbienbeds.com\/wp-content\/uploads\/2020\/11\/bed-green-continental-I-prod-768x521.jpg 768w, https:\/\/www.dorbienbeds.com\/wp-content\/uploads\/2020\/11\/bed-green-continental-I-prod-700x475.jpg 700w\" sizes=\"(max-width: 1400px) 100vw, 1400px\" \/><br \/>\n\t\t\t\t\t\t\t\t\t<img loading=\"lazy\" decoding=\"async\" width=\"960\" height=\"540\" src=\"https:\/\/www.dorbienbeds.com\/wp-content\/uploads\/2021\/01\/green1-gif.gif\" alt=\"\" loading=\"lazy\" \/>\t\t\t\t\t<\/p>\n<h2>Green I<\/h2>\n<p>Jag kommer fr\u00e5n den gr\u00f6na v\u00e4rlden och naturen \u00e4r min moder! Jag st\u00f6djer mig p\u00e5 ett Triple Spring-system kombinerat med lager av naturligt latex, ull och bomull. Jag \u00e4r designad f\u00f6r dig som v\u00e4rdes\u00e4tter material som ansvarsfullt tar hand om dig och din s\u00f6mn.<\/p>\n<p>Precis som mina syskon finns jag ocks\u00e5 i en justerbar version.<\/p>\n<p>G\u00e5 till <a href=\"#greenexclusive\">Green Exclusive<\/a> f\u00f6r att l\u00e4sa mer.<\/p>\n<h2>Green II<\/h2>\n<p>Jag ger den d\u00e4r d\u00e4r wow-k\u00e4nslan du har v\u00e4ntat p\u00e5 och jag \u00e4r till och med gr\u00f6nare \u00e4n mitt syskon Green I. Mitt Triple Pocket-system f\u00e5r dig att sv\u00e4va! Prova mig, jag finns tillg\u00e4nglig i din favoritfasthet.\u00a0 Under tiden du sover, jobbar jag f\u00f6r att ge dig och din kropp en perfekt h\u00e5llning. Oavsett vilket s\u00f6mnbeteende eller sovposition du normalt har s\u00e5 finns jag d\u00e4r f\u00f6r dig.<\/p>\n<p>Sj\u00e4lvklart kan jag skapas i en justerbar version f\u00f6r just dig! L\u00e4s mer p\u00e5 <a href=\"#greenextreme\">Green Extreme<\/a>.<\/p>\n<p>\t\t\t\t\t\t\t\t\t<img loading=\"lazy\" decoding=\"async\" width=\"1400\" height=\"950\" src=\"https:\/\/www.dorbienbeds.com\/wp-content\/uploads\/2020\/11\/bed-green-continental-II-env.jpg\" alt=\"\" loading=\"lazy\" srcset=\"https:\/\/www.dorbienbeds.com\/wp-content\/uploads\/2020\/11\/bed-green-continental-II-env.jpg 1400w, https:\/\/www.dorbienbeds.com\/wp-content\/uploads\/2020\/11\/bed-green-continental-II-env-300x204.jpg 300w, https:\/\/www.dorbienbeds.com\/wp-content\/uploads\/2020\/11\/bed-green-continental-II-env-1024x695.jpg 1024w, https:\/\/www.dorbienbeds.com\/wp-content\/uploads\/2020\/11\/bed-green-continental-II-env-768x521.jpg 768w, https:\/\/www.dorbienbeds.com\/wp-content\/uploads\/2020\/11\/bed-green-continental-II-env-700x475.jpg 700w\" sizes=\"(max-width: 1400px) 100vw, 1400px\" \/><br \/>\n\t\t\t\t\t\t\t\t\t<img loading=\"lazy\" decoding=\"async\" width=\"1400\" height=\"950\" src=\"https:\/\/www.dorbienbeds.com\/wp-content\/uploads\/2020\/11\/bed-green-continental-II-prod.jpg\" alt=\"\" loading=\"lazy\" srcset=\"https:\/\/www.dorbienbeds.com\/wp-content\/uploads\/2020\/11\/bed-green-continental-II-prod.jpg 1400w, https:\/\/www.dorbienbeds.com\/wp-content\/uploads\/2020\/11\/bed-green-continental-II-prod-300x204.jpg 300w, https:\/\/www.dorbienbeds.com\/wp-content\/uploads\/2020\/11\/bed-green-continental-II-prod-1024x695.jpg 1024w, https:\/\/www.dorbienbeds.com\/wp-content\/uploads\/2020\/11\/bed-green-continental-II-prod-768x521.jpg 768w, https:\/\/www.dorbienbeds.com\/wp-content\/uploads\/2020\/11\/bed-green-continental-II-prod-700x475.jpg 700w\" sizes=\"(max-width: 1400px) 100vw, 1400px\" \/><br \/>\n\t\t\t\t\t\t\t\t\t<img loading=\"lazy\" decoding=\"async\" width=\"960\" height=\"540\" src=\"https:\/\/www.dorbienbeds.com\/wp-content\/uploads\/2021\/09\/green2-gif.gif\" alt=\"\" loading=\"lazy\" \/><br \/>\n\t\t\t\t\t\t\t\t\t<img loading=\"lazy\" decoding=\"async\" width=\"1400\" height=\"950\" src=\"https:\/\/www.dorbienbeds.com\/wp-content\/uploads\/2020\/11\/bed-green-exclusive-env.jpg\" alt=\"\" loading=\"lazy\" srcset=\"https:\/\/www.dorbienbeds.com\/wp-content\/uploads\/2020\/11\/bed-green-exclusive-env.jpg 1400w, https:\/\/www.dorbienbeds.com\/wp-content\/uploads\/2020\/11\/bed-green-exclusive-env-300x204.jpg 300w, https:\/\/www.dorbienbeds.com\/wp-content\/uploads\/2020\/11\/bed-green-exclusive-env-1024x695.jpg 1024w, https:\/\/www.dorbienbeds.com\/wp-content\/uploads\/2020\/11\/bed-green-exclusive-env-768x521.jpg 768w, https:\/\/www.dorbienbeds.com\/wp-content\/uploads\/2020\/11\/bed-green-exclusive-env-700x475.jpg 700w\" sizes=\"(max-width: 1400px) 100vw, 1400px\" \/><br \/>\n\t\t\t\t\t\t\t\t\t<img loading=\"lazy\" decoding=\"async\" width=\"1400\" height=\"950\" src=\"https:\/\/www.dorbienbeds.com\/wp-content\/uploads\/2020\/11\/bed-green-exclusive-prod.jpg\" alt=\"\" loading=\"lazy\" srcset=\"https:\/\/www.dorbienbeds.com\/wp-content\/uploads\/2020\/11\/bed-green-exclusive-prod.jpg 1400w, https:\/\/www.dorbienbeds.com\/wp-content\/uploads\/2020\/11\/bed-green-exclusive-prod-300x204.jpg 300w, https:\/\/www.dorbienbeds.com\/wp-content\/uploads\/2020\/11\/bed-green-exclusive-prod-1024x695.jpg 1024w, https:\/\/www.dorbienbeds.com\/wp-content\/uploads\/2020\/11\/bed-green-exclusive-prod-768x521.jpg 768w, https:\/\/www.dorbienbeds.com\/wp-content\/uploads\/2020\/11\/bed-green-exclusive-prod-700x475.jpg 700w\" sizes=\"(max-width: 1400px) 100vw, 1400px\" \/><br \/>\n\t\t\t\t\t\t\t\t\t<img loading=\"lazy\" decoding=\"async\" width=\"960\" height=\"540\" src=\"https:\/\/www.dorbienbeds.com\/wp-content\/uploads\/2021\/01\/green-exclusive-gif.gif\" alt=\"\" loading=\"lazy\" \/>\t\t\t\t\t<\/p>\n<h2>Green Exclusive<\/h2>\n<p>Om Green Exclusive \u00e4r din favoritmodell men du s\u00f6ker en st\u00e4llbar version, s\u00e5 har du hittat r\u00e4tt! Prova mig och njut av en helt ny form av avkoppling!<\/p>\n<h2>Green Extreme<\/h2>\n<p>Upplev min extrema komfort i Green-formatet. Anpassa mig till din favoritposition med min tr\u00e5dl\u00f6sa fj\u00e4rrkontroll och sov gott!<\/p>\n<p>\t\t\t\t\t\t\t\t\t<img loading=\"lazy\" decoding=\"async\" width=\"1400\" height=\"950\" src=\"https:\/\/www.dorbienbeds.com\/wp-content\/uploads\/2020\/11\/bed-green-extreme-env.jpg\" alt=\"\" loading=\"lazy\" srcset=\"https:\/\/www.dorbienbeds.com\/wp-content\/uploads\/2020\/11\/bed-green-extreme-env.jpg 1400w, https:\/\/www.dorbienbeds.com\/wp-content\/uploads\/2020\/11\/bed-green-extreme-env-300x204.jpg 300w, https:\/\/www.dorbienbeds.com\/wp-content\/uploads\/2020\/11\/bed-green-extreme-env-1024x695.jpg 1024w, https:\/\/www.dorbienbeds.com\/wp-content\/uploads\/2020\/11\/bed-green-extreme-env-768x521.jpg 768w, https:\/\/www.dorbienbeds.com\/wp-content\/uploads\/2020\/11\/bed-green-extreme-env-700x475.jpg 700w\" sizes=\"(max-width: 1400px) 100vw, 1400px\" \/><br \/>\n\t\t\t\t\t\t\t\t\t<img loading=\"lazy\" decoding=\"async\" width=\"1400\" height=\"950\" src=\"https:\/\/www.dorbienbeds.com\/wp-content\/uploads\/2020\/11\/bed-green-extreme-prod.jpg\" alt=\"\" loading=\"lazy\" srcset=\"https:\/\/www.dorbienbeds.com\/wp-content\/uploads\/2020\/11\/bed-green-extreme-prod.jpg 1400w, https:\/\/www.dorbienbeds.com\/wp-content\/uploads\/2020\/11\/bed-green-extreme-prod-300x204.jpg 300w, https:\/\/www.dorbienbeds.com\/wp-content\/uploads\/2020\/11\/bed-green-extreme-prod-1024x695.jpg 1024w, https:\/\/www.dorbienbeds.com\/wp-content\/uploads\/2020\/11\/bed-green-extreme-prod-768x521.jpg 768w, https:\/\/www.dorbienbeds.com\/wp-content\/uploads\/2020\/11\/bed-green-extreme-prod-700x475.jpg 700w\" sizes=\"(max-width: 1400px) 100vw, 1400px\" \/><br \/>\n\t\t\t\t\t\t\t\t\t<img loading=\"lazy\" decoding=\"async\" width=\"960\" height=\"540\" src=\"https:\/\/www.dorbienbeds.com\/wp-content\/uploads\/2021\/01\/green-extreme-gif.gif\" alt=\"\" loading=\"lazy\" \/><br \/>\n\t\t\t\t\t\t\t\t\t<img loading=\"lazy\" decoding=\"async\" width=\"1280\" height=\"891\" src=\"https:\/\/www.dorbienbeds.com\/wp-content\/uploads\/2022\/02\/DSC3887-dorb-green-ram-Large-1.jpeg\" alt=\"\" loading=\"lazy\" srcset=\"https:\/\/www.dorbienbeds.com\/wp-content\/uploads\/2022\/02\/DSC3887-dorb-green-ram-Large-1.jpeg 1280w, https:\/\/www.dorbienbeds.com\/wp-content\/uploads\/2022\/02\/DSC3887-dorb-green-ram-Large-1-300x209.jpeg 300w, https:\/\/www.dorbienbeds.com\/wp-content\/uploads\/2022\/02\/DSC3887-dorb-green-ram-Large-1-1024x713.jpeg 1024w, https:\/\/www.dorbienbeds.com\/wp-content\/uploads\/2022\/02\/DSC3887-dorb-green-ram-Large-1-768x535.jpeg 768w, https:\/\/www.dorbienbeds.com\/wp-content\/uploads\/2022\/02\/DSC3887-dorb-green-ram-Large-1-700x487.jpeg 700w\" sizes=\"(max-width: 1280px) 100vw, 1280px\" \/><br \/>\n\t\t\t\t\t\t\t\t\t<img loading=\"lazy\" decoding=\"async\" width=\"960\" height=\"540\" src=\"https:\/\/www.dorbienbeds.com\/wp-content\/uploads\/2022\/02\/greenframe-gif.gif\" alt=\"\" loading=\"lazy\" \/>\t\t\t\t\t<\/p>\n<h2>Green rams\u00e4ng<\/h2>\n<p>Skandinavisk design n\u00e4r den \u00e4r som b\u00e4st och jag \u00e4r yngst i Green-serien. En klassisk skandinavisk look och som mina andra familjemedlemmar \u00e4r jag f\u00f6rsedd med naturliga fibrer. Jag \u00e4r Green rams\u00e4ng , enkel att ta hand om och jag ger dig en helt underbar komfort. Kom och prova mig! Jag garanterar att du f\u00e5r en ny upplevelse som handlar om komfort och djup. En perfekt kombination f\u00f6r en fantastisk s\u00f6mn.<\/p>\n","protected":false},"excerpt":{"rendered":"<p>Green Collection Ta med dig skogen hem! L\u00e5t denna v\u00e4xtbaserade\u00a0skapelse bli en del av en livsstil som du k\u00e4nner dig stolt \u00f6ver, d\u00e5 valet \u00e4r r\u00e4tt b\u00e5de f\u00f6r din kropp och f\u00f6r milj\u00f6n. N\u00e4r du har upplevt en s\u00e4ng fr\u00e5n Green-kollektionen kommer du inte g\u00e5&#8230;<\/p>\n","protected":false},"author":1,"featured_media":0,"parent":0,"menu_order":0,"comment_status":"closed","ping_status":"closed","template":"","meta":[],"translation":{"provider":"WPGlobus","version":"2.12.2","language":"sv","enabled_languages":["en","sv","nl"],"languages":{"en":{"title":true,"content":true,"excerpt":false},"sv":{"title":true,"content":true,"excerpt":false},"nl":{"title":true,"content":true,"excerpt":false}}},"yoast_head":"<!-- This site is optimized with the Yoast SEO plugin v20.13 - https:\/\/yoast.com\/wordpress\/plugins\/seo\/ -->\n<title>- Dorbien Beds - We create your dreams<\/title>\n<meta name=\"robots\" content=\"index, follow, max-snippet:-1, max-image-preview:large, max-video-preview:-1\" \/>\n<link rel=\"canonical\" href=\"https:\/\/www.dorbienbeds.com\/green-collection\/\" \/>\n<meta property=\"og:locale\" content=\"sv_SE\" \/>\n<meta property=\"og:type\" content=\"article\" \/>\n<meta property=\"og:title\" content=\"- Dorbien Beds - We create your dreams\" \/>\n<meta property=\"og:url\" content=\"https:\/\/www.dorbienbeds.com\/green-collection\/\" \/>\n<meta property=\"og:site_name\" content=\"Dorbien Beds - We create your dreams\" \/>\n<meta property=\"article:modified_time\" content=\"2022-02-25T15:28:59+00:00\" \/>\n<meta property=\"og:image\" content=\"https:\/\/www.dorbienbeds.com\/wp-content\/uploads\/2020\/11\/bed-green-continental-I-env.jpg\" \/>\n<meta name=\"twitter:card\" content=\"summary_large_image\" \/>\n<meta name=\"twitter:label1\" content=\"Ber\u00e4knad l\u00e4stid\" \/>\n\t<meta name=\"twitter:data1\" content=\"9 minuter\" \/>\n<script type=\"application\/ld+json\" class=\"yoast-schema-graph\">{\"@context\":\"https:\/\/schema.org\",\"@graph\":[{\"@type\":\"WebPage\",\"@id\":\"https:\/\/www.dorbienbeds.com\/green-collection\/\",\"url\":\"https:\/\/www.dorbienbeds.com\/green-collection\/\",\"name\":\"- Dorbien Beds - We create your dreams\",\"isPartOf\":{\"@id\":\"https:\/\/www.dorbienbeds.com\/#website\"},\"datePublished\":\"2020-11-01T12:32:58+00:00\",\"dateModified\":\"2022-02-25T15:28:59+00:00\",\"description\":\"Haal het bos in huis! Integreer deze natuurlijke producten in je manier van leven en kies bewust voor wat goed is voor je lichaam en het milieu. Als je kiest voor de Green-collectie wil je nooit meer iets anders. Je ervaart het comfort van een matras dat zich snel aanpast aan je lichaam, waardoor je je makkelijk kunt bewegen en omdraaien.\",\"breadcrumb\":{\"@id\":\"https:\/\/www.dorbienbeds.com\/green-collection\/#breadcrumb\"},\"inLanguage\":\"sv-SE\",\"potentialAction\":[{\"@type\":\"ReadAction\",\"target\":[\"https:\/\/www.dorbienbeds.com\/green-collection\/\"]}]},{\"@type\":\"BreadcrumbList\",\"@id\":\"https:\/\/www.dorbienbeds.com\/green-collection\/#breadcrumb\",\"itemListElement\":[{\"@type\":\"ListItem\",\"position\":1,\"name\":\"Hem\",\"item\":\"https:\/\/www.dorbienbeds.com\/\"},{\"@type\":\"ListItem\",\"position\":2,\"name\":\"Green COLLECTION\"}]},{\"@type\":\"WebSite\",\"@id\":\"https:\/\/www.dorbienbeds.com\/#website\",\"url\":\"https:\/\/www.dorbienbeds.com\/\",\"name\":\"Dorbien Beds - We create your dreams\",\"description\":\"\",\"publisher\":{\"@id\":\"https:\/\/www.dorbienbeds.com\/#organization\"},\"potentialAction\":[{\"@type\":\"SearchAction\",\"target\":{\"@type\":\"EntryPoint\",\"urlTemplate\":\"https:\/\/www.dorbienbeds.com\/?s={search_term_string}\"},\"query-input\":\"required name=search_term_string\"}],\"inLanguage\":\"sv-SE\"},{\"@type\":\"Organization\",\"@id\":\"https:\/\/www.dorbienbeds.com\/#organization\",\"name\":\"Dormien Beds\",\"url\":\"https:\/\/www.dorbienbeds.com\/\",\"logo\":{\"@type\":\"ImageObject\",\"inLanguage\":\"sv-SE\",\"@id\":\"https:\/\/www.dorbienbeds.com\/#\/schema\/logo\/image\/\",\"url\":\"https:\/\/www.dorbienbeds.com\/wp-content\/uploads\/2020\/08\/logo-center.png\",\"contentUrl\":\"https:\/\/www.dorbienbeds.com\/wp-content\/uploads\/2020\/08\/logo-center.png\",\"width\":376,\"height\":200,\"caption\":\"Dormien Beds\"},\"image\":{\"@id\":\"https:\/\/www.dorbienbeds.com\/#\/schema\/logo\/image\/\"}}]}<\/script>\n<!-- \/ Yoast SEO plugin. -->","yoast_head_json":{"title":"- Dorbien Beds - We create your dreams","robots":{"index":"index","follow":"follow","max-snippet":"max-snippet:-1","max-image-preview":"max-image-preview:large","max-video-preview":"max-video-preview:-1"},"canonical":"https:\/\/www.dorbienbeds.com\/green-collection\/","og_locale":"sv_SE","og_type":"article","og_title":"- Dorbien Beds - We create your dreams","og_url":"https:\/\/www.dorbienbeds.com\/green-collection\/","og_site_name":"Dorbien Beds - We create your dreams","article_modified_time":"2022-02-25T15:28:59+00:00","og_image":[{"url":"https:\/\/www.dorbienbeds.com\/wp-content\/uploads\/2020\/11\/bed-green-continental-I-env.jpg"}],"twitter_card":"summary_large_image","twitter_misc":{"Ber\u00e4knad l\u00e4stid":"9 minuter"},"schema":{"@context":"https:\/\/schema.org","@graph":[{"@type":"WebPage","@id":"https:\/\/www.dorbienbeds.com\/green-collection\/","url":"https:\/\/www.dorbienbeds.com\/green-collection\/","name":"- Dorbien Beds - We create your dreams","isPartOf":{"@id":"https:\/\/www.dorbienbeds.com\/#website"},"datePublished":"2020-11-01T12:32:58+00:00","dateModified":"2022-02-25T15:28:59+00:00","description":"Haal het bos in huis! Integreer deze natuurlijke producten in je manier van leven en kies bewust voor wat goed is voor je lichaam en het milieu. Als je kiest voor de Green-collectie wil je nooit meer iets anders. Je ervaart het comfort van een matras dat zich snel aanpast aan je lichaam, waardoor je je makkelijk kunt bewegen en omdraaien.","breadcrumb":{"@id":"https:\/\/www.dorbienbeds.com\/green-collection\/#breadcrumb"},"inLanguage":"sv-SE","potentialAction":[{"@type":"ReadAction","target":["https:\/\/www.dorbienbeds.com\/green-collection\/"]}]},{"@type":"BreadcrumbList","@id":"https:\/\/www.dorbienbeds.com\/green-collection\/#breadcrumb","itemListElement":[{"@type":"ListItem","position":1,"name":"Hem","item":"https:\/\/www.dorbienbeds.com\/"},{"@type":"ListItem","position":2,"name":"Green COLLECTION"}]},{"@type":"WebSite","@id":"https:\/\/www.dorbienbeds.com\/#website","url":"https:\/\/www.dorbienbeds.com\/","name":"Dorbien Beds - We create your dreams","description":"","publisher":{"@id":"https:\/\/www.dorbienbeds.com\/#organization"},"potentialAction":[{"@type":"SearchAction","target":{"@type":"EntryPoint","urlTemplate":"https:\/\/www.dorbienbeds.com\/?s={search_term_string}"},"query-input":"required name=search_term_string"}],"inLanguage":"sv-SE"},{"@type":"Organization","@id":"https:\/\/www.dorbienbeds.com\/#organization","name":"Dormien Beds","url":"https:\/\/www.dorbienbeds.com\/","logo":{"@type":"ImageObject","inLanguage":"sv-SE","@id":"https:\/\/www.dorbienbeds.com\/#\/schema\/logo\/image\/","url":"https:\/\/www.dorbienbeds.com\/wp-content\/uploads\/2020\/08\/logo-center.png","contentUrl":"https:\/\/www.dorbienbeds.com\/wp-content\/uploads\/2020\/08\/logo-center.png","width":376,"height":200,"caption":"Dormien Beds"},"image":{"@id":"https:\/\/www.dorbienbeds.com\/#\/schema\/logo\/image\/"}}]}},"_links":{"self":[{"href":"https:\/\/www.dorbienbeds.com\/sv\/wp-json\/wp\/v2\/pages\/584"}],"collection":[{"href":"https:\/\/www.dorbienbeds.com\/sv\/wp-json\/wp\/v2\/pages"}],"about":[{"href":"https:\/\/www.dorbienbeds.com\/sv\/wp-json\/wp\/v2\/types\/page"}],"author":[{"embeddable":true,"href":"https:\/\/www.dorbienbeds.com\/sv\/wp-json\/wp\/v2\/users\/1"}],"replies":[{"embeddable":true,"href":"https:\/\/www.dorbienbeds.com\/sv\/wp-json\/wp\/v2\/comments?post=584"}],"version-history":[{"count":112,"href":"https:\/\/www.dorbienbeds.com\/sv\/wp-json\/wp\/v2\/pages\/584\/revisions"}],"predecessor-version":[{"id":1468,"href":"https:\/\/www.dorbienbeds.com\/sv\/wp-json\/wp\/v2\/pages\/584\/revisions\/1468"}],"wp:attachment":[{"href":"https:\/\/www.dorbienbeds.com\/sv\/wp-json\/wp\/v2\/media?parent=584"}],"curies":[{"name":"wp","href":"https:\/\/api.w.org\/{rel}","templated":true}]}}