{"id":575,"date":"2020-11-01T11:52:31","date_gmt":"2020-11-01T10:52:31","guid":{"rendered":"https:\/\/www.dormienbeds.com\/?page_id=575"},"modified":"2022-02-21T20:39:48","modified_gmt":"2022-02-21T19:39:48","slug":"sports-collection","status":"publish","type":"page","link":"https:\/\/www.dorbienbeds.com\/sv\/sports-collection\/","title":{"rendered":"SPORTS COLLECTION"},"content":{"rendered":"<h1>Sports Collection<\/h1>\n<p style=\"text-align: center;\">En aktiv kropp beh\u00f6ver vila p\u00e5 en responsiv och andningsbar yta. Vi skapade Sports-kollektionen f\u00f6r den som letar efter en smart och flexibel s\u00f6mnl\u00f6sning som minskar belastningen p\u00e5 kroppens tryckpunkter s\u00e5 som h\u00f6fter och axlar.\u00a0<\/p>\n<p style=\"text-align: center;\">\u00a0<\/p>\n<p style=\"text-align: center;\">Sports ger dig r\u00e4tt st\u00f6d till hela kroppen. De lager av pocketres\u00e5r och Smartfiber ** tillsammans med talalaylatex g\u00f6r att du k\u00e4nner att du kan slappna av utan att tumma p\u00e5 h\u00e5llningen.<\/p>\n<p>\t\t\t\t\t\t\t\t\t<img loading=\"lazy\" decoding=\"async\" width=\"1400\" height=\"950\" src=\"https:\/\/www.dorbienbeds.com\/wp-content\/uploads\/2020\/11\/bed-sports-continental-I-env.jpg\" alt=\"\" loading=\"lazy\" srcset=\"https:\/\/www.dorbienbeds.com\/wp-content\/uploads\/2020\/11\/bed-sports-continental-I-env.jpg 1400w, https:\/\/www.dorbienbeds.com\/wp-content\/uploads\/2020\/11\/bed-sports-continental-I-env-300x204.jpg 300w, https:\/\/www.dorbienbeds.com\/wp-content\/uploads\/2020\/11\/bed-sports-continental-I-env-1024x695.jpg 1024w, https:\/\/www.dorbienbeds.com\/wp-content\/uploads\/2020\/11\/bed-sports-continental-I-env-768x521.jpg 768w, https:\/\/www.dorbienbeds.com\/wp-content\/uploads\/2020\/11\/bed-sports-continental-I-env-700x475.jpg 700w\" sizes=\"(max-width: 1400px) 100vw, 1400px\" \/><br \/>\n\t\t\t\t\t\t\t\t\t<img loading=\"lazy\" decoding=\"async\" width=\"1400\" height=\"950\" src=\"https:\/\/www.dorbienbeds.com\/wp-content\/uploads\/2020\/11\/bed-sports-continental-I-prod.jpg\" alt=\"\" loading=\"lazy\" srcset=\"https:\/\/www.dorbienbeds.com\/wp-content\/uploads\/2020\/11\/bed-sports-continental-I-prod.jpg 1400w, https:\/\/www.dorbienbeds.com\/wp-content\/uploads\/2020\/11\/bed-sports-continental-I-prod-300x204.jpg 300w, https:\/\/www.dorbienbeds.com\/wp-content\/uploads\/2020\/11\/bed-sports-continental-I-prod-1024x695.jpg 1024w, https:\/\/www.dorbienbeds.com\/wp-content\/uploads\/2020\/11\/bed-sports-continental-I-prod-768x521.jpg 768w, https:\/\/www.dorbienbeds.com\/wp-content\/uploads\/2020\/11\/bed-sports-continental-I-prod-700x475.jpg 700w\" sizes=\"(max-width: 1400px) 100vw, 1400px\" \/><br \/>\n\t\t\t\t\t\t\t\t\t<img loading=\"lazy\" decoding=\"async\" width=\"960\" height=\"540\" src=\"https:\/\/www.dorbienbeds.com\/wp-content\/uploads\/2021\/01\/Sport1-gif.gif\" alt=\"\" loading=\"lazy\" \/>\t\t\t\t\t<\/p>\n<h2>Sports I<\/h2>\n<p>Ute efter sk\u00f6n s\u00f6mn? Vars\u00e5god att prova mig s\u00e5 ska jag ge din kropp det st\u00f6d den beh\u00f6ver. Du kommer vilja ta med mig hem efter\u00e5t. Oavsett om du provar mig eller om vi sover tillsammans, kommer du k\u00e4nna min stabilitet och hur jag anpassar mig efter din kropp. Komfort \u00e4r mitt mellannamn och jag finns tillg\u00e4nglig i olika fastheter!<\/p>\n<p>\u00a0<\/p>\n<p>\u00a0Om du vill ha mig i en justerbar version l\u00e4s mer om\u00a0<a href=\"#exclusive\">Sports Exclusive<\/a>.<\/p>\n<h2>Sports II<\/h2>\n<p>Jag finns h\u00e4r n\u00e4r du beh\u00f6ver djup avkoppling efter dina mest utmanande stunder,&nbsp;oavsett om det \u00e4r efter h\u00e5rdtr\u00e4ning eller bara efter en stressig dag. Jag \u00e4r din b\u00e4sta v\u00e4n i v\u00e5tt och torrt. Min design best\u00e5r av ett Triple Pocket-system som ger dig en h\u00e4rlig k\u00e4nsla av djup och&nbsp; perfekt st\u00f6d. Du kan v\u00e4lja mig i din favoritfasthet och som om det vore magi kan jag ge dig underbar s\u00f6mn.&nbsp;<\/p>\n<\/p>\n<p>Pssst: Jag finns ocks\u00e5 tillg\u00e4nglig i en justerbar modell. L\u00e4s mer h\u00e4r, <a href=\"#extreme\">Sports Extreme<\/a>.<\/p>\n<p>\t\t\t\t\t\t\t\t\t<img loading=\"lazy\" decoding=\"async\" width=\"1400\" height=\"950\" src=\"https:\/\/www.dorbienbeds.com\/wp-content\/uploads\/2020\/11\/bed-sports-continental-II-env.jpg\" alt=\"\" loading=\"lazy\" srcset=\"https:\/\/www.dorbienbeds.com\/wp-content\/uploads\/2020\/11\/bed-sports-continental-II-env.jpg 1400w, https:\/\/www.dorbienbeds.com\/wp-content\/uploads\/2020\/11\/bed-sports-continental-II-env-300x204.jpg 300w, https:\/\/www.dorbienbeds.com\/wp-content\/uploads\/2020\/11\/bed-sports-continental-II-env-1024x695.jpg 1024w, https:\/\/www.dorbienbeds.com\/wp-content\/uploads\/2020\/11\/bed-sports-continental-II-env-768x521.jpg 768w, https:\/\/www.dorbienbeds.com\/wp-content\/uploads\/2020\/11\/bed-sports-continental-II-env-700x475.jpg 700w\" sizes=\"(max-width: 1400px) 100vw, 1400px\" \/><br \/>\n\t\t\t\t\t\t\t\t\t<img loading=\"lazy\" decoding=\"async\" width=\"1400\" height=\"950\" src=\"https:\/\/www.dorbienbeds.com\/wp-content\/uploads\/2020\/11\/bed-sports-continental-II-prod.jpg\" alt=\"\" loading=\"lazy\" srcset=\"https:\/\/www.dorbienbeds.com\/wp-content\/uploads\/2020\/11\/bed-sports-continental-II-prod.jpg 1400w, https:\/\/www.dorbienbeds.com\/wp-content\/uploads\/2020\/11\/bed-sports-continental-II-prod-300x204.jpg 300w, https:\/\/www.dorbienbeds.com\/wp-content\/uploads\/2020\/11\/bed-sports-continental-II-prod-1024x695.jpg 1024w, https:\/\/www.dorbienbeds.com\/wp-content\/uploads\/2020\/11\/bed-sports-continental-II-prod-768x521.jpg 768w, https:\/\/www.dorbienbeds.com\/wp-content\/uploads\/2020\/11\/bed-sports-continental-II-prod-700x475.jpg 700w\" sizes=\"(max-width: 1400px) 100vw, 1400px\" \/><br \/>\n\t\t\t\t\t\t\t\t\t<img loading=\"lazy\" decoding=\"async\" width=\"960\" height=\"540\" src=\"https:\/\/www.dorbienbeds.com\/wp-content\/uploads\/2021\/01\/Sport2-gif.gif\" alt=\"\" loading=\"lazy\" \/><br \/>\n\t\t\t\t\t\t\t\t\t<img loading=\"lazy\" decoding=\"async\" width=\"1400\" height=\"950\" src=\"https:\/\/www.dorbienbeds.com\/wp-content\/uploads\/2020\/11\/bed-sports-exclusive-env.jpg\" alt=\"\" loading=\"lazy\" srcset=\"https:\/\/www.dorbienbeds.com\/wp-content\/uploads\/2020\/11\/bed-sports-exclusive-env.jpg 1400w, https:\/\/www.dorbienbeds.com\/wp-content\/uploads\/2020\/11\/bed-sports-exclusive-env-300x204.jpg 300w, https:\/\/www.dorbienbeds.com\/wp-content\/uploads\/2020\/11\/bed-sports-exclusive-env-1024x695.jpg 1024w, https:\/\/www.dorbienbeds.com\/wp-content\/uploads\/2020\/11\/bed-sports-exclusive-env-768x521.jpg 768w, https:\/\/www.dorbienbeds.com\/wp-content\/uploads\/2020\/11\/bed-sports-exclusive-env-700x475.jpg 700w\" sizes=\"(max-width: 1400px) 100vw, 1400px\" \/><br \/>\n\t\t\t\t\t\t\t\t\t<img loading=\"lazy\" decoding=\"async\" width=\"1400\" height=\"950\" src=\"https:\/\/www.dorbienbeds.com\/wp-content\/uploads\/2020\/11\/bed-sports-exclusive-prod.jpg\" alt=\"\" loading=\"lazy\" srcset=\"https:\/\/www.dorbienbeds.com\/wp-content\/uploads\/2020\/11\/bed-sports-exclusive-prod.jpg 1400w, https:\/\/www.dorbienbeds.com\/wp-content\/uploads\/2020\/11\/bed-sports-exclusive-prod-300x204.jpg 300w, https:\/\/www.dorbienbeds.com\/wp-content\/uploads\/2020\/11\/bed-sports-exclusive-prod-1024x695.jpg 1024w, https:\/\/www.dorbienbeds.com\/wp-content\/uploads\/2020\/11\/bed-sports-exclusive-prod-768x521.jpg 768w, https:\/\/www.dorbienbeds.com\/wp-content\/uploads\/2020\/11\/bed-sports-exclusive-prod-700x475.jpg 700w\" sizes=\"(max-width: 1400px) 100vw, 1400px\" \/><br \/>\n\t\t\t\t\t\t\t\t\t<img loading=\"lazy\" decoding=\"async\" width=\"960\" height=\"540\" src=\"https:\/\/www.dorbienbeds.com\/wp-content\/uploads\/2021\/01\/sportexclusivegif.gif\" alt=\"\" loading=\"lazy\" \/>\t\t\t\t\t<\/p>\n<h2>Sports Exclusive<\/h2>\n<p>Jag \u00e4r den perfekta kombinationen av en rams\u00e4ng och en justerbar s\u00e4ng. Prova min design om du letar efter en mer robust och stabil komfort!<\/p>\n<h2>Sports Extreme<\/h2>\n<p>Jag \u00e4r den justerbara versionen av mitt syskon Sport II. Min design tar hand om din kropp medan du sover, f\u00f6ljer dina r\u00f6relser men ger dig den unika stabilitetsk\u00e4nslan hos Sportfamiljen. Min fj\u00e4rrkontroll g\u00f6r att du har kontroll \u00f6ver dina b\u00e4sta positioner!<\/p>\n<p>\t\t\t\t\t\t\t\t\t<img loading=\"lazy\" decoding=\"async\" width=\"1400\" height=\"950\" src=\"https:\/\/www.dorbienbeds.com\/wp-content\/uploads\/2020\/11\/bed-sports-extreme-ny-env.jpg\" alt=\"\" loading=\"lazy\" srcset=\"https:\/\/www.dorbienbeds.com\/wp-content\/uploads\/2020\/11\/bed-sports-extreme-ny-env.jpg 1400w, https:\/\/www.dorbienbeds.com\/wp-content\/uploads\/2020\/11\/bed-sports-extreme-ny-env-300x204.jpg 300w, https:\/\/www.dorbienbeds.com\/wp-content\/uploads\/2020\/11\/bed-sports-extreme-ny-env-1024x695.jpg 1024w, https:\/\/www.dorbienbeds.com\/wp-content\/uploads\/2020\/11\/bed-sports-extreme-ny-env-768x521.jpg 768w, https:\/\/www.dorbienbeds.com\/wp-content\/uploads\/2020\/11\/bed-sports-extreme-ny-env-700x475.jpg 700w\" sizes=\"(max-width: 1400px) 100vw, 1400px\" \/><br \/>\n\t\t\t\t\t\t\t\t\t<img loading=\"lazy\" decoding=\"async\" width=\"1400\" height=\"950\" src=\"https:\/\/www.dorbienbeds.com\/wp-content\/uploads\/2020\/11\/bed-sports-extreme-prod.jpg\" alt=\"\" loading=\"lazy\" srcset=\"https:\/\/www.dorbienbeds.com\/wp-content\/uploads\/2020\/11\/bed-sports-extreme-prod.jpg 1400w, https:\/\/www.dorbienbeds.com\/wp-content\/uploads\/2020\/11\/bed-sports-extreme-prod-300x204.jpg 300w, https:\/\/www.dorbienbeds.com\/wp-content\/uploads\/2020\/11\/bed-sports-extreme-prod-1024x695.jpg 1024w, https:\/\/www.dorbienbeds.com\/wp-content\/uploads\/2020\/11\/bed-sports-extreme-prod-768x521.jpg 768w, https:\/\/www.dorbienbeds.com\/wp-content\/uploads\/2020\/11\/bed-sports-extreme-prod-700x475.jpg 700w\" sizes=\"(max-width: 1400px) 100vw, 1400px\" \/><br \/>\n\t\t\t\t\t\t\t\t\t<img loading=\"lazy\" decoding=\"async\" width=\"960\" height=\"540\" src=\"https:\/\/www.dorbienbeds.com\/wp-content\/uploads\/2021\/01\/sportextreme-gif.gif\" alt=\"\" loading=\"lazy\" \/><\/p>\n","protected":false},"excerpt":{"rendered":"<p>Sports Collection En aktiv kropp beh\u00f6ver vila p\u00e5 en responsiv och andningsbar yta. Vi skapade Sports-kollektionen f\u00f6r den som letar efter en smart och flexibel s\u00f6mnl\u00f6sning som minskar belastningen p\u00e5 kroppens tryckpunkter s\u00e5 som h\u00f6fter och axlar.\u00a0 \u00a0 Sports ger dig r\u00e4tt st\u00f6d till hela&#8230;<\/p>\n","protected":false},"author":1,"featured_media":0,"parent":0,"menu_order":0,"comment_status":"closed","ping_status":"closed","template":"elementor_header_footer","meta":[],"translation":{"provider":"WPGlobus","version":"2.12.2","language":"sv","enabled_languages":["en","sv","nl"],"languages":{"en":{"title":true,"content":true,"excerpt":false},"sv":{"title":true,"content":true,"excerpt":false},"nl":{"title":true,"content":true,"excerpt":false}}},"yoast_head":"<!-- This site is optimized with the Yoast SEO plugin v20.13 - https:\/\/yoast.com\/wordpress\/plugins\/seo\/ -->\n<title>- Dorbien Beds - We create your dreams<\/title>\n<meta name=\"robots\" content=\"index, follow, max-snippet:-1, max-image-preview:large, max-video-preview:-1\" \/>\n<link rel=\"canonical\" href=\"https:\/\/www.dorbienbeds.com\/sports-collection\/\" \/>\n<meta property=\"og:locale\" content=\"sv_SE\" \/>\n<meta property=\"og:type\" content=\"article\" \/>\n<meta property=\"og:title\" content=\"- Dorbien Beds - We create your dreams\" \/>\n<meta property=\"og:url\" content=\"https:\/\/www.dorbienbeds.com\/sports-collection\/\" \/>\n<meta property=\"og:site_name\" content=\"Dorbien Beds - We create your dreams\" \/>\n<meta property=\"article:modified_time\" content=\"2022-02-21T19:39:48+00:00\" \/>\n<meta property=\"og:image\" content=\"https:\/\/www.dorbienbeds.com\/wp-content\/uploads\/2020\/11\/bed-sports-continental-I-env.jpg\" \/>\n<meta name=\"twitter:card\" content=\"summary_large_image\" \/>\n<meta name=\"twitter:label1\" content=\"Ber\u00e4knad l\u00e4stid\" \/>\n\t<meta name=\"twitter:data1\" content=\"4 minuter\" \/>\n<script type=\"application\/ld+json\" class=\"yoast-schema-graph\">{\"@context\":\"https:\/\/schema.org\",\"@graph\":[{\"@type\":\"WebPage\",\"@id\":\"https:\/\/www.dorbienbeds.com\/sports-collection\/\",\"url\":\"https:\/\/www.dorbienbeds.com\/sports-collection\/\",\"name\":\"- Dorbien Beds - We create your dreams\",\"isPartOf\":{\"@id\":\"https:\/\/www.dorbienbeds.com\/#website\"},\"datePublished\":\"2020-11-01T10:52:31+00:00\",\"dateModified\":\"2022-02-21T19:39:48+00:00\",\"breadcrumb\":{\"@id\":\"https:\/\/www.dorbienbeds.com\/sports-collection\/#breadcrumb\"},\"inLanguage\":\"sv-SE\",\"potentialAction\":[{\"@type\":\"ReadAction\",\"target\":[\"https:\/\/www.dorbienbeds.com\/sports-collection\/\"]}]},{\"@type\":\"BreadcrumbList\",\"@id\":\"https:\/\/www.dorbienbeds.com\/sports-collection\/#breadcrumb\",\"itemListElement\":[{\"@type\":\"ListItem\",\"position\":1,\"name\":\"Hem\",\"item\":\"https:\/\/www.dorbienbeds.com\/\"},{\"@type\":\"ListItem\",\"position\":2,\"name\":\"SPORTS COLLECTION\"}]},{\"@type\":\"WebSite\",\"@id\":\"https:\/\/www.dorbienbeds.com\/#website\",\"url\":\"https:\/\/www.dorbienbeds.com\/\",\"name\":\"Dorbien Beds - We create your dreams\",\"description\":\"\",\"publisher\":{\"@id\":\"https:\/\/www.dorbienbeds.com\/#organization\"},\"potentialAction\":[{\"@type\":\"SearchAction\",\"target\":{\"@type\":\"EntryPoint\",\"urlTemplate\":\"https:\/\/www.dorbienbeds.com\/?s={search_term_string}\"},\"query-input\":\"required name=search_term_string\"}],\"inLanguage\":\"sv-SE\"},{\"@type\":\"Organization\",\"@id\":\"https:\/\/www.dorbienbeds.com\/#organization\",\"name\":\"Dormien Beds\",\"url\":\"https:\/\/www.dorbienbeds.com\/\",\"logo\":{\"@type\":\"ImageObject\",\"inLanguage\":\"sv-SE\",\"@id\":\"https:\/\/www.dorbienbeds.com\/#\/schema\/logo\/image\/\",\"url\":\"https:\/\/www.dorbienbeds.com\/wp-content\/uploads\/2020\/08\/logo-center.png\",\"contentUrl\":\"https:\/\/www.dorbienbeds.com\/wp-content\/uploads\/2020\/08\/logo-center.png\",\"width\":376,\"height\":200,\"caption\":\"Dormien Beds\"},\"image\":{\"@id\":\"https:\/\/www.dorbienbeds.com\/#\/schema\/logo\/image\/\"}}]}<\/script>\n<!-- \/ Yoast SEO plugin. -->","yoast_head_json":{"title":"- Dorbien Beds - We create your dreams","robots":{"index":"index","follow":"follow","max-snippet":"max-snippet:-1","max-image-preview":"max-image-preview:large","max-video-preview":"max-video-preview:-1"},"canonical":"https:\/\/www.dorbienbeds.com\/sports-collection\/","og_locale":"sv_SE","og_type":"article","og_title":"- Dorbien Beds - We create your dreams","og_url":"https:\/\/www.dorbienbeds.com\/sports-collection\/","og_site_name":"Dorbien Beds - We create your dreams","article_modified_time":"2022-02-21T19:39:48+00:00","og_image":[{"url":"https:\/\/www.dorbienbeds.com\/wp-content\/uploads\/2020\/11\/bed-sports-continental-I-env.jpg"}],"twitter_card":"summary_large_image","twitter_misc":{"Ber\u00e4knad l\u00e4stid":"4 minuter"},"schema":{"@context":"https:\/\/schema.org","@graph":[{"@type":"WebPage","@id":"https:\/\/www.dorbienbeds.com\/sports-collection\/","url":"https:\/\/www.dorbienbeds.com\/sports-collection\/","name":"- Dorbien Beds - We create your dreams","isPartOf":{"@id":"https:\/\/www.dorbienbeds.com\/#website"},"datePublished":"2020-11-01T10:52:31+00:00","dateModified":"2022-02-21T19:39:48+00:00","breadcrumb":{"@id":"https:\/\/www.dorbienbeds.com\/sports-collection\/#breadcrumb"},"inLanguage":"sv-SE","potentialAction":[{"@type":"ReadAction","target":["https:\/\/www.dorbienbeds.com\/sports-collection\/"]}]},{"@type":"BreadcrumbList","@id":"https:\/\/www.dorbienbeds.com\/sports-collection\/#breadcrumb","itemListElement":[{"@type":"ListItem","position":1,"name":"Hem","item":"https:\/\/www.dorbienbeds.com\/"},{"@type":"ListItem","position":2,"name":"SPORTS COLLECTION"}]},{"@type":"WebSite","@id":"https:\/\/www.dorbienbeds.com\/#website","url":"https:\/\/www.dorbienbeds.com\/","name":"Dorbien Beds - We create your dreams","description":"","publisher":{"@id":"https:\/\/www.dorbienbeds.com\/#organization"},"potentialAction":[{"@type":"SearchAction","target":{"@type":"EntryPoint","urlTemplate":"https:\/\/www.dorbienbeds.com\/?s={search_term_string}"},"query-input":"required name=search_term_string"}],"inLanguage":"sv-SE"},{"@type":"Organization","@id":"https:\/\/www.dorbienbeds.com\/#organization","name":"Dormien Beds","url":"https:\/\/www.dorbienbeds.com\/","logo":{"@type":"ImageObject","inLanguage":"sv-SE","@id":"https:\/\/www.dorbienbeds.com\/#\/schema\/logo\/image\/","url":"https:\/\/www.dorbienbeds.com\/wp-content\/uploads\/2020\/08\/logo-center.png","contentUrl":"https:\/\/www.dorbienbeds.com\/wp-content\/uploads\/2020\/08\/logo-center.png","width":376,"height":200,"caption":"Dormien Beds"},"image":{"@id":"https:\/\/www.dorbienbeds.com\/#\/schema\/logo\/image\/"}}]}},"_links":{"self":[{"href":"https:\/\/www.dorbienbeds.com\/sv\/wp-json\/wp\/v2\/pages\/575"}],"collection":[{"href":"https:\/\/www.dorbienbeds.com\/sv\/wp-json\/wp\/v2\/pages"}],"about":[{"href":"https:\/\/www.dorbienbeds.com\/sv\/wp-json\/wp\/v2\/types\/page"}],"author":[{"embeddable":true,"href":"https:\/\/www.dorbienbeds.com\/sv\/wp-json\/wp\/v2\/users\/1"}],"replies":[{"embeddable":true,"href":"https:\/\/www.dorbienbeds.com\/sv\/wp-json\/wp\/v2\/comments?post=575"}],"version-history":[{"count":57,"href":"https:\/\/www.dorbienbeds.com\/sv\/wp-json\/wp\/v2\/pages\/575\/revisions"}],"predecessor-version":[{"id":1444,"href":"https:\/\/www.dorbienbeds.com\/sv\/wp-json\/wp\/v2\/pages\/575\/revisions\/1444"}],"wp:attachment":[{"href":"https:\/\/www.dorbienbeds.com\/sv\/wp-json\/wp\/v2\/media?parent=575"}],"curies":[{"name":"wp","href":"https:\/\/api.w.org\/{rel}","templated":true}]}}