{"id":456,"date":"2020-10-31T10:45:17","date_gmt":"2020-10-31T09:45:17","guid":{"rendered":"https:\/\/www.dormienbeds.com\/?page_id=456"},"modified":"2024-06-20T07:43:06","modified_gmt":"2024-06-20T05:43:06","slug":"toppers","status":"publish","type":"page","link":"https:\/\/www.dorbienbeds.com\/sv\/toppers\/","title":{"rendered":"TOPPERS"},"content":{"rendered":"<h1>B\u00e4ddmadrasser<\/h1>\n<p style=\"text-align: center;\">Att v\u00e4lja b\u00e4ddmadrass \u00e4r ett v\u00e4ldigt viktigt beslut. En l\u00e5ng text som f\u00f6rklarar hur bra v\u00e5ra b\u00e4ddmadrasser \u00e4r ingenting i j\u00e4mf\u00f6relse med att faktiskt prova dom p\u00e5 riktigt. Faktum \u00e4r att n\u00e4r du v\u00e4l provar, se d\u00e5 till att inte komma f\u00f6r sent till vad du \u00e4n hade planerat att g\u00f6ra efter\u00e5t. Risken finns att du somnar n\u00e4r du v\u00e4l provar en s\u00e4ng fr\u00e5n Dorbien\u2026<\/p>\n<p style=\"text-align: center;\">\u00c4r du fortfarande nyfiken och inte kan v\u00e4nta p\u00e5 att f\u00e5 prova? D\u00e5 har vi h\u00e4r f\u00f6rberett en produkt\u00f6versikt som ett litet smakprov!<\/p>\n<p style=\"text-align: center;\">L\u00e5t oss kortfattat presentera v\u00e5ra b\u00e4ddmadrasser:<\/p>\n<p>\t\t\t\t\t\t\t\t\t\t\t\t\t<img fetchpriority=\"high\" decoding=\"async\" width=\"500\" height=\"500\" src=\"https:\/\/www.dorbienbeds.com\/wp-content\/uploads\/2024\/06\/DSC3136-sports-500x500.jpg\" alt=\"\" srcset=\"https:\/\/www.dorbienbeds.com\/wp-content\/uploads\/2024\/06\/DSC3136-sports-500x500.jpg 500w, https:\/\/www.dorbienbeds.com\/wp-content\/uploads\/2024\/06\/DSC3136-sports-150x150.jpg 150w, https:\/\/www.dorbienbeds.com\/wp-content\/uploads\/2024\/06\/DSC3136-sports-570x570.jpg 570w, https:\/\/www.dorbienbeds.com\/wp-content\/uploads\/2024\/06\/DSC3136-sports-1000x1000.jpg 1000w\" sizes=\"(max-width: 500px) 100vw, 500px\" \/>\t\t\t\t\t\t\t\t\t\t\t\t\t<\/p>\n<h2>Dorbien Sports<\/h2>\n<p>V\u00e5r Dorbien Sports b\u00e4ddmadrass \u00e4r speciellt utformad f\u00f6r dig med en aktiv livsstil. N\u00e4r din kropp och ditt sinne st\u00e4ndigt \u00e4r p\u00e5 spr\u00e5ng och du jonglerar med dagliga g\u00f6rom\u00e5l, sitter bakom ratten i kanske flera timmar, rusar fram mellan m\u00f6ten och h\u00e4mtning och l\u00e4mning av barnen eller ett sista minuten bes\u00f6k till aff\u00e4ren, uts\u00e4tter du din kropp f\u00f6r mycket stress. Oj\u00e4mn belastning p\u00e5 rygg, nacke, armar och ben \u00e4r n\u00e5gra av de bieffekter som en hektisk vardag skapar. Detta leder till sp\u00e4nningar i kroppen som i sin tur p\u00e5verkar din s\u00f6mn.\u00a0 K\u00e4nn l\u00e4ttnaden av att sova p\u00e5 en madrass som \u00e4r extra anpassningsbar efter dina nattr\u00f6relser, som frig\u00f6r sp\u00e4nningar p\u00e5 tryckpunkter och ger dina axlar och h\u00f6fter sk\u00f6n avlastning. Vila p\u00e5 riktigt.<\/p>\n<p>K\u00e4rnan i Dorbien Sports b\u00e4ddmadrass \u00e4r tillverkad av talalay latex. Det \u00e4r ett naturligt och v\u00e4xtbaserat\u00a0 alternativ till syntetiskt latex. Det avger en mjuk k\u00e4nsla utan att bli f\u00f6r mjuk. P\u00e5 b\u00e5da sidor av k\u00e4rnan av talalay och precis under v\u00e5rt \u00f6verdrag i 100% bomull lade vi till ett lager med Smartfiber**. Det ger ett luftfl\u00f6de n\u00e4ra ytan som \u00e4r i kontakt med din kropp.\u00a0<\/p>\n<h2>Dorbien Green<\/h2>\n<p>B\u00e4ddmadrassen Dorbien Green \u00e4r f\u00f6r dig som \u00e4r ute efter en lite fastare b\u00e4ddmadrass men utan att det blir f\u00f6r h\u00e5rt.\u00a0<\/p>\n<p>Som v\u00e5ra andra modeller har den en k\u00e4rna av talalay latex som g\u00f6r att din kropp kan r\u00f6ra sig medan du sover och ge avlastning \u00e5t kroppens tryckpunkter. Vi har lagt till ullfiber i v\u00e5r Dorbien Green f\u00f6r att kunna ge dig en stadigare k\u00e4nsla samt flera andra f\u00f6rdelaktiga egenskaper som kommer g\u00f6ra att du sover gott. Ull \u00e4r ett naturligt s\u00e4tt att kontrollera din kroppstemperatur. Dessa egenskaper har varit k\u00e4nda genom tiderna och anv\u00e4nts flitigt i m\u00e5nga olika sammanhang, till exempel i kl\u00e4der f\u00f6r s\u00e5v\u00e4l inomhus och utomhus som f\u00f6r sportbruk.<\/p>\n<p>Tack vare dess naturligt krulliga form och sammans\u00e4ttning h\u00e5ller den dig varm p\u00e5 vintern och sval p\u00e5 sommaren. Och som en bonus \u00e4r ull b\u00e5de naturligt brandh\u00e4mmande och allergiv\u00e4nligt.\u00a0<\/p>\n<p>Dorbien Green-fodralet \u00e4r tillverkat\u00a0 av 100% bomull som ger ytterligare fuktabsorption och temperaturkontroll.\u00a0<\/p>\n<p>\t\t\t\t\t\t\t\t\t\t\t\t\t<img decoding=\"async\" width=\"500\" height=\"500\" src=\"https:\/\/www.dorbienbeds.com\/wp-content\/uploads\/2024\/06\/DSC3132-green-500x500.jpg\" alt=\"\" srcset=\"https:\/\/www.dorbienbeds.com\/wp-content\/uploads\/2024\/06\/DSC3132-green-500x500.jpg 500w, https:\/\/www.dorbienbeds.com\/wp-content\/uploads\/2024\/06\/DSC3132-green-150x150.jpg 150w, https:\/\/www.dorbienbeds.com\/wp-content\/uploads\/2024\/06\/DSC3132-green-570x570.jpg 570w, https:\/\/www.dorbienbeds.com\/wp-content\/uploads\/2024\/06\/DSC3132-green-1000x1000.jpg 1000w\" sizes=\"(max-width: 500px) 100vw, 500px\" \/><br \/>\n\t\t\t\t\t\t\t\t\t\t\t\t\t<img decoding=\"async\" width=\"500\" height=\"500\" src=\"https:\/\/www.dorbienbeds.com\/wp-content\/uploads\/2024\/06\/DSC3123-nature-500x500.jpg\" alt=\"\" srcset=\"https:\/\/www.dorbienbeds.com\/wp-content\/uploads\/2024\/06\/DSC3123-nature-500x500.jpg 500w, https:\/\/www.dorbienbeds.com\/wp-content\/uploads\/2024\/06\/DSC3123-nature-150x150.jpg 150w, https:\/\/www.dorbienbeds.com\/wp-content\/uploads\/2024\/06\/DSC3123-nature-570x570.jpg 570w, https:\/\/www.dorbienbeds.com\/wp-content\/uploads\/2024\/06\/DSC3123-nature-1000x1000.jpg 1000w\" sizes=\"(max-width: 500px) 100vw, 500px\" \/>\t\t\t\t\t\t\t\t\t\t\t\t\t<\/p>\n<h2>Dorbien Nature<\/h2>\n<p>Namnet s\u00e4ger allt&#8230; Skapat med s\u00e4rskilt noggrant utvalda lager av organiska fiber som tillsammans med v\u00e5r v\u00e4xtbaserade signaturk\u00e4rna \u00e4r Dorbien Nature det perfekta valet f\u00f6r dig som vill ha \u00f6verl\u00e4gsen komfort och det allra b\u00e4sta fr\u00e5n moder jord i ett. Dorbien\u00a0Nature andas v\u00e4l tack vare lagren av bomull, ull och h\u00e4sth\u00e5r. Dessa fungerar v\u00e4l tillsammans f\u00f6r att l\u00e5ta luft cirkulera, f\u00e5 bort fukt och att g\u00f6ra temperaturen n\u00e4ra kroppen naturligt justerad.\u00a0<\/p>\n<p>K\u00e4rnan i Dorbien Nature \u00e4r gjort av talalay latex vilket g\u00f6r b\u00e4ddmadrassen extra flexibel och f\u00f6ljsam efter din kroppsform och r\u00f6relse.\u00a0 De naturliga fibrerna p\u00e5 b\u00e5da sidor om k\u00e4rnan balanserar den h\u00f6ga flexibiliteten med extra struktur och mjukhet. Den f\u00f6rsta k\u00e4nslan som du kommer m\u00f6tas av n\u00e4r du l\u00e4gger dig i s\u00e4ngen \u00e4r en fullst\u00e4ndig befrielse av belastning fr\u00e5n dina tryckpunkter som h\u00f6fter och axlar. Den f\u00f6rsta k\u00e4nslan du kommer ha n\u00e4r du ska g\u00e5 upp \u00e4r utvilad men du skulle kunna ligga kvar f\u00f6r att det \u00e4r s\u00e5 bekv\u00e4mt.<\/p>\n<h2><font face=\"EB Garamond, sans-serif\">Dorbien Pure<\/font><\/h2>\n<p>F\u00f6r dig som \u00f6nskar 100% h\u00e4sttagel, ull och bomull. En b\u00e4ddmadrass som andas, transporterar bort fukt, reglerar temperaturen och erbjuder en fantastisk ytmjukhet. Ren och sk\u00e4r lyx helt enkelt.<\/p>\n<p>\t\t\t\t\t\t\t\t\t\t\t\t\t<img loading=\"lazy\" decoding=\"async\" width=\"480\" height=\"500\" src=\"https:\/\/www.dorbienbeds.com\/wp-content\/uploads\/2024\/05\/7irlpk7d2g6ete4mnb9hc-480x500.jpeg\" alt=\"\" \/>\t\t\t\t\t\t\t\t\t\t\t\t\t<\/p>\n<h1>Naturmaterial<\/h1>\n<h2>Vad \u00e4r s\u00e5 speciellt med naturmaterial?<br \/>\nF\u00f6rutom det faktum att naturmaterial har en mindre p\u00e5verkan p\u00e5 milj\u00f6n, har dom ocks\u00e5 flertalet egenskaper som \u00e4r positiva f\u00f6r sovmilj\u00f6n.<\/p>\n<p>Uppt\u00e4ck f\u00f6rdelarna:<\/h2>\n<p>\t\t\t\t\t\t\t\t\t\t\t\t\t<img loading=\"lazy\" decoding=\"async\" width=\"900\" height=\"380\" src=\"https:\/\/www.dorbienbeds.com\/wp-content\/uploads\/2020\/11\/cotton-presentation.jpg\" alt=\"\" srcset=\"https:\/\/www.dorbienbeds.com\/wp-content\/uploads\/2020\/11\/cotton-presentation.jpg 900w, https:\/\/www.dorbienbeds.com\/wp-content\/uploads\/2020\/11\/cotton-presentation-300x127.jpg 300w, https:\/\/www.dorbienbeds.com\/wp-content\/uploads\/2020\/11\/cotton-presentation-768x324.jpg 768w, https:\/\/www.dorbienbeds.com\/wp-content\/uploads\/2020\/11\/cotton-presentation-700x296.jpg 700w\" sizes=\"(max-width: 900px) 100vw, 900px\" \/>\t\t\t\t\t\t\t\t\t\t\t\t\t<\/p>\n<h2 style=\"text-align: center;\">Bomull<\/h2>\n<p style=\"text-align: center;\">Bomullsfibrer \u00e4r naturligt mjuka, svala, slitstarka och andas.\u00a0 Visste du att om man blandar dom med ullfiber s\u00e5 f\u00e5r man en v\u00e4v som kan g\u00f6ra insidan av din s\u00e4ng till och med \u00e4nnu mer h\u00e5llbar och bekv\u00e4m?<\/p>\n<p style=\"text-align: center;\">Alla Dorbien-s\u00e4ngar och b\u00e4ddmadrasser har ytskikt med tyger av 100% bomull.<\/p>\n<p>\t\t\t\t\t\t\t\t\t\t\t\t\t<img loading=\"lazy\" decoding=\"async\" width=\"900\" height=\"380\" src=\"https:\/\/www.dorbienbeds.com\/wp-content\/uploads\/2020\/11\/wool-presentation.jpg\" alt=\"\" srcset=\"https:\/\/www.dorbienbeds.com\/wp-content\/uploads\/2020\/11\/wool-presentation.jpg 900w, https:\/\/www.dorbienbeds.com\/wp-content\/uploads\/2020\/11\/wool-presentation-300x127.jpg 300w, https:\/\/www.dorbienbeds.com\/wp-content\/uploads\/2020\/11\/wool-presentation-768x324.jpg 768w, https:\/\/www.dorbienbeds.com\/wp-content\/uploads\/2020\/11\/wool-presentation-700x296.jpg 700w\" sizes=\"(max-width: 900px) 100vw, 900px\" \/>\t\t\t\t\t\t\t\t\t\t\t\t\t<\/p>\n<h2 style=\"text-align: center;\">Ull<\/h2>\n<p style=\"text-align: center;\">Ull \u00e4r isolerande, brandh\u00e4mmande och extremt h\u00e5llbart. Det beh\u00e5ller inga lukter och kan st\u00f6ta bort smuts som skapar en og\u00e4stv\u00e4nlig milj\u00f6 f\u00f6r dammkvalster och liknande. Ull i en s\u00e4ng eller b\u00e4ddmadrass \u00e4r v\u00e4ldigt bekv\u00e4mt tack vare dess naturliga egenskaper. Temperaturen regleras vilket betyder att ullen h\u00e5ller dig sval p\u00e5 sommaren och varm p\u00e5 vintern. Det \u00e4r just av den h\u00e4r anledningen som det \u00e4r ett f\u00f6redraget material i utomhuskl\u00e4der och specialkl\u00e4der.<\/p>\n<p>\t\t\t\t\t\t\t\t\t\t\t\t\t<img loading=\"lazy\" decoding=\"async\" width=\"900\" height=\"380\" src=\"https:\/\/www.dorbienbeds.com\/wp-content\/uploads\/2020\/11\/horsehair.jpg\" alt=\"\" srcset=\"https:\/\/www.dorbienbeds.com\/wp-content\/uploads\/2020\/11\/horsehair.jpg 900w, https:\/\/www.dorbienbeds.com\/wp-content\/uploads\/2020\/11\/horsehair-300x127.jpg 300w, https:\/\/www.dorbienbeds.com\/wp-content\/uploads\/2020\/11\/horsehair-768x324.jpg 768w, https:\/\/www.dorbienbeds.com\/wp-content\/uploads\/2020\/11\/horsehair-700x296.jpg 700w\" sizes=\"(max-width: 900px) 100vw, 900px\" \/>\t\t\t\t\t\t\t\t\t\t\t\t\t<\/p>\n<h2 style=\"text-align: center;\">H\u00e4sttagel<\/h2>\n<p style=\"text-align: center;\">H\u00e4sttagel \u00e4r ett biologiskt nedbrytbart fiber som kan anv\u00e4ndas till flera anv\u00e4ndningsomr\u00e5den samt \u00e4r extremt starkt. Det har anv\u00e4nts sedan urminnes tider inom m\u00f6belindustrin p\u00e5 grund av dess h\u00e5llbarhet och styrka. Det har \u00e4ven f\u00f6rm\u00e5gan att absorbera samt leda bort fukt. M\u00e4nniskokroppen tappar mycket fukt under s\u00f6mnen s\u00e5 den \u00e4r perfekt att anv\u00e4ndas f\u00f6r att skapa en torrare milj\u00f6. Vi g\u00f6r taglet lockigt genom en naturlig process som g\u00f6r det fluffigt och fantastiskt bekv\u00e4mt!\u00a0<\/p>\n<p>\t\t\t\t\t\t\t\t\t\t\t\t\t<img loading=\"lazy\" decoding=\"async\" width=\"900\" height=\"380\" src=\"https:\/\/www.dorbienbeds.com\/wp-content\/uploads\/2020\/11\/talalay.jpg\" alt=\"\" srcset=\"https:\/\/www.dorbienbeds.com\/wp-content\/uploads\/2020\/11\/talalay.jpg 900w, https:\/\/www.dorbienbeds.com\/wp-content\/uploads\/2020\/11\/talalay-300x127.jpg 300w, https:\/\/www.dorbienbeds.com\/wp-content\/uploads\/2020\/11\/talalay-768x324.jpg 768w, https:\/\/www.dorbienbeds.com\/wp-content\/uploads\/2020\/11\/talalay-700x296.jpg 700w\" sizes=\"(max-width: 900px) 100vw, 900px\" \/>\t\t\t\t\t\t\t\t\t\t\t\t\t<\/p>\n<h2 style=\"text-align: center;\">Talalaylatex<\/h2>\n<p style=\"text-align: center;\">N\u00e4r du uppt\u00e4cker v\u00e5ra produkter kommer du m\u00e4rka att det h\u00e4r \u00e4r v\u00e5rt f\u00f6redragna material f\u00f6r att skapa mycket flexibla produkter tillsammans med v\u00e5ra andra lager som f\u00e5r din kropp att slappna av. Talalaylatex \u00e4r naturligt och v\u00e4xtbaserat. Det \u00e4r ocks\u00e5 ett material som l\u00e4tt omformar sig efter tryck och sen snabbt \u00e5terg\u00e5r till sin ursprungliga form.<\/p>\n<p style=\"text-align: center;\">Med andra ord: Naturligt himmelsk.<\/p>\n","protected":false},"excerpt":{"rendered":"<p>B\u00e4ddmadrasser Att v\u00e4lja b\u00e4ddmadrass \u00e4r ett v\u00e4ldigt viktigt beslut. En l\u00e5ng text som f\u00f6rklarar hur bra v\u00e5ra b\u00e4ddmadrasser \u00e4r ingenting i j\u00e4mf\u00f6relse med att faktiskt prova dom p\u00e5 riktigt. Faktum \u00e4r att n\u00e4r du v\u00e4l provar, se d\u00e5 till att inte komma f\u00f6r sent till&#8230;<\/p>\n","protected":false},"author":1,"featured_media":0,"parent":0,"menu_order":0,"comment_status":"closed","ping_status":"closed","template":"elementor_header_footer","meta":[],"translation":{"provider":"WPGlobus","version":"2.12.2","language":"sv","enabled_languages":["en","sv","nl"],"languages":{"en":{"title":true,"content":true,"excerpt":false},"sv":{"title":true,"content":true,"excerpt":false},"nl":{"title":true,"content":true,"excerpt":false}}},"yoast_head":"<!-- This site is optimized with the Yoast SEO plugin v20.13 - https:\/\/yoast.com\/wordpress\/plugins\/seo\/ -->\n<title>- Dorbien Beds - We create your dreams<\/title>\n<meta name=\"robots\" content=\"index, follow, max-snippet:-1, max-image-preview:large, max-video-preview:-1\" \/>\n<link rel=\"canonical\" href=\"https:\/\/www.dorbienbeds.com\/toppers\/\" \/>\n<meta property=\"og:locale\" content=\"sv_SE\" \/>\n<meta property=\"og:type\" content=\"article\" \/>\n<meta property=\"og:title\" content=\"- Dorbien Beds - We create your dreams\" \/>\n<meta property=\"og:url\" content=\"https:\/\/www.dorbienbeds.com\/toppers\/\" \/>\n<meta property=\"og:site_name\" content=\"Dorbien Beds - We create your dreams\" \/>\n<meta property=\"article:modified_time\" content=\"2024-06-20T05:43:06+00:00\" \/>\n<meta property=\"og:image\" content=\"https:\/\/www.dorbienbeds.com\/wp-content\/uploads\/2024\/06\/DSC3136-sports-500x500.jpg\" \/>\n<meta name=\"twitter:card\" content=\"summary_large_image\" \/>\n<meta name=\"twitter:label1\" content=\"Ber\u00e4knad l\u00e4stid\" \/>\n\t<meta name=\"twitter:data1\" content=\"7 minuter\" \/>\n<script type=\"application\/ld+json\" class=\"yoast-schema-graph\">{\"@context\":\"https:\/\/schema.org\",\"@graph\":[{\"@type\":\"WebPage\",\"@id\":\"https:\/\/www.dorbienbeds.com\/toppers\/\",\"url\":\"https:\/\/www.dorbienbeds.com\/toppers\/\",\"name\":\"- Dorbien Beds - We create your dreams\",\"isPartOf\":{\"@id\":\"https:\/\/www.dorbienbeds.com\/#website\"},\"datePublished\":\"2020-10-31T09:45:17+00:00\",\"dateModified\":\"2024-06-20T05:43:06+00:00\",\"description\":\"Het kiezen van een topmatras is erg belangrijk. Een lange tekst die je vertelt hoe fijn hij is, weegt niet op tegen uitproberen in het echt.In dat geval moet je er wel voor zorgen dat je niet te laat komt voor je volgende afspraak.\",\"breadcrumb\":{\"@id\":\"https:\/\/www.dorbienbeds.com\/toppers\/#breadcrumb\"},\"inLanguage\":\"sv-SE\",\"potentialAction\":[{\"@type\":\"ReadAction\",\"target\":[\"https:\/\/www.dorbienbeds.com\/toppers\/\"]}]},{\"@type\":\"BreadcrumbList\",\"@id\":\"https:\/\/www.dorbienbeds.com\/toppers\/#breadcrumb\",\"itemListElement\":[{\"@type\":\"ListItem\",\"position\":1,\"name\":\"Hem\",\"item\":\"https:\/\/www.dorbienbeds.com\/\"},{\"@type\":\"ListItem\",\"position\":2,\"name\":\"TOPPERS\"}]},{\"@type\":\"WebSite\",\"@id\":\"https:\/\/www.dorbienbeds.com\/#website\",\"url\":\"https:\/\/www.dorbienbeds.com\/\",\"name\":\"Dorbien Beds - We create your dreams\",\"description\":\"\",\"publisher\":{\"@id\":\"https:\/\/www.dorbienbeds.com\/#organization\"},\"potentialAction\":[{\"@type\":\"SearchAction\",\"target\":{\"@type\":\"EntryPoint\",\"urlTemplate\":\"https:\/\/www.dorbienbeds.com\/?s={search_term_string}\"},\"query-input\":\"required name=search_term_string\"}],\"inLanguage\":\"sv-SE\"},{\"@type\":\"Organization\",\"@id\":\"https:\/\/www.dorbienbeds.com\/#organization\",\"name\":\"Dormien Beds\",\"url\":\"https:\/\/www.dorbienbeds.com\/\",\"logo\":{\"@type\":\"ImageObject\",\"inLanguage\":\"sv-SE\",\"@id\":\"https:\/\/www.dorbienbeds.com\/#\/schema\/logo\/image\/\",\"url\":\"https:\/\/www.dorbienbeds.com\/wp-content\/uploads\/2020\/08\/logo-center.png\",\"contentUrl\":\"https:\/\/www.dorbienbeds.com\/wp-content\/uploads\/2020\/08\/logo-center.png\",\"width\":376,\"height\":200,\"caption\":\"Dormien Beds\"},\"image\":{\"@id\":\"https:\/\/www.dorbienbeds.com\/#\/schema\/logo\/image\/\"}}]}<\/script>\n<!-- \/ Yoast SEO plugin. -->","yoast_head_json":{"title":"- Dorbien Beds - We create your dreams","robots":{"index":"index","follow":"follow","max-snippet":"max-snippet:-1","max-image-preview":"max-image-preview:large","max-video-preview":"max-video-preview:-1"},"canonical":"https:\/\/www.dorbienbeds.com\/toppers\/","og_locale":"sv_SE","og_type":"article","og_title":"- Dorbien Beds - We create your dreams","og_url":"https:\/\/www.dorbienbeds.com\/toppers\/","og_site_name":"Dorbien Beds - We create your dreams","article_modified_time":"2024-06-20T05:43:06+00:00","og_image":[{"url":"https:\/\/www.dorbienbeds.com\/wp-content\/uploads\/2024\/06\/DSC3136-sports-500x500.jpg"}],"twitter_card":"summary_large_image","twitter_misc":{"Ber\u00e4knad l\u00e4stid":"7 minuter"},"schema":{"@context":"https:\/\/schema.org","@graph":[{"@type":"WebPage","@id":"https:\/\/www.dorbienbeds.com\/toppers\/","url":"https:\/\/www.dorbienbeds.com\/toppers\/","name":"- Dorbien Beds - We create your dreams","isPartOf":{"@id":"https:\/\/www.dorbienbeds.com\/#website"},"datePublished":"2020-10-31T09:45:17+00:00","dateModified":"2024-06-20T05:43:06+00:00","description":"Het kiezen van een topmatras is erg belangrijk. Een lange tekst die je vertelt hoe fijn hij is, weegt niet op tegen uitproberen in het echt.In dat geval moet je er wel voor zorgen dat je niet te laat komt voor je volgende afspraak.","breadcrumb":{"@id":"https:\/\/www.dorbienbeds.com\/toppers\/#breadcrumb"},"inLanguage":"sv-SE","potentialAction":[{"@type":"ReadAction","target":["https:\/\/www.dorbienbeds.com\/toppers\/"]}]},{"@type":"BreadcrumbList","@id":"https:\/\/www.dorbienbeds.com\/toppers\/#breadcrumb","itemListElement":[{"@type":"ListItem","position":1,"name":"Hem","item":"https:\/\/www.dorbienbeds.com\/"},{"@type":"ListItem","position":2,"name":"TOPPERS"}]},{"@type":"WebSite","@id":"https:\/\/www.dorbienbeds.com\/#website","url":"https:\/\/www.dorbienbeds.com\/","name":"Dorbien Beds - We create your dreams","description":"","publisher":{"@id":"https:\/\/www.dorbienbeds.com\/#organization"},"potentialAction":[{"@type":"SearchAction","target":{"@type":"EntryPoint","urlTemplate":"https:\/\/www.dorbienbeds.com\/?s={search_term_string}"},"query-input":"required name=search_term_string"}],"inLanguage":"sv-SE"},{"@type":"Organization","@id":"https:\/\/www.dorbienbeds.com\/#organization","name":"Dormien Beds","url":"https:\/\/www.dorbienbeds.com\/","logo":{"@type":"ImageObject","inLanguage":"sv-SE","@id":"https:\/\/www.dorbienbeds.com\/#\/schema\/logo\/image\/","url":"https:\/\/www.dorbienbeds.com\/wp-content\/uploads\/2020\/08\/logo-center.png","contentUrl":"https:\/\/www.dorbienbeds.com\/wp-content\/uploads\/2020\/08\/logo-center.png","width":376,"height":200,"caption":"Dormien Beds"},"image":{"@id":"https:\/\/www.dorbienbeds.com\/#\/schema\/logo\/image\/"}}]}},"_links":{"self":[{"href":"https:\/\/www.dorbienbeds.com\/sv\/wp-json\/wp\/v2\/pages\/456"}],"collection":[{"href":"https:\/\/www.dorbienbeds.com\/sv\/wp-json\/wp\/v2\/pages"}],"about":[{"href":"https:\/\/www.dorbienbeds.com\/sv\/wp-json\/wp\/v2\/types\/page"}],"author":[{"embeddable":true,"href":"https:\/\/www.dorbienbeds.com\/sv\/wp-json\/wp\/v2\/users\/1"}],"replies":[{"embeddable":true,"href":"https:\/\/www.dorbienbeds.com\/sv\/wp-json\/wp\/v2\/comments?post=456"}],"version-history":[{"count":216,"href":"https:\/\/www.dorbienbeds.com\/sv\/wp-json\/wp\/v2\/pages\/456\/revisions"}],"predecessor-version":[{"id":1737,"href":"https:\/\/www.dorbienbeds.com\/sv\/wp-json\/wp\/v2\/pages\/456\/revisions\/1737"}],"wp:attachment":[{"href":"https:\/\/www.dorbienbeds.com\/sv\/wp-json\/wp\/v2\/media?parent=456"}],"curies":[{"name":"wp","href":"https:\/\/api.w.org\/{rel}","templated":true}]}}