{"id":402,"date":"2020-10-30T08:11:59","date_gmt":"2020-10-30T07:11:59","guid":{"rendered":"https:\/\/www.dormienbeds.com\/?page_id=402"},"modified":"2022-02-25T16:26:09","modified_gmt":"2022-02-25T15:26:09","slug":"nature-collection","status":"publish","type":"page","link":"https:\/\/www.dorbienbeds.com\/sv\/nature-collection\/","title":{"rendered":"NATURE COLLECTION"},"content":{"rendered":"<h1>Nature Collection<\/h1>\n<p style=\"text-align: center;\">Nature-kollektionen \u00e4r definitionen av \u201dJu mer desto b\u00e4ttre\u201d.\u00a0 Av alla t\u00e4nkbara naturfibrer valde vi att skapa ett m\u00e4sterverk av olika lager med h\u00e4sth\u00e5r, ull, bomull, furu och talalay latex.\u00a0<\/p>\n<p style=\"text-align: center;\">Medan du ligger och dr\u00f6mmer gott kommer v\u00e5r kombination av Pocket Springs se till att du forts\u00e4tter sova som ett barn natt efter natt och tupplur efter tupplur. Zzzzzz\u2026<\/p>\n<p>\t\t\t\t\t\t\t\t\t<img loading=\"lazy\" decoding=\"async\" width=\"1400\" height=\"950\" src=\"https:\/\/www.dorbienbeds.com\/wp-content\/uploads\/2020\/10\/bed-nature-continental-I-env.jpg\" alt=\"\" loading=\"lazy\" srcset=\"https:\/\/www.dorbienbeds.com\/wp-content\/uploads\/2020\/10\/bed-nature-continental-I-env.jpg 1400w, https:\/\/www.dorbienbeds.com\/wp-content\/uploads\/2020\/10\/bed-nature-continental-I-env-300x204.jpg 300w, https:\/\/www.dorbienbeds.com\/wp-content\/uploads\/2020\/10\/bed-nature-continental-I-env-1024x695.jpg 1024w, https:\/\/www.dorbienbeds.com\/wp-content\/uploads\/2020\/10\/bed-nature-continental-I-env-768x521.jpg 768w, https:\/\/www.dorbienbeds.com\/wp-content\/uploads\/2020\/10\/bed-nature-continental-I-env-700x475.jpg 700w\" sizes=\"(max-width: 1400px) 100vw, 1400px\" \/><br \/>\n\t\t\t\t\t\t\t\t\t<img loading=\"lazy\" decoding=\"async\" width=\"1400\" height=\"950\" src=\"https:\/\/www.dorbienbeds.com\/wp-content\/uploads\/2020\/10\/bed-nature-continental-I-prod.jpg\" alt=\"\" loading=\"lazy\" srcset=\"https:\/\/www.dorbienbeds.com\/wp-content\/uploads\/2020\/10\/bed-nature-continental-I-prod.jpg 1400w, https:\/\/www.dorbienbeds.com\/wp-content\/uploads\/2020\/10\/bed-nature-continental-I-prod-300x204.jpg 300w, https:\/\/www.dorbienbeds.com\/wp-content\/uploads\/2020\/10\/bed-nature-continental-I-prod-1024x695.jpg 1024w, https:\/\/www.dorbienbeds.com\/wp-content\/uploads\/2020\/10\/bed-nature-continental-I-prod-768x521.jpg 768w, https:\/\/www.dorbienbeds.com\/wp-content\/uploads\/2020\/10\/bed-nature-continental-I-prod-700x475.jpg 700w\" sizes=\"(max-width: 1400px) 100vw, 1400px\" \/><br \/>\n\t\t\t\t\t\t\t\t\t<img loading=\"lazy\" decoding=\"async\" width=\"960\" height=\"540\" src=\"https:\/\/www.dorbienbeds.com\/wp-content\/uploads\/2021\/01\/nature1-gif.gif\" alt=\"\" loading=\"lazy\" \/>\t\t\t\t\t<\/p>\n<h2>Nature I<\/h2>\n<p>\u201cJu mer desto b\u00e4ttre\u201d \u00e4r det som g\u00e4ller n\u00e4r det kommer till naturliga material och min design! Jag best\u00e5r av ett tredubbla res\u00e5r-system med lager av naturliga material s\u00e5 som h\u00e4sth\u00e5r, ull och bomull. Hela min design \u00e4r ett naturligt luftkonditioneringssystem och jag ser till att reglera din kroppstemperatur och tar hand om din komfort medan du sover.<\/p>\n<p>\u00a0<\/p>\n<p>\u00d6nskar du mig i en justerbar modell?\u00a0 L\u00e4s mer p\u00e5 <a href=\"#natureexclusive\">Nature Exclusive<\/a>.<\/p>\n<h2>Nature II<\/h2>\n<p>\u00c4r du den som letar efter det b\u00e4sta av det b\u00e4sta? Vars\u00e5god och prova mig s\u00e5 ska jag ge dig ett f\u00f6rsta intryck du sent kommer gl\u00f6mma! Du kommer l\u00e4ngta efter mig och vilja ha mig s\u00e5 snart som m\u00f6jligt.<\/p>\n<p>Mitt tredubbla pocket-system och m\u00e5nga naturliga lager av h\u00e4sth\u00e5r, ull och bomull ger alla de d\u00e4r extra f\u00f6rdelar man f\u00e5r genom att uppgradera m\u00e4ngden material och hur dessa kombineras.<\/p>\n<p>\u00a0<\/p>\n<p>Fr\u00e5ga efter mig n\u00e4r du bes\u00f6ker n\u00e5gon av v\u00e5ra \u00e5terf\u00f6rs\u00e4ljare och dom kommer gladeligen ber\u00e4tta mer om mig och mina hemligheter.<\/p>\n<p>\u00a0<\/p>\n<p>Gillar du l\u00e5nga sovmornar, frukost p\u00e5 s\u00e4ngen eller m\u00f6jligheten av flera avkopplande positioner? D\u00e5 finns jag ocks\u00e5 tillg\u00e4nglig i en justerbar version! L\u00e4s mer\u00a0 <a href=\"#natureextreme\">Nature Extreme<\/a>.<\/p>\n<p>\t\t\t\t\t\t\t\t\t<img loading=\"lazy\" decoding=\"async\" width=\"1400\" height=\"950\" src=\"https:\/\/www.dorbienbeds.com\/wp-content\/uploads\/2020\/11\/bed-nature-continental-II-env.jpg\" alt=\"\" loading=\"lazy\" srcset=\"https:\/\/www.dorbienbeds.com\/wp-content\/uploads\/2020\/11\/bed-nature-continental-II-env.jpg 1400w, https:\/\/www.dorbienbeds.com\/wp-content\/uploads\/2020\/11\/bed-nature-continental-II-env-300x204.jpg 300w, https:\/\/www.dorbienbeds.com\/wp-content\/uploads\/2020\/11\/bed-nature-continental-II-env-1024x695.jpg 1024w, https:\/\/www.dorbienbeds.com\/wp-content\/uploads\/2020\/11\/bed-nature-continental-II-env-768x521.jpg 768w, https:\/\/www.dorbienbeds.com\/wp-content\/uploads\/2020\/11\/bed-nature-continental-II-env-700x475.jpg 700w\" sizes=\"(max-width: 1400px) 100vw, 1400px\" \/><br \/>\n\t\t\t\t\t\t\t\t\t<img loading=\"lazy\" decoding=\"async\" width=\"1400\" height=\"950\" src=\"https:\/\/www.dorbienbeds.com\/wp-content\/uploads\/2020\/11\/bed-nature-continental-II-prod.jpg\" alt=\"\" loading=\"lazy\" srcset=\"https:\/\/www.dorbienbeds.com\/wp-content\/uploads\/2020\/11\/bed-nature-continental-II-prod.jpg 1400w, https:\/\/www.dorbienbeds.com\/wp-content\/uploads\/2020\/11\/bed-nature-continental-II-prod-300x204.jpg 300w, https:\/\/www.dorbienbeds.com\/wp-content\/uploads\/2020\/11\/bed-nature-continental-II-prod-1024x695.jpg 1024w, https:\/\/www.dorbienbeds.com\/wp-content\/uploads\/2020\/11\/bed-nature-continental-II-prod-768x521.jpg 768w, https:\/\/www.dorbienbeds.com\/wp-content\/uploads\/2020\/11\/bed-nature-continental-II-prod-700x475.jpg 700w\" sizes=\"(max-width: 1400px) 100vw, 1400px\" \/><br \/>\n\t\t\t\t\t\t\t\t\t<img loading=\"lazy\" decoding=\"async\" width=\"960\" height=\"540\" src=\"https:\/\/www.dorbienbeds.com\/wp-content\/uploads\/2021\/01\/nature2-gif.gif\" alt=\"\" loading=\"lazy\" \/><br \/>\n\t\t\t\t\t\t\t\t\t<img loading=\"lazy\" decoding=\"async\" width=\"1400\" height=\"950\" src=\"https:\/\/www.dorbienbeds.com\/wp-content\/uploads\/2020\/11\/bed-nature-exclusive-env.jpg\" alt=\"\" loading=\"lazy\" srcset=\"https:\/\/www.dorbienbeds.com\/wp-content\/uploads\/2020\/11\/bed-nature-exclusive-env.jpg 1400w, https:\/\/www.dorbienbeds.com\/wp-content\/uploads\/2020\/11\/bed-nature-exclusive-env-300x204.jpg 300w, https:\/\/www.dorbienbeds.com\/wp-content\/uploads\/2020\/11\/bed-nature-exclusive-env-1024x695.jpg 1024w, https:\/\/www.dorbienbeds.com\/wp-content\/uploads\/2020\/11\/bed-nature-exclusive-env-768x521.jpg 768w, https:\/\/www.dorbienbeds.com\/wp-content\/uploads\/2020\/11\/bed-nature-exclusive-env-700x475.jpg 700w\" sizes=\"(max-width: 1400px) 100vw, 1400px\" \/><br \/>\n\t\t\t\t\t\t\t\t\t<img loading=\"lazy\" decoding=\"async\" width=\"1400\" height=\"950\" src=\"https:\/\/www.dorbienbeds.com\/wp-content\/uploads\/2020\/11\/bed-nature-exclusive-prod.jpg\" alt=\"\" loading=\"lazy\" srcset=\"https:\/\/www.dorbienbeds.com\/wp-content\/uploads\/2020\/11\/bed-nature-exclusive-prod.jpg 1400w, https:\/\/www.dorbienbeds.com\/wp-content\/uploads\/2020\/11\/bed-nature-exclusive-prod-300x204.jpg 300w, https:\/\/www.dorbienbeds.com\/wp-content\/uploads\/2020\/11\/bed-nature-exclusive-prod-1024x695.jpg 1024w, https:\/\/www.dorbienbeds.com\/wp-content\/uploads\/2020\/11\/bed-nature-exclusive-prod-768x521.jpg 768w, https:\/\/www.dorbienbeds.com\/wp-content\/uploads\/2020\/11\/bed-nature-exclusive-prod-700x475.jpg 700w\" sizes=\"(max-width: 1400px) 100vw, 1400px\" \/><br \/>\n\t\t\t\t\t\t\t\t\t<img loading=\"lazy\" decoding=\"async\" width=\"960\" height=\"540\" src=\"https:\/\/www.dorbienbeds.com\/wp-content\/uploads\/2021\/01\/natureexclusive-gif.gif\" alt=\"\" loading=\"lazy\" \/>\t\t\t\t\t<\/p>\n<h2>Nature Exclusive<\/h2>\n<p>Sl\u00e4pp in naturen i ditt sovrum och f\u00f6rvandla din s\u00f6mnupplevelse. Mina lager p\u00e5 lager av naturliga fibrer hj\u00e4lper dig att h\u00e5lla en perfekt kroppstemperatur medan min komfort omfamnar dig som en mild kram. Naturligtvis kan du anpassa mig som du vill och varf\u00f6r inte ligga i s\u00e4ngen och njuta av en bok eller tv?<\/p>\n<h2>Nature Extreme<\/h2>\n<p>S\u00e4ngen som har allt! Imponerad av v\u00e5r Excluisve Extreme? V\u00e4nta tills du f\u00e5r prova mig.<br \/>Om du vill g\u00e5 ett steg l\u00e4ngre och testa v\u00e5r toppmodell men \u00e4nd\u00e5 f\u00e5 funktionerna hos en justerbar s\u00e4ng, fr\u00e5ga efter mig i butiken och skapa din egen uppfattning om varf\u00f6r jag heter Nature Extreme&#8230;se till att du har lite extra tid f\u00f6r en tupplur n\u00e4r du provar mig eftersom det finns en risk att du somnar innan du vet ordet av!<\/p>\n<p>\t\t\t\t\t\t\t\t\t<img loading=\"lazy\" decoding=\"async\" width=\"1400\" height=\"950\" src=\"https:\/\/www.dorbienbeds.com\/wp-content\/uploads\/2020\/11\/bed-nature-extreme-env.jpg\" alt=\"\" loading=\"lazy\" srcset=\"https:\/\/www.dorbienbeds.com\/wp-content\/uploads\/2020\/11\/bed-nature-extreme-env.jpg 1400w, https:\/\/www.dorbienbeds.com\/wp-content\/uploads\/2020\/11\/bed-nature-extreme-env-300x204.jpg 300w, https:\/\/www.dorbienbeds.com\/wp-content\/uploads\/2020\/11\/bed-nature-extreme-env-1024x695.jpg 1024w, https:\/\/www.dorbienbeds.com\/wp-content\/uploads\/2020\/11\/bed-nature-extreme-env-768x521.jpg 768w, https:\/\/www.dorbienbeds.com\/wp-content\/uploads\/2020\/11\/bed-nature-extreme-env-700x475.jpg 700w\" sizes=\"(max-width: 1400px) 100vw, 1400px\" \/><br \/>\n\t\t\t\t\t\t\t\t\t<img loading=\"lazy\" decoding=\"async\" width=\"1400\" height=\"950\" src=\"https:\/\/www.dorbienbeds.com\/wp-content\/uploads\/2020\/11\/bed-nature-extreme-prod.jpg\" alt=\"\" loading=\"lazy\" srcset=\"https:\/\/www.dorbienbeds.com\/wp-content\/uploads\/2020\/11\/bed-nature-extreme-prod.jpg 1400w, https:\/\/www.dorbienbeds.com\/wp-content\/uploads\/2020\/11\/bed-nature-extreme-prod-300x204.jpg 300w, https:\/\/www.dorbienbeds.com\/wp-content\/uploads\/2020\/11\/bed-nature-extreme-prod-1024x695.jpg 1024w, https:\/\/www.dorbienbeds.com\/wp-content\/uploads\/2020\/11\/bed-nature-extreme-prod-768x521.jpg 768w, https:\/\/www.dorbienbeds.com\/wp-content\/uploads\/2020\/11\/bed-nature-extreme-prod-700x475.jpg 700w\" sizes=\"(max-width: 1400px) 100vw, 1400px\" \/><br \/>\n\t\t\t\t\t\t\t\t\t<img loading=\"lazy\" decoding=\"async\" width=\"960\" height=\"540\" src=\"https:\/\/www.dorbienbeds.com\/wp-content\/uploads\/2021\/01\/natureextreme-gif.gif\" alt=\"\" loading=\"lazy\" \/><br \/>\n\t\t\t\t\t\t\t\t\t<img loading=\"lazy\" decoding=\"async\" width=\"1280\" height=\"1051\" src=\"https:\/\/www.dorbienbeds.com\/wp-content\/uploads\/2022\/02\/DSC3855-dorb-nature-ram-Large-1.jpeg\" alt=\"\" loading=\"lazy\" srcset=\"https:\/\/www.dorbienbeds.com\/wp-content\/uploads\/2022\/02\/DSC3855-dorb-nature-ram-Large-1.jpeg 1280w, https:\/\/www.dorbienbeds.com\/wp-content\/uploads\/2022\/02\/DSC3855-dorb-nature-ram-Large-1-300x246.jpeg 300w, https:\/\/www.dorbienbeds.com\/wp-content\/uploads\/2022\/02\/DSC3855-dorb-nature-ram-Large-1-1024x841.jpeg 1024w, https:\/\/www.dorbienbeds.com\/wp-content\/uploads\/2022\/02\/DSC3855-dorb-nature-ram-Large-1-768x631.jpeg 768w, https:\/\/www.dorbienbeds.com\/wp-content\/uploads\/2022\/02\/DSC3855-dorb-nature-ram-Large-1-700x575.jpeg 700w\" sizes=\"(max-width: 1280px) 100vw, 1280px\" \/><br \/>\n\t\t\t\t\t\t\t\t\t<img loading=\"lazy\" decoding=\"async\" width=\"960\" height=\"540\" src=\"https:\/\/www.dorbienbeds.com\/wp-content\/uploads\/2022\/02\/natureframe-gif.gif\" alt=\"\" loading=\"lazy\" \/>\t\t\t\t\t<\/p>\n<h2>Nature rams\u00e4ng<\/h2>\n<p>Jag har alla goda egenskaper fr\u00e5n naturen kombinerat med Skandinavisk design. Vissa skulle kalla min design retro eller en klassiker. Jag kallar mig helt enkelt f\u00f6r Nature rams\u00e4ng. Jag \u00e4r h\u00e4r f\u00f6r att ge dig en fantastisk sovupplevelse. Jag har naturliga fiber s\u00e5 som tagel, ull och bomull. Min komfort \u00e4r helt enkelt en av de allra b\u00e4sta n\u00e4r det kommer till rams\u00e4ngar. Du tror mig inte? Prova mig och upplev det sj\u00e4lv.<\/p>\n","protected":false},"excerpt":{"rendered":"<p>Nature Collection Nature-kollektionen \u00e4r definitionen av \u201dJu mer desto b\u00e4ttre\u201d.\u00a0 Av alla t\u00e4nkbara naturfibrer valde vi att skapa ett m\u00e4sterverk av olika lager med h\u00e4sth\u00e5r, ull, bomull, furu och talalay latex.\u00a0 Medan du ligger och dr\u00f6mmer gott kommer v\u00e5r kombination av Pocket Springs se till&#8230;<\/p>\n","protected":false},"author":1,"featured_media":0,"parent":0,"menu_order":0,"comment_status":"closed","ping_status":"closed","template":"","meta":[],"translation":{"provider":"WPGlobus","version":"2.12.2","language":"sv","enabled_languages":["en","sv","nl"],"languages":{"en":{"title":true,"content":true,"excerpt":false},"sv":{"title":true,"content":true,"excerpt":false},"nl":{"title":true,"content":true,"excerpt":false}}},"yoast_head":"<!-- This site is optimized with the Yoast SEO plugin v20.13 - https:\/\/yoast.com\/wordpress\/plugins\/seo\/ -->\n<title>- Dorbien Beds - We create your dreams<\/title>\n<meta name=\"robots\" content=\"index, follow, max-snippet:-1, max-image-preview:large, max-video-preview:-1\" \/>\n<link rel=\"canonical\" href=\"https:\/\/www.dorbienbeds.com\/nature-collection\/\" \/>\n<meta property=\"og:locale\" content=\"sv_SE\" \/>\n<meta property=\"og:type\" content=\"article\" \/>\n<meta property=\"og:title\" content=\"- Dorbien Beds - We create your dreams\" \/>\n<meta property=\"og:url\" content=\"https:\/\/www.dorbienbeds.com\/nature-collection\/\" \/>\n<meta property=\"og:site_name\" content=\"Dorbien Beds - We create your dreams\" \/>\n<meta property=\"article:modified_time\" content=\"2022-02-25T15:26:09+00:00\" \/>\n<meta property=\"og:image\" content=\"https:\/\/www.dorbienbeds.com\/wp-content\/uploads\/2020\/10\/bed-nature-continental-I-env.jpg\" \/>\n<meta name=\"twitter:card\" content=\"summary_large_image\" \/>\n<meta name=\"twitter:label1\" content=\"Ber\u00e4knad l\u00e4stid\" \/>\n\t<meta name=\"twitter:data1\" content=\"9 minuter\" \/>\n<script type=\"application\/ld+json\" class=\"yoast-schema-graph\">{\"@context\":\"https:\/\/schema.org\",\"@graph\":[{\"@type\":\"WebPage\",\"@id\":\"https:\/\/www.dorbienbeds.com\/nature-collection\/\",\"url\":\"https:\/\/www.dorbienbeds.com\/nature-collection\/\",\"name\":\"- Dorbien Beds - We create your dreams\",\"isPartOf\":{\"@id\":\"https:\/\/www.dorbienbeds.com\/#website\"},\"datePublished\":\"2020-10-30T07:11:59+00:00\",\"dateModified\":\"2022-02-25T15:26:09+00:00\",\"description\":\"De Nature-collectie kun je defini\u00ebren als \u2018meer is ook ECHT meer\u2019. Op basis van natuurlijke materialen hebben we een meesterwerk gecre\u00eberd uit lagen paardenhaar, wol en katoen, naaldhout en Talalay-latex.Terwijl jij lekker in dromenland verkeert, zorgt onze combinatie van pocketveren ervoor dat je slaapt als een roos, elke nacht weer, middagslaapje na middagslaapje.\",\"breadcrumb\":{\"@id\":\"https:\/\/www.dorbienbeds.com\/nature-collection\/#breadcrumb\"},\"inLanguage\":\"sv-SE\",\"potentialAction\":[{\"@type\":\"ReadAction\",\"target\":[\"https:\/\/www.dorbienbeds.com\/nature-collection\/\"]}]},{\"@type\":\"BreadcrumbList\",\"@id\":\"https:\/\/www.dorbienbeds.com\/nature-collection\/#breadcrumb\",\"itemListElement\":[{\"@type\":\"ListItem\",\"position\":1,\"name\":\"Hem\",\"item\":\"https:\/\/www.dorbienbeds.com\/\"},{\"@type\":\"ListItem\",\"position\":2,\"name\":\"NATURE COLLECTION\"}]},{\"@type\":\"WebSite\",\"@id\":\"https:\/\/www.dorbienbeds.com\/#website\",\"url\":\"https:\/\/www.dorbienbeds.com\/\",\"name\":\"Dorbien Beds - We create your dreams\",\"description\":\"\",\"publisher\":{\"@id\":\"https:\/\/www.dorbienbeds.com\/#organization\"},\"potentialAction\":[{\"@type\":\"SearchAction\",\"target\":{\"@type\":\"EntryPoint\",\"urlTemplate\":\"https:\/\/www.dorbienbeds.com\/?s={search_term_string}\"},\"query-input\":\"required name=search_term_string\"}],\"inLanguage\":\"sv-SE\"},{\"@type\":\"Organization\",\"@id\":\"https:\/\/www.dorbienbeds.com\/#organization\",\"name\":\"Dormien Beds\",\"url\":\"https:\/\/www.dorbienbeds.com\/\",\"logo\":{\"@type\":\"ImageObject\",\"inLanguage\":\"sv-SE\",\"@id\":\"https:\/\/www.dorbienbeds.com\/#\/schema\/logo\/image\/\",\"url\":\"https:\/\/www.dorbienbeds.com\/wp-content\/uploads\/2020\/08\/logo-center.png\",\"contentUrl\":\"https:\/\/www.dorbienbeds.com\/wp-content\/uploads\/2020\/08\/logo-center.png\",\"width\":376,\"height\":200,\"caption\":\"Dormien Beds\"},\"image\":{\"@id\":\"https:\/\/www.dorbienbeds.com\/#\/schema\/logo\/image\/\"}}]}<\/script>\n<!-- \/ Yoast SEO plugin. -->","yoast_head_json":{"title":"- Dorbien Beds - We create your dreams","robots":{"index":"index","follow":"follow","max-snippet":"max-snippet:-1","max-image-preview":"max-image-preview:large","max-video-preview":"max-video-preview:-1"},"canonical":"https:\/\/www.dorbienbeds.com\/nature-collection\/","og_locale":"sv_SE","og_type":"article","og_title":"- Dorbien Beds - We create your dreams","og_url":"https:\/\/www.dorbienbeds.com\/nature-collection\/","og_site_name":"Dorbien Beds - We create your dreams","article_modified_time":"2022-02-25T15:26:09+00:00","og_image":[{"url":"https:\/\/www.dorbienbeds.com\/wp-content\/uploads\/2020\/10\/bed-nature-continental-I-env.jpg"}],"twitter_card":"summary_large_image","twitter_misc":{"Ber\u00e4knad l\u00e4stid":"9 minuter"},"schema":{"@context":"https:\/\/schema.org","@graph":[{"@type":"WebPage","@id":"https:\/\/www.dorbienbeds.com\/nature-collection\/","url":"https:\/\/www.dorbienbeds.com\/nature-collection\/","name":"- Dorbien Beds - We create your dreams","isPartOf":{"@id":"https:\/\/www.dorbienbeds.com\/#website"},"datePublished":"2020-10-30T07:11:59+00:00","dateModified":"2022-02-25T15:26:09+00:00","description":"De Nature-collectie kun je defini\u00ebren als \u2018meer is ook ECHT meer\u2019. Op basis van natuurlijke materialen hebben we een meesterwerk gecre\u00eberd uit lagen paardenhaar, wol en katoen, naaldhout en Talalay-latex.Terwijl jij lekker in dromenland verkeert, zorgt onze combinatie van pocketveren ervoor dat je slaapt als een roos, elke nacht weer, middagslaapje na middagslaapje.","breadcrumb":{"@id":"https:\/\/www.dorbienbeds.com\/nature-collection\/#breadcrumb"},"inLanguage":"sv-SE","potentialAction":[{"@type":"ReadAction","target":["https:\/\/www.dorbienbeds.com\/nature-collection\/"]}]},{"@type":"BreadcrumbList","@id":"https:\/\/www.dorbienbeds.com\/nature-collection\/#breadcrumb","itemListElement":[{"@type":"ListItem","position":1,"name":"Hem","item":"https:\/\/www.dorbienbeds.com\/"},{"@type":"ListItem","position":2,"name":"NATURE COLLECTION"}]},{"@type":"WebSite","@id":"https:\/\/www.dorbienbeds.com\/#website","url":"https:\/\/www.dorbienbeds.com\/","name":"Dorbien Beds - We create your dreams","description":"","publisher":{"@id":"https:\/\/www.dorbienbeds.com\/#organization"},"potentialAction":[{"@type":"SearchAction","target":{"@type":"EntryPoint","urlTemplate":"https:\/\/www.dorbienbeds.com\/?s={search_term_string}"},"query-input":"required name=search_term_string"}],"inLanguage":"sv-SE"},{"@type":"Organization","@id":"https:\/\/www.dorbienbeds.com\/#organization","name":"Dormien Beds","url":"https:\/\/www.dorbienbeds.com\/","logo":{"@type":"ImageObject","inLanguage":"sv-SE","@id":"https:\/\/www.dorbienbeds.com\/#\/schema\/logo\/image\/","url":"https:\/\/www.dorbienbeds.com\/wp-content\/uploads\/2020\/08\/logo-center.png","contentUrl":"https:\/\/www.dorbienbeds.com\/wp-content\/uploads\/2020\/08\/logo-center.png","width":376,"height":200,"caption":"Dormien Beds"},"image":{"@id":"https:\/\/www.dorbienbeds.com\/#\/schema\/logo\/image\/"}}]}},"_links":{"self":[{"href":"https:\/\/www.dorbienbeds.com\/sv\/wp-json\/wp\/v2\/pages\/402"}],"collection":[{"href":"https:\/\/www.dorbienbeds.com\/sv\/wp-json\/wp\/v2\/pages"}],"about":[{"href":"https:\/\/www.dorbienbeds.com\/sv\/wp-json\/wp\/v2\/types\/page"}],"author":[{"embeddable":true,"href":"https:\/\/www.dorbienbeds.com\/sv\/wp-json\/wp\/v2\/users\/1"}],"replies":[{"embeddable":true,"href":"https:\/\/www.dorbienbeds.com\/sv\/wp-json\/wp\/v2\/comments?post=402"}],"version-history":[{"count":93,"href":"https:\/\/www.dorbienbeds.com\/sv\/wp-json\/wp\/v2\/pages\/402\/revisions"}],"predecessor-version":[{"id":1461,"href":"https:\/\/www.dorbienbeds.com\/sv\/wp-json\/wp\/v2\/pages\/402\/revisions\/1461"}],"wp:attachment":[{"href":"https:\/\/www.dorbienbeds.com\/sv\/wp-json\/wp\/v2\/media?parent=402"}],"curies":[{"name":"wp","href":"https:\/\/api.w.org\/{rel}","templated":true}]}}