{"id":175,"date":"2020-09-23T16:46:30","date_gmt":"2020-09-23T14:46:30","guid":{"rendered":"https:\/\/www.dormienbeds.com\/?page_id=175"},"modified":"2022-06-14T11:09:26","modified_gmt":"2022-06-14T09:09:26","slug":"accessories","status":"publish","type":"page","link":"https:\/\/www.dorbienbeds.com\/sv\/accessories\/","title":{"rendered":"HEADBOARDS"},"content":{"rendered":"<h1>S\u00e4nggavlar<\/h1>\n<p style=\"text-align: center;\">\nUndrar du om vi har din favoritf\u00e4rg eller om textilen kommer passa in i ditt rum? Fr\u00e5ga d\u00e5 bara n\u00e5gon av v\u00e5ra \u00e5terf\u00f6rs\u00e4ljare, vi har ett stort utbud av olika textilier som passar perfekt med alla stilar!\n<\/p>\n<p style=\"text-align: center;\">Det g\u00e5r ocks\u00e5 att f\u00e5 dom olika h\u00f6jder.<\/p>\n<figure>\n\t\t\t\t\t\t\t\t\t\t<img loading=\"lazy\" decoding=\"async\" width=\"1024\" height=\"768\" src=\"https:\/\/www.dorbienbeds.com\/wp-content\/uploads\/2022\/02\/DSC3779-Stockholm-1024x768.jpeg\" alt=\"\" loading=\"lazy\" srcset=\"https:\/\/www.dorbienbeds.com\/wp-content\/uploads\/2022\/02\/DSC3779-Stockholm-1024x768.jpeg 1024w, https:\/\/www.dorbienbeds.com\/wp-content\/uploads\/2022\/02\/DSC3779-Stockholm-300x225.jpeg 300w, https:\/\/www.dorbienbeds.com\/wp-content\/uploads\/2022\/02\/DSC3779-Stockholm-768x576.jpeg 768w, https:\/\/www.dorbienbeds.com\/wp-content\/uploads\/2022\/02\/DSC3779-Stockholm-800x600.jpeg 800w, https:\/\/www.dorbienbeds.com\/wp-content\/uploads\/2022\/02\/DSC3779-Stockholm-700x525.jpeg 700w, https:\/\/www.dorbienbeds.com\/wp-content\/uploads\/2022\/02\/DSC3779-Stockholm.jpeg 1280w\" sizes=\"(max-width: 1024px) 100vw, 1024px\" \/><figcaption>Gavel Stockholm<\/figcaption><\/figure>\n<figure>\n\t\t\t\t\t\t\t\t\t\t<img loading=\"lazy\" decoding=\"async\" width=\"1024\" height=\"768\" src=\"https:\/\/www.dorbienbeds.com\/wp-content\/uploads\/2022\/02\/DSC3758-Large-1024x768.jpeg\" alt=\"\" loading=\"lazy\" srcset=\"https:\/\/www.dorbienbeds.com\/wp-content\/uploads\/2022\/02\/DSC3758-Large-1024x768.jpeg 1024w, https:\/\/www.dorbienbeds.com\/wp-content\/uploads\/2022\/02\/DSC3758-Large-300x225.jpeg 300w, https:\/\/www.dorbienbeds.com\/wp-content\/uploads\/2022\/02\/DSC3758-Large-768x576.jpeg 768w, https:\/\/www.dorbienbeds.com\/wp-content\/uploads\/2022\/02\/DSC3758-Large-800x600.jpeg 800w, https:\/\/www.dorbienbeds.com\/wp-content\/uploads\/2022\/02\/DSC3758-Large-700x525.jpeg 700w, https:\/\/www.dorbienbeds.com\/wp-content\/uploads\/2022\/02\/DSC3758-Large.jpeg 1280w\" sizes=\"(max-width: 1024px) 100vw, 1024px\" \/><figcaption>Gavel Ram Djup Knapp<\/figcaption><\/figure>\n<figure>\n\t\t\t\t\t\t\t\t\t\t<img loading=\"lazy\" decoding=\"async\" width=\"1024\" height=\"768\" src=\"https:\/\/www.dorbienbeds.com\/wp-content\/uploads\/2022\/02\/DSC3781-Deep-Square-1024x768.jpeg\" alt=\"\" loading=\"lazy\" srcset=\"https:\/\/www.dorbienbeds.com\/wp-content\/uploads\/2022\/02\/DSC3781-Deep-Square-1024x768.jpeg 1024w, https:\/\/www.dorbienbeds.com\/wp-content\/uploads\/2022\/02\/DSC3781-Deep-Square-300x225.jpeg 300w, https:\/\/www.dorbienbeds.com\/wp-content\/uploads\/2022\/02\/DSC3781-Deep-Square-768x576.jpeg 768w, https:\/\/www.dorbienbeds.com\/wp-content\/uploads\/2022\/02\/DSC3781-Deep-Square-800x600.jpeg 800w, https:\/\/www.dorbienbeds.com\/wp-content\/uploads\/2022\/02\/DSC3781-Deep-Square-700x525.jpeg 700w, https:\/\/www.dorbienbeds.com\/wp-content\/uploads\/2022\/02\/DSC3781-Deep-Square.jpeg 1280w\" sizes=\"(max-width: 1024px) 100vw, 1024px\" \/><figcaption>Gavel Djup Ruta<\/figcaption><\/figure>\n<figure>\n\t\t\t\t\t\t\t\t\t\t<img loading=\"lazy\" decoding=\"async\" width=\"1024\" height=\"768\" src=\"https:\/\/www.dorbienbeds.com\/wp-content\/uploads\/2022\/02\/DSC3765-Skanor-1024x768.jpeg\" alt=\"\" loading=\"lazy\" srcset=\"https:\/\/www.dorbienbeds.com\/wp-content\/uploads\/2022\/02\/DSC3765-Skanor-1024x768.jpeg 1024w, https:\/\/www.dorbienbeds.com\/wp-content\/uploads\/2022\/02\/DSC3765-Skanor-300x225.jpeg 300w, https:\/\/www.dorbienbeds.com\/wp-content\/uploads\/2022\/02\/DSC3765-Skanor-768x576.jpeg 768w, https:\/\/www.dorbienbeds.com\/wp-content\/uploads\/2022\/02\/DSC3765-Skanor-800x600.jpeg 800w, https:\/\/www.dorbienbeds.com\/wp-content\/uploads\/2022\/02\/DSC3765-Skanor-700x525.jpeg 700w, https:\/\/www.dorbienbeds.com\/wp-content\/uploads\/2022\/02\/DSC3765-Skanor.jpeg 1280w\" sizes=\"(max-width: 1024px) 100vw, 1024px\" \/><figcaption>Gavel Skan\u00f6r<\/figcaption><\/figure>\n<figure>\n\t\t\t\t\t\t\t\t\t\t<img loading=\"lazy\" decoding=\"async\" width=\"1024\" height=\"768\" src=\"https:\/\/www.dorbienbeds.com\/wp-content\/uploads\/2022\/02\/DSC3797-Vinga-1024x768.jpeg\" alt=\"\" loading=\"lazy\" srcset=\"https:\/\/www.dorbienbeds.com\/wp-content\/uploads\/2022\/02\/DSC3797-Vinga-1024x768.jpeg 1024w, https:\/\/www.dorbienbeds.com\/wp-content\/uploads\/2022\/02\/DSC3797-Vinga-300x225.jpeg 300w, https:\/\/www.dorbienbeds.com\/wp-content\/uploads\/2022\/02\/DSC3797-Vinga-768x576.jpeg 768w, https:\/\/www.dorbienbeds.com\/wp-content\/uploads\/2022\/02\/DSC3797-Vinga-800x600.jpeg 800w, https:\/\/www.dorbienbeds.com\/wp-content\/uploads\/2022\/02\/DSC3797-Vinga-700x525.jpeg 700w, https:\/\/www.dorbienbeds.com\/wp-content\/uploads\/2022\/02\/DSC3797-Vinga.jpeg 1280w\" sizes=\"(max-width: 1024px) 100vw, 1024px\" \/><figcaption>Gavel Vinga<\/figcaption><\/figure>\n<figure>\n\t\t\t\t\t\t\t\t\t\t<img loading=\"lazy\" decoding=\"async\" width=\"1024\" height=\"768\" src=\"https:\/\/www.dorbienbeds.com\/wp-content\/uploads\/2022\/02\/DSC3786-slat-PlainButton-1024x768.jpeg\" alt=\"\" loading=\"lazy\" srcset=\"https:\/\/www.dorbienbeds.com\/wp-content\/uploads\/2022\/02\/DSC3786-slat-PlainButton-1024x768.jpeg 1024w, https:\/\/www.dorbienbeds.com\/wp-content\/uploads\/2022\/02\/DSC3786-slat-PlainButton-300x225.jpeg 300w, https:\/\/www.dorbienbeds.com\/wp-content\/uploads\/2022\/02\/DSC3786-slat-PlainButton-768x576.jpeg 768w, https:\/\/www.dorbienbeds.com\/wp-content\/uploads\/2022\/02\/DSC3786-slat-PlainButton-800x600.jpeg 800w, https:\/\/www.dorbienbeds.com\/wp-content\/uploads\/2022\/02\/DSC3786-slat-PlainButton-700x525.jpeg 700w, https:\/\/www.dorbienbeds.com\/wp-content\/uploads\/2022\/02\/DSC3786-slat-PlainButton.jpeg 1280w\" sizes=\"(max-width: 1024px) 100vw, 1024px\" \/><figcaption>Gavel Sl\u00e4t<\/figcaption><\/figure>\n<figure>\n\t\t\t\t\t\t\t\t\t\t<img loading=\"lazy\" decoding=\"async\" width=\"1024\" height=\"768\" src=\"https:\/\/www.dorbienbeds.com\/wp-content\/uploads\/2022\/02\/DSC3786-ButtonPlain-1024x768.jpeg\" alt=\"\" loading=\"lazy\" srcset=\"https:\/\/www.dorbienbeds.com\/wp-content\/uploads\/2022\/02\/DSC3786-ButtonPlain-1024x768.jpeg 1024w, https:\/\/www.dorbienbeds.com\/wp-content\/uploads\/2022\/02\/DSC3786-ButtonPlain-300x225.jpeg 300w, https:\/\/www.dorbienbeds.com\/wp-content\/uploads\/2022\/02\/DSC3786-ButtonPlain-768x576.jpeg 768w, https:\/\/www.dorbienbeds.com\/wp-content\/uploads\/2022\/02\/DSC3786-ButtonPlain-800x600.jpeg 800w, https:\/\/www.dorbienbeds.com\/wp-content\/uploads\/2022\/02\/DSC3786-ButtonPlain-700x525.jpeg 700w, https:\/\/www.dorbienbeds.com\/wp-content\/uploads\/2022\/02\/DSC3786-ButtonPlain.jpeg 1280w\" sizes=\"(max-width: 1024px) 100vw, 1024px\" \/><figcaption>Gavel Knapp<\/figcaption><\/figure>\n<figure>\n\t\t\t\t\t\t\t\t\t\t<img loading=\"lazy\" decoding=\"async\" width=\"1024\" height=\"768\" src=\"https:\/\/www.dorbienbeds.com\/wp-content\/uploads\/2022\/02\/DSC3769-Plain-Frame-1024x768.jpeg\" alt=\"\" loading=\"lazy\" srcset=\"https:\/\/www.dorbienbeds.com\/wp-content\/uploads\/2022\/02\/DSC3769-Plain-Frame-1024x768.jpeg 1024w, https:\/\/www.dorbienbeds.com\/wp-content\/uploads\/2022\/02\/DSC3769-Plain-Frame-300x225.jpeg 300w, https:\/\/www.dorbienbeds.com\/wp-content\/uploads\/2022\/02\/DSC3769-Plain-Frame-768x576.jpeg 768w, https:\/\/www.dorbienbeds.com\/wp-content\/uploads\/2022\/02\/DSC3769-Plain-Frame-800x600.jpeg 800w, https:\/\/www.dorbienbeds.com\/wp-content\/uploads\/2022\/02\/DSC3769-Plain-Frame-700x525.jpeg 700w, https:\/\/www.dorbienbeds.com\/wp-content\/uploads\/2022\/02\/DSC3769-Plain-Frame.jpeg 1280w\" sizes=\"(max-width: 1024px) 100vw, 1024px\" \/><figcaption>Gavel Ram Sl\u00e4t<\/figcaption><\/figure>\n<figure>\n\t\t\t\t\t\t\t\t\t\t<img loading=\"lazy\" decoding=\"async\" width=\"1024\" height=\"768\" src=\"https:\/\/www.dorbienbeds.com\/wp-content\/uploads\/2022\/02\/DSC3788-Deep-Button-1024x768.jpeg\" alt=\"\" loading=\"lazy\" srcset=\"https:\/\/www.dorbienbeds.com\/wp-content\/uploads\/2022\/02\/DSC3788-Deep-Button-1024x768.jpeg 1024w, https:\/\/www.dorbienbeds.com\/wp-content\/uploads\/2022\/02\/DSC3788-Deep-Button-300x225.jpeg 300w, https:\/\/www.dorbienbeds.com\/wp-content\/uploads\/2022\/02\/DSC3788-Deep-Button-768x576.jpeg 768w, https:\/\/www.dorbienbeds.com\/wp-content\/uploads\/2022\/02\/DSC3788-Deep-Button-800x600.jpeg 800w, https:\/\/www.dorbienbeds.com\/wp-content\/uploads\/2022\/02\/DSC3788-Deep-Button-700x525.jpeg 700w, https:\/\/www.dorbienbeds.com\/wp-content\/uploads\/2022\/02\/DSC3788-Deep-Button.jpeg 1280w\" sizes=\"(max-width: 1024px) 100vw, 1024px\" \/><figcaption>Gavel Djup Knapp<\/figcaption><\/figure>\n<figure>\n\t\t\t\t\t\t\t\t\t\t<img loading=\"lazy\" decoding=\"async\" width=\"1024\" height=\"768\" src=\"https:\/\/www.dorbienbeds.com\/wp-content\/uploads\/2022\/02\/DSC3793-Panel-1024x768.jpeg\" alt=\"\" loading=\"lazy\" srcset=\"https:\/\/www.dorbienbeds.com\/wp-content\/uploads\/2022\/02\/DSC3793-Panel-1024x768.jpeg 1024w, https:\/\/www.dorbienbeds.com\/wp-content\/uploads\/2022\/02\/DSC3793-Panel-300x225.jpeg 300w, https:\/\/www.dorbienbeds.com\/wp-content\/uploads\/2022\/02\/DSC3793-Panel-768x576.jpeg 768w, https:\/\/www.dorbienbeds.com\/wp-content\/uploads\/2022\/02\/DSC3793-Panel-800x600.jpeg 800w, https:\/\/www.dorbienbeds.com\/wp-content\/uploads\/2022\/02\/DSC3793-Panel-700x525.jpeg 700w, https:\/\/www.dorbienbeds.com\/wp-content\/uploads\/2022\/02\/DSC3793-Panel.jpeg 1280w\" sizes=\"(max-width: 1024px) 100vw, 1024px\" \/><figcaption>Gavel Panel<\/figcaption><\/figure>\n","protected":false},"excerpt":{"rendered":"<p>S\u00e4nggavlar Undrar du om vi har din favoritf\u00e4rg eller om textilen kommer passa in i ditt rum? Fr\u00e5ga d\u00e5 bara n\u00e5gon av v\u00e5ra \u00e5terf\u00f6rs\u00e4ljare, vi har ett stort utbud av olika textilier som passar perfekt med alla stilar! Det g\u00e5r ocks\u00e5 att f\u00e5 dom olika&#8230;<\/p>\n","protected":false},"author":1,"featured_media":0,"parent":0,"menu_order":0,"comment_status":"closed","ping_status":"closed","template":"elementor_header_footer","meta":[],"translation":{"provider":"WPGlobus","version":"2.12.2","language":"sv","enabled_languages":["en","sv","nl"],"languages":{"en":{"title":true,"content":true,"excerpt":false},"sv":{"title":true,"content":true,"excerpt":false},"nl":{"title":true,"content":true,"excerpt":false}}},"yoast_head":"<!-- This site is optimized with the Yoast SEO plugin v20.13 - https:\/\/yoast.com\/wordpress\/plugins\/seo\/ -->\n<title>- Dorbien Beds - We create your dreams<\/title>\n<meta name=\"robots\" content=\"index, follow, max-snippet:-1, max-image-preview:large, max-video-preview:-1\" \/>\n<link rel=\"canonical\" href=\"https:\/\/www.dorbienbeds.com\/accessories\/\" \/>\n<meta property=\"og:locale\" content=\"sv_SE\" \/>\n<meta property=\"og:type\" content=\"article\" \/>\n<meta property=\"og:title\" content=\"- Dorbien Beds - We create your dreams\" \/>\n<meta property=\"og:url\" content=\"https:\/\/www.dorbienbeds.com\/accessories\/\" \/>\n<meta property=\"og:site_name\" content=\"Dorbien Beds - We create your dreams\" \/>\n<meta property=\"article:modified_time\" content=\"2022-06-14T09:09:26+00:00\" \/>\n<meta property=\"og:image\" content=\"https:\/\/www.dorbienbeds.com\/wp-content\/uploads\/2022\/02\/DSC3779-Stockholm-1024x768.jpeg\" \/>\n<meta name=\"twitter:card\" content=\"summary_large_image\" \/>\n<meta name=\"twitter:label1\" content=\"Ber\u00e4knad l\u00e4stid\" \/>\n\t<meta name=\"twitter:data1\" content=\"3 minuter\" \/>\n<script type=\"application\/ld+json\" class=\"yoast-schema-graph\">{\"@context\":\"https:\/\/schema.org\",\"@graph\":[{\"@type\":\"WebPage\",\"@id\":\"https:\/\/www.dorbienbeds.com\/accessories\/\",\"url\":\"https:\/\/www.dorbienbeds.com\/accessories\/\",\"name\":\"- Dorbien Beds - We create your dreams\",\"isPartOf\":{\"@id\":\"https:\/\/www.dorbienbeds.com\/#website\"},\"datePublished\":\"2020-09-23T14:46:30+00:00\",\"dateModified\":\"2022-06-14T09:09:26+00:00\",\"description\":\"Wondering if you\u2019ll find your favorite color or if our fabric will match your room decor? Ask our sales representatives, we have a wide selection of fabrics that fits perfectly with all styles!Available in different heights.\",\"breadcrumb\":{\"@id\":\"https:\/\/www.dorbienbeds.com\/accessories\/#breadcrumb\"},\"inLanguage\":\"sv-SE\",\"potentialAction\":[{\"@type\":\"ReadAction\",\"target\":[\"https:\/\/www.dorbienbeds.com\/accessories\/\"]}]},{\"@type\":\"BreadcrumbList\",\"@id\":\"https:\/\/www.dorbienbeds.com\/accessories\/#breadcrumb\",\"itemListElement\":[{\"@type\":\"ListItem\",\"position\":1,\"name\":\"Hem\",\"item\":\"https:\/\/www.dorbienbeds.com\/\"},{\"@type\":\"ListItem\",\"position\":2,\"name\":\"HEADBOARDS\"}]},{\"@type\":\"WebSite\",\"@id\":\"https:\/\/www.dorbienbeds.com\/#website\",\"url\":\"https:\/\/www.dorbienbeds.com\/\",\"name\":\"Dorbien Beds - We create your dreams\",\"description\":\"\",\"publisher\":{\"@id\":\"https:\/\/www.dorbienbeds.com\/#organization\"},\"potentialAction\":[{\"@type\":\"SearchAction\",\"target\":{\"@type\":\"EntryPoint\",\"urlTemplate\":\"https:\/\/www.dorbienbeds.com\/?s={search_term_string}\"},\"query-input\":\"required name=search_term_string\"}],\"inLanguage\":\"sv-SE\"},{\"@type\":\"Organization\",\"@id\":\"https:\/\/www.dorbienbeds.com\/#organization\",\"name\":\"Dormien Beds\",\"url\":\"https:\/\/www.dorbienbeds.com\/\",\"logo\":{\"@type\":\"ImageObject\",\"inLanguage\":\"sv-SE\",\"@id\":\"https:\/\/www.dorbienbeds.com\/#\/schema\/logo\/image\/\",\"url\":\"https:\/\/www.dorbienbeds.com\/wp-content\/uploads\/2020\/08\/logo-center.png\",\"contentUrl\":\"https:\/\/www.dorbienbeds.com\/wp-content\/uploads\/2020\/08\/logo-center.png\",\"width\":376,\"height\":200,\"caption\":\"Dormien Beds\"},\"image\":{\"@id\":\"https:\/\/www.dorbienbeds.com\/#\/schema\/logo\/image\/\"}}]}<\/script>\n<!-- \/ Yoast SEO plugin. -->","yoast_head_json":{"title":"- Dorbien Beds - We create your dreams","robots":{"index":"index","follow":"follow","max-snippet":"max-snippet:-1","max-image-preview":"max-image-preview:large","max-video-preview":"max-video-preview:-1"},"canonical":"https:\/\/www.dorbienbeds.com\/accessories\/","og_locale":"sv_SE","og_type":"article","og_title":"- Dorbien Beds - We create your dreams","og_url":"https:\/\/www.dorbienbeds.com\/accessories\/","og_site_name":"Dorbien Beds - We create your dreams","article_modified_time":"2022-06-14T09:09:26+00:00","og_image":[{"url":"https:\/\/www.dorbienbeds.com\/wp-content\/uploads\/2022\/02\/DSC3779-Stockholm-1024x768.jpeg"}],"twitter_card":"summary_large_image","twitter_misc":{"Ber\u00e4knad l\u00e4stid":"3 minuter"},"schema":{"@context":"https:\/\/schema.org","@graph":[{"@type":"WebPage","@id":"https:\/\/www.dorbienbeds.com\/accessories\/","url":"https:\/\/www.dorbienbeds.com\/accessories\/","name":"- Dorbien Beds - We create your dreams","isPartOf":{"@id":"https:\/\/www.dorbienbeds.com\/#website"},"datePublished":"2020-09-23T14:46:30+00:00","dateModified":"2022-06-14T09:09:26+00:00","description":"Wondering if you\u2019ll find your favorite color or if our fabric will match your room decor? Ask our sales representatives, we have a wide selection of fabrics that fits perfectly with all styles!Available in different heights.","breadcrumb":{"@id":"https:\/\/www.dorbienbeds.com\/accessories\/#breadcrumb"},"inLanguage":"sv-SE","potentialAction":[{"@type":"ReadAction","target":["https:\/\/www.dorbienbeds.com\/accessories\/"]}]},{"@type":"BreadcrumbList","@id":"https:\/\/www.dorbienbeds.com\/accessories\/#breadcrumb","itemListElement":[{"@type":"ListItem","position":1,"name":"Hem","item":"https:\/\/www.dorbienbeds.com\/"},{"@type":"ListItem","position":2,"name":"HEADBOARDS"}]},{"@type":"WebSite","@id":"https:\/\/www.dorbienbeds.com\/#website","url":"https:\/\/www.dorbienbeds.com\/","name":"Dorbien Beds - We create your dreams","description":"","publisher":{"@id":"https:\/\/www.dorbienbeds.com\/#organization"},"potentialAction":[{"@type":"SearchAction","target":{"@type":"EntryPoint","urlTemplate":"https:\/\/www.dorbienbeds.com\/?s={search_term_string}"},"query-input":"required name=search_term_string"}],"inLanguage":"sv-SE"},{"@type":"Organization","@id":"https:\/\/www.dorbienbeds.com\/#organization","name":"Dormien Beds","url":"https:\/\/www.dorbienbeds.com\/","logo":{"@type":"ImageObject","inLanguage":"sv-SE","@id":"https:\/\/www.dorbienbeds.com\/#\/schema\/logo\/image\/","url":"https:\/\/www.dorbienbeds.com\/wp-content\/uploads\/2020\/08\/logo-center.png","contentUrl":"https:\/\/www.dorbienbeds.com\/wp-content\/uploads\/2020\/08\/logo-center.png","width":376,"height":200,"caption":"Dormien Beds"},"image":{"@id":"https:\/\/www.dorbienbeds.com\/#\/schema\/logo\/image\/"}}]}},"_links":{"self":[{"href":"https:\/\/www.dorbienbeds.com\/sv\/wp-json\/wp\/v2\/pages\/175"}],"collection":[{"href":"https:\/\/www.dorbienbeds.com\/sv\/wp-json\/wp\/v2\/pages"}],"about":[{"href":"https:\/\/www.dorbienbeds.com\/sv\/wp-json\/wp\/v2\/types\/page"}],"author":[{"embeddable":true,"href":"https:\/\/www.dorbienbeds.com\/sv\/wp-json\/wp\/v2\/users\/1"}],"replies":[{"embeddable":true,"href":"https:\/\/www.dorbienbeds.com\/sv\/wp-json\/wp\/v2\/comments?post=175"}],"version-history":[{"count":50,"href":"https:\/\/www.dorbienbeds.com\/sv\/wp-json\/wp\/v2\/pages\/175\/revisions"}],"predecessor-version":[{"id":1684,"href":"https:\/\/www.dorbienbeds.com\/sv\/wp-json\/wp\/v2\/pages\/175\/revisions\/1684"}],"wp:attachment":[{"href":"https:\/\/www.dorbienbeds.com\/sv\/wp-json\/wp\/v2\/media?parent=175"}],"curies":[{"name":"wp","href":"https:\/\/api.w.org\/{rel}","templated":true}]}}