{"id":169,"date":"2020-09-23T16:44:44","date_gmt":"2020-09-23T14:44:44","guid":{"rendered":"https:\/\/www.dormienbeds.com\/?page_id=169"},"modified":"2022-02-17T13:11:28","modified_gmt":"2022-02-17T12:11:28","slug":"beds","status":"publish","type":"page","link":"https:\/\/www.dorbienbeds.com\/sv\/beds\/","title":{"rendered":"Beds"},"content":{"rendered":"<h1>S\u00e4ngar<\/h1>\n<p style=\"text-align: center;\">Att v\u00e4lja s\u00e4ng \u00e4r ett v\u00e4ldigt viktigt beslut. En l\u00e5ng text som f\u00f6rklarar hur bra v\u00e5ra s\u00e4ngar \u00e4r ingenting i j\u00e4mf\u00f6relse med att faktiskt pr\u00f6va dom p\u00e5 riktigt. Faktum \u00e4r att n\u00e4r du v\u00e4l pr\u00f6var, se d\u00e5 till att inte komma f\u00f6r sent till vad du \u00e4n hade planerat att g\u00f6ra efter\u00e5t. Risken finns att du somnar n\u00e4r du v\u00e4l pr\u00f6var en s\u00e4ng fr\u00e5n Dorbien&#8230;<\/p>\n<p style=\"text-align: center;\">\u00c4r du fortfarande nyfiken och inte kan v\u00e4nta p\u00e5 att f\u00e5 prova? D\u00e5 har vi h\u00e4r f\u00f6rberett en produkt\u00f6versikt som ett litet smakprov!<\/p>\n<p style=\"text-align: center;\">L\u00e5t oss kortfattat presentera v\u00e5ra s\u00e4ngkollektioner:<\/p>\n<p>\t\t\t\t\t\t\t\t\t\t\t\t<img loading=\"lazy\" decoding=\"async\" width=\"9921\" height=\"14031\" src=\"https:\/\/www.dorbienbeds.com\/wp-content\/uploads\/2022\/02\/Dorbien-collage.jpg\" alt=\"\" loading=\"lazy\" \/>\t\t\t\t\t\t\t\t\t\t\t\t\t\t<\/p>\n<h2>Sports<\/h2>\n<p>En aktiv kropp beh\u00f6ver vila p\u00e5 en responsiv och andningsbar yta. Vi skapade Sports-kollektionen f\u00f6r den som letar efter en smart och flexibel s\u00f6mnl\u00f6sning som minskar belastningen p\u00e5 kroppens tryckpunkter s\u00e5 som h\u00f6fter och axlar. Sports ger dig r\u00e4tt st\u00f6d till hela kroppen. De lager av Pocket Springs och Smartfiber ** tillsammans med talalaylatex g\u00f6r att du k\u00e4nner att du kan slappna av utan att tumma p\u00e5 h\u00e5llningen.<\/p>\n<p>\t\t\t<a itemprop=\"url\" href=\"\/sports-collection\" target=\"_self\" style=\"\" rel=\"noopener\">VISA ALLA SPORTS-S\u00c4NGAR<\/a>\t\t<\/p>\n<h2>Green<\/h2>\n<p>Ta med dig skogen hem! L\u00e5t denna plantbaserade skapelse bli en del av en livsstil som du k\u00e4nner dig stolt \u00f6ver, d\u00e5 valet \u00e4r r\u00e4tt b\u00e5de f\u00f6r din kropp och f\u00f6r milj\u00f6n. N\u00e4r du har upplevt en s\u00e4ng fr\u00e5n Green-kollektionen kommer du inte g\u00e5 tillbaka till n\u00e5got s\u00e4mre. Komforten ger en mycket responsiv k\u00e4nsla vilket g\u00f6r att du kan r\u00f6ra dig fritt men du kommer f\u00f6rmodligen somna snabbt eftersom du l\u00e4tt hittar den r\u00e4tta positionen.\u00a0<\/p>\n<p>\t\t\t<a itemprop=\"url\" href=\"\/green-collection\" target=\"_self\" style=\"\" rel=\"noopener\">VISA ALLA GREEN-S\u00c4NGAR<\/a><br \/>\n\t\t\t\t\t\t\t\t\t\t\t\t<img loading=\"lazy\" decoding=\"async\" width=\"1810\" height=\"2560\" src=\"https:\/\/www.dorbienbeds.com\/wp-content\/uploads\/2020\/10\/green-presentation-1-scaled.jpg\" alt=\"\" loading=\"lazy\" srcset=\"https:\/\/www.dorbienbeds.com\/wp-content\/uploads\/2020\/10\/green-presentation-1-scaled.jpg 1810w, https:\/\/www.dorbienbeds.com\/wp-content\/uploads\/2020\/10\/green-presentation-1-212x300.jpg 212w, https:\/\/www.dorbienbeds.com\/wp-content\/uploads\/2020\/10\/green-presentation-1-724x1024.jpg 724w, https:\/\/www.dorbienbeds.com\/wp-content\/uploads\/2020\/10\/green-presentation-1-768x1086.jpg 768w, https:\/\/www.dorbienbeds.com\/wp-content\/uploads\/2020\/10\/green-presentation-1-1086x1536.jpg 1086w, https:\/\/www.dorbienbeds.com\/wp-content\/uploads\/2020\/10\/green-presentation-1-1448x2048.jpg 1448w, https:\/\/www.dorbienbeds.com\/wp-content\/uploads\/2020\/10\/green-presentation-1-700x990.jpg 700w\" sizes=\"(max-width: 1810px) 100vw, 1810px\" \/><br \/>\n\t\t\t\t\t\t\t\t\t\t\t\t<img loading=\"lazy\" decoding=\"async\" width=\"1810\" height=\"2560\" src=\"https:\/\/www.dorbienbeds.com\/wp-content\/uploads\/2020\/10\/nature-presentation-scaled.jpg\" alt=\"\" loading=\"lazy\" srcset=\"https:\/\/www.dorbienbeds.com\/wp-content\/uploads\/2020\/10\/nature-presentation-scaled.jpg 1810w, https:\/\/www.dorbienbeds.com\/wp-content\/uploads\/2020\/10\/nature-presentation-212x300.jpg 212w, https:\/\/www.dorbienbeds.com\/wp-content\/uploads\/2020\/10\/nature-presentation-724x1024.jpg 724w, https:\/\/www.dorbienbeds.com\/wp-content\/uploads\/2020\/10\/nature-presentation-768x1086.jpg 768w, https:\/\/www.dorbienbeds.com\/wp-content\/uploads\/2020\/10\/nature-presentation-1086x1536.jpg 1086w, https:\/\/www.dorbienbeds.com\/wp-content\/uploads\/2020\/10\/nature-presentation-1448x2048.jpg 1448w, https:\/\/www.dorbienbeds.com\/wp-content\/uploads\/2020\/10\/nature-presentation-700x990.jpg 700w\" sizes=\"(max-width: 1810px) 100vw, 1810px\" \/>\t\t\t\t\t\t\t\t\t\t\t\t\t\t<\/p>\n<h2>Nature<\/h2>\n<p>Nature-kollektionen \u00e4r definitionen av &#8221;Ju mer desto b\u00e4ttre&#8221;.&nbsp; Av alla t\u00e4nkbara naturfibrer valde vi att skapa ett m\u00e4sterverk utav olika lager med h\u00e4sth\u00e5r, ull, bomull, furu och talalaylatex. Medan du ligger och dr\u00f6mmer gott kommer v\u00e5r kombination av pocketres\u00e5r se till att du forts\u00e4tter sova som ett barn natt efter natt och tupplur efter tupplur. Zzzzzz&#8230;<\/p>\n<p>\t\t\t<a itemprop=\"url\" href=\"\/nature-collection\" target=\"_self\" style=\"\" rel=\"noopener\">VISA ALLA NATURE-S\u00c4NGAR<\/a>\t\t<\/p>\n<h2>~ Alla v\u00e5ra tre kollektioner finns i tv\u00e5 kontinentalmodeller plus en Exclusive och en Extreme-variant<\/p>\n<p>~ Exclusive och Extreme \u00e4r justerbara s\u00e4ngar (motordrivna). <\/p>\n<p>~ V\u00e5ra olika modeller och varianter \u00e4r skapade med olika kombinationer av fj\u00e4derh\u00f6jder och<br \/>\nsp\u00e4ndhet. De g\u00e5r ocks\u00e5 att kombinera med v\u00e5ra tre olika b\u00e4ddmadrasser, s\u00e5 vi har m\u00e5nga m\u00f6jligheter att skapa den perfekta l\u00f6sningen f\u00f6r just dig.<\/h2>\n<p>\t\t\t\t\t\t\t\t\t\t\t\t<img loading=\"lazy\" decoding=\"async\" width=\"900\" height=\"380\" src=\"https:\/\/www.dorbienbeds.com\/wp-content\/uploads\/2020\/11\/smartfiber-presentation.jpg\" alt=\"\" loading=\"lazy\" srcset=\"https:\/\/www.dorbienbeds.com\/wp-content\/uploads\/2020\/11\/smartfiber-presentation.jpg 900w, https:\/\/www.dorbienbeds.com\/wp-content\/uploads\/2020\/11\/smartfiber-presentation-300x127.jpg 300w, https:\/\/www.dorbienbeds.com\/wp-content\/uploads\/2020\/11\/smartfiber-presentation-768x324.jpg 768w, https:\/\/www.dorbienbeds.com\/wp-content\/uploads\/2020\/11\/smartfiber-presentation-700x296.jpg 700w\" sizes=\"(max-width: 900px) 100vw, 900px\" \/>\t\t\t\t\t\t\t\t\t\t\t\t\t\t<\/p>\n<h2 style=\"text-align: center;\">Smartfiber**<\/h2>\n<p>En av hemligheterna bakom det fantastiska egenskaperna hos v\u00e5ra b\u00e4ddmadrasser, s\u00e4ngar, kuddar och t\u00e4cken stavas Smartfiber.\u00a0<\/p>\n<p>M\u00e5nga \u00e5rs forskning ligger bakom de unika egenskaperna hos detta fiber. Genom att bygga upp materialet fr\u00e5n ett naturligt kolfiberbaserat FILAMENT skapasett otroligt mjukt material som driver iv\u00e4g extra luft och h\u00e5ller kroppen behagligt torr. Med en j\u00e4mn kroppstemperatur kan du kraftigt reducera r\u00f6relser under natten. Det \u00e4r LENT\/MJUKT och fungerar i tysthet f\u00f6r att skapa en h\u00e4lsosam och sk\u00f6n sovmilj\u00f6. Eftersom att Smartfiber** \u00e4r s\u00e5 pass starkt kommer det att bibeh\u00e5lla sin naturliga struktur vilket g\u00f6r att du kan njuta \u00e5r efter \u00e5r.<\/p>\n<p>\t\t\t\t\t\t\t\t\t\t\t\t<img loading=\"lazy\" decoding=\"async\" width=\"900\" height=\"380\" src=\"https:\/\/www.dorbienbeds.com\/wp-content\/uploads\/2020\/11\/pocketsprings.jpg\" alt=\"\" loading=\"lazy\" srcset=\"https:\/\/www.dorbienbeds.com\/wp-content\/uploads\/2020\/11\/pocketsprings.jpg 900w, https:\/\/www.dorbienbeds.com\/wp-content\/uploads\/2020\/11\/pocketsprings-300x127.jpg 300w, https:\/\/www.dorbienbeds.com\/wp-content\/uploads\/2020\/11\/pocketsprings-768x324.jpg 768w, https:\/\/www.dorbienbeds.com\/wp-content\/uploads\/2020\/11\/pocketsprings-700x296.jpg 700w\" sizes=\"(max-width: 900px) 100vw, 900px\" \/>\t\t\t\t\t\t\t\t\t\t\t\t\t\t<\/p>\n<h2 style=\"text-align: center;\">Pocketres\u00e5r<\/h2>\n<p>Varje m\u00e4nniskokropp \u00e4r unik i b\u00e5de form och k\u00e4nsla. Med detta i \u00e5tanke har vi skapat flera kombinationer av olika fj\u00e4derlager f\u00f6r att garantera att du kan hitta en perfekt s\u00f6mnl\u00f6sning f\u00f6r just dig.<\/p>\n<p>Alla Dorbien s\u00e4ngar har fj\u00e4drar som \u00e4r individuellt placerade i tygp\u00e5sar. Denna teknik g\u00f6r att varje fj\u00e4der arbetar separat f\u00f6r att ta hand om din kroppsbelastning och r\u00f6relse medan du tar hand om dig sj\u00e4lv och din s\u00f6mn.<\/p>\n","protected":false},"excerpt":{"rendered":"<p>S\u00e4ngar Att v\u00e4lja s\u00e4ng \u00e4r ett v\u00e4ldigt viktigt beslut. En l\u00e5ng text som f\u00f6rklarar hur bra v\u00e5ra s\u00e4ngar \u00e4r ingenting i j\u00e4mf\u00f6relse med att faktiskt pr\u00f6va dom p\u00e5 riktigt. Faktum \u00e4r att n\u00e4r du v\u00e4l pr\u00f6var, se d\u00e5 till att inte komma f\u00f6r sent till&#8230;<\/p>\n","protected":false},"author":1,"featured_media":0,"parent":0,"menu_order":0,"comment_status":"closed","ping_status":"closed","template":"elementor_header_footer","meta":[],"translation":{"provider":"WPGlobus","version":"2.12.2","language":"sv","enabled_languages":["en","sv","nl"],"languages":{"en":{"title":true,"content":true,"excerpt":false},"sv":{"title":true,"content":true,"excerpt":false},"nl":{"title":true,"content":true,"excerpt":false}}},"yoast_head":"<!-- This site is optimized with the Yoast SEO plugin v20.13 - https:\/\/yoast.com\/wordpress\/plugins\/seo\/ -->\n<title>- Dorbien Beds - We create your dreams<\/title>\n<meta name=\"robots\" content=\"index, follow, max-snippet:-1, max-image-preview:large, max-video-preview:-1\" \/>\n<link rel=\"canonical\" href=\"https:\/\/www.dorbienbeds.com\/beds\/\" \/>\n<meta property=\"og:locale\" content=\"sv_SE\" \/>\n<meta property=\"og:type\" content=\"article\" \/>\n<meta property=\"og:title\" content=\"- Dorbien Beds - We create your dreams\" \/>\n<meta property=\"og:url\" content=\"https:\/\/www.dorbienbeds.com\/beds\/\" \/>\n<meta property=\"og:site_name\" content=\"Dorbien Beds - We create your dreams\" \/>\n<meta property=\"article:modified_time\" content=\"2022-02-17T12:11:28+00:00\" \/>\n<meta property=\"og:image\" content=\"https:\/\/www.dorbienbeds.com\/wp-content\/uploads\/2022\/02\/Dorbien-collage.jpg\" \/>\n<meta name=\"twitter:card\" content=\"summary_large_image\" \/>\n<meta name=\"twitter:label1\" content=\"Ber\u00e4knad l\u00e4stid\" \/>\n\t<meta name=\"twitter:data1\" content=\"4 minuter\" \/>\n<script type=\"application\/ld+json\" class=\"yoast-schema-graph\">{\"@context\":\"https:\/\/schema.org\",\"@graph\":[{\"@type\":\"WebPage\",\"@id\":\"https:\/\/www.dorbienbeds.com\/beds\/\",\"url\":\"https:\/\/www.dorbienbeds.com\/beds\/\",\"name\":\"- Dorbien Beds - We create your dreams\",\"isPartOf\":{\"@id\":\"https:\/\/www.dorbienbeds.com\/#website\"},\"datePublished\":\"2020-09-23T14:44:44+00:00\",\"dateModified\":\"2022-02-17T12:11:28+00:00\",\"description\":\"L\u00e5t oss presentera v\u00e5ra 3 s\u00e4ngserier: Sport, Green och Natur. V\u00e5ra s\u00e4ngar finns ocks\u00e5 i exclusive och extreme-varianter.\",\"breadcrumb\":{\"@id\":\"https:\/\/www.dorbienbeds.com\/beds\/#breadcrumb\"},\"inLanguage\":\"sv-SE\",\"potentialAction\":[{\"@type\":\"ReadAction\",\"target\":[\"https:\/\/www.dorbienbeds.com\/beds\/\"]}]},{\"@type\":\"BreadcrumbList\",\"@id\":\"https:\/\/www.dorbienbeds.com\/beds\/#breadcrumb\",\"itemListElement\":[{\"@type\":\"ListItem\",\"position\":1,\"name\":\"Hem\",\"item\":\"https:\/\/www.dorbienbeds.com\/\"},{\"@type\":\"ListItem\",\"position\":2,\"name\":\"Beds\"}]},{\"@type\":\"WebSite\",\"@id\":\"https:\/\/www.dorbienbeds.com\/#website\",\"url\":\"https:\/\/www.dorbienbeds.com\/\",\"name\":\"Dorbien Beds - We create your dreams\",\"description\":\"\",\"publisher\":{\"@id\":\"https:\/\/www.dorbienbeds.com\/#organization\"},\"potentialAction\":[{\"@type\":\"SearchAction\",\"target\":{\"@type\":\"EntryPoint\",\"urlTemplate\":\"https:\/\/www.dorbienbeds.com\/?s={search_term_string}\"},\"query-input\":\"required name=search_term_string\"}],\"inLanguage\":\"sv-SE\"},{\"@type\":\"Organization\",\"@id\":\"https:\/\/www.dorbienbeds.com\/#organization\",\"name\":\"Dormien Beds\",\"url\":\"https:\/\/www.dorbienbeds.com\/\",\"logo\":{\"@type\":\"ImageObject\",\"inLanguage\":\"sv-SE\",\"@id\":\"https:\/\/www.dorbienbeds.com\/#\/schema\/logo\/image\/\",\"url\":\"https:\/\/www.dorbienbeds.com\/wp-content\/uploads\/2020\/08\/logo-center.png\",\"contentUrl\":\"https:\/\/www.dorbienbeds.com\/wp-content\/uploads\/2020\/08\/logo-center.png\",\"width\":376,\"height\":200,\"caption\":\"Dormien Beds\"},\"image\":{\"@id\":\"https:\/\/www.dorbienbeds.com\/#\/schema\/logo\/image\/\"}}]}<\/script>\n<!-- \/ Yoast SEO plugin. -->","yoast_head_json":{"title":"- Dorbien Beds - We create your dreams","robots":{"index":"index","follow":"follow","max-snippet":"max-snippet:-1","max-image-preview":"max-image-preview:large","max-video-preview":"max-video-preview:-1"},"canonical":"https:\/\/www.dorbienbeds.com\/beds\/","og_locale":"sv_SE","og_type":"article","og_title":"- Dorbien Beds - We create your dreams","og_url":"https:\/\/www.dorbienbeds.com\/beds\/","og_site_name":"Dorbien Beds - We create your dreams","article_modified_time":"2022-02-17T12:11:28+00:00","og_image":[{"url":"https:\/\/www.dorbienbeds.com\/wp-content\/uploads\/2022\/02\/Dorbien-collage.jpg"}],"twitter_card":"summary_large_image","twitter_misc":{"Ber\u00e4knad l\u00e4stid":"4 minuter"},"schema":{"@context":"https:\/\/schema.org","@graph":[{"@type":"WebPage","@id":"https:\/\/www.dorbienbeds.com\/beds\/","url":"https:\/\/www.dorbienbeds.com\/beds\/","name":"- Dorbien Beds - We create your dreams","isPartOf":{"@id":"https:\/\/www.dorbienbeds.com\/#website"},"datePublished":"2020-09-23T14:44:44+00:00","dateModified":"2022-02-17T12:11:28+00:00","description":"L\u00e5t oss presentera v\u00e5ra 3 s\u00e4ngserier: Sport, Green och Natur. V\u00e5ra s\u00e4ngar finns ocks\u00e5 i exclusive och extreme-varianter.","breadcrumb":{"@id":"https:\/\/www.dorbienbeds.com\/beds\/#breadcrumb"},"inLanguage":"sv-SE","potentialAction":[{"@type":"ReadAction","target":["https:\/\/www.dorbienbeds.com\/beds\/"]}]},{"@type":"BreadcrumbList","@id":"https:\/\/www.dorbienbeds.com\/beds\/#breadcrumb","itemListElement":[{"@type":"ListItem","position":1,"name":"Hem","item":"https:\/\/www.dorbienbeds.com\/"},{"@type":"ListItem","position":2,"name":"Beds"}]},{"@type":"WebSite","@id":"https:\/\/www.dorbienbeds.com\/#website","url":"https:\/\/www.dorbienbeds.com\/","name":"Dorbien Beds - We create your dreams","description":"","publisher":{"@id":"https:\/\/www.dorbienbeds.com\/#organization"},"potentialAction":[{"@type":"SearchAction","target":{"@type":"EntryPoint","urlTemplate":"https:\/\/www.dorbienbeds.com\/?s={search_term_string}"},"query-input":"required name=search_term_string"}],"inLanguage":"sv-SE"},{"@type":"Organization","@id":"https:\/\/www.dorbienbeds.com\/#organization","name":"Dormien Beds","url":"https:\/\/www.dorbienbeds.com\/","logo":{"@type":"ImageObject","inLanguage":"sv-SE","@id":"https:\/\/www.dorbienbeds.com\/#\/schema\/logo\/image\/","url":"https:\/\/www.dorbienbeds.com\/wp-content\/uploads\/2020\/08\/logo-center.png","contentUrl":"https:\/\/www.dorbienbeds.com\/wp-content\/uploads\/2020\/08\/logo-center.png","width":376,"height":200,"caption":"Dormien Beds"},"image":{"@id":"https:\/\/www.dorbienbeds.com\/#\/schema\/logo\/image\/"}}]}},"_links":{"self":[{"href":"https:\/\/www.dorbienbeds.com\/sv\/wp-json\/wp\/v2\/pages\/169"}],"collection":[{"href":"https:\/\/www.dorbienbeds.com\/sv\/wp-json\/wp\/v2\/pages"}],"about":[{"href":"https:\/\/www.dorbienbeds.com\/sv\/wp-json\/wp\/v2\/types\/page"}],"author":[{"embeddable":true,"href":"https:\/\/www.dorbienbeds.com\/sv\/wp-json\/wp\/v2\/users\/1"}],"replies":[{"embeddable":true,"href":"https:\/\/www.dorbienbeds.com\/sv\/wp-json\/wp\/v2\/comments?post=169"}],"version-history":[{"count":177,"href":"https:\/\/www.dorbienbeds.com\/sv\/wp-json\/wp\/v2\/pages\/169\/revisions"}],"predecessor-version":[{"id":1332,"href":"https:\/\/www.dorbienbeds.com\/sv\/wp-json\/wp\/v2\/pages\/169\/revisions\/1332"}],"wp:attachment":[{"href":"https:\/\/www.dorbienbeds.com\/sv\/wp-json\/wp\/v2\/media?parent=169"}],"curies":[{"name":"wp","href":"https:\/\/api.w.org\/{rel}","templated":true}]}}