{"id":1129,"date":"2022-02-18T08:10:28","date_gmt":"2022-02-18T07:10:28","guid":{"rendered":"https:\/\/www.dorbienbeds.com\/?page_id=1129"},"modified":"2024-05-27T13:14:36","modified_gmt":"2024-05-27T11:14:36","slug":"home-2","status":"publish","type":"page","link":"https:\/\/www.dorbienbeds.com\/sv\/home-2\/","title":{"rendered":"HOME"},"content":{"rendered":"<h1>V\u00e4lkommen till v\u00e5r v\u00e4rld<\/h1>\n<p style=\"text-align: center;\">Dorbien Beds \u00e4r ett f\u00f6retag baserat i Sverige, i den lilla staden Kungs\u00f6r. Det \u00e4r en vacker plats bel\u00e4gen vid M\u00e4laren och omgiven av skog. Naturen och observationer i vardagen \u00e4r inspirationsk\u00e4llan n\u00e4r vi skapar v\u00e5ra produkter.<br \/>V\u00e5ra tv\u00e5 grundl\u00e4ggande v\u00e4rden \u00e4r <strong>f\u00f6rtroende<\/strong> och <strong>respekt<\/strong>.<\/p>\n<p style=\"text-align: center;\">Vi \u00e4r inte bara ett f\u00f6retag; vi \u00e4r ett team av erfarna proffs fr\u00e5n s\u00e4ngbranschen och vi har ett s\u00e4rskilt \u00f6ga f\u00f6r sport. Nu kanske du undrar vad det har med s\u00e4ngar att g\u00f6ra? En del av tekniken som anv\u00e4nds i sportprodukter f\u00f6r b\u00e4ttre prestanda anv\u00e4nds ocks\u00e5 i v\u00e5ra s\u00e4ngar. Tillsammans har vi minst 120 \u00e5rs erfarenhet av att sprida god s\u00f6mn och v\u00e4lbefinnande \u00f6ver hela v\u00e4rlden. Med denna erfarenhet och kunskap tror vi att allt \u00e4r m\u00f6jligt och d\u00e4rf\u00f6r kan vi erbjuda dig det b\u00e4sta av tv\u00e5 v\u00e4rldar i v\u00e5ra produkter: Produkter som \u00e4r b\u00e5de <b>funktionella<\/b> och <b>naturliga<\/b>.<\/p>\n<p style=\"text-align: center;\">Vill du veta mer om produkter?<\/p>\n<p style=\"text-align: center;\">Kontakta oss p\u00e5<a style=\"color: #eda907;\" href=\"mailto:info@dorbienbeds.com\"> info@dorbienbeds.com<\/a><\/p>\n<p>\t\t\t\t\t\t\t\t\t\t\t\t<img loading=\"lazy\" decoding=\"async\" width=\"1193\" height=\"1186\" src=\"https:\/\/www.dorbienbeds.com\/wp-content\/uploads\/2022\/02\/DSC1711-detalj-Large.jpeg\" alt=\"\" loading=\"lazy\" srcset=\"https:\/\/www.dorbienbeds.com\/wp-content\/uploads\/2022\/02\/DSC1711-detalj-Large.jpeg 1193w, https:\/\/www.dorbienbeds.com\/wp-content\/uploads\/2022\/02\/DSC1711-detalj-Large-300x298.jpeg 300w, https:\/\/www.dorbienbeds.com\/wp-content\/uploads\/2022\/02\/DSC1711-detalj-Large-1024x1018.jpeg 1024w, https:\/\/www.dorbienbeds.com\/wp-content\/uploads\/2022\/02\/DSC1711-detalj-Large-150x150.jpeg 150w, https:\/\/www.dorbienbeds.com\/wp-content\/uploads\/2022\/02\/DSC1711-detalj-Large-768x763.jpeg 768w, https:\/\/www.dorbienbeds.com\/wp-content\/uploads\/2022\/02\/DSC1711-detalj-Large-700x696.jpeg 700w\" sizes=\"(max-width: 1193px) 100vw, 1193px\" \/>\t\t\t\t\t\t\t\t\t\t\t\t\t\t<\/p>\n<h2>Anpassad &#8211; om du letar efter det unika<\/h2>\n<p>Ta reda p\u00e5 hur l\u00e4tt det \u00e4r f\u00f6r dig att f\u00e5 bra s\u00f6mn riktigt snabbt och i det format just du \u00f6nskar. Vi \u00e4lskar v\u00e5ra kunder och vi skulle g\u00e4rna h\u00f6ra fr\u00e5n dig. Om du har specialstorlekar eller andra design\u00f6nskem\u00e5l, kontakta oss s\u00e5 hittar vi en l\u00f6sning f\u00f6r dig!<\/p>\n<h2>Global n\u00e4rvaro<\/h2>\n<p>V\u00e5rt varum\u00e4rke har introducerats i de flesta l\u00e4nder i Europa, Amerika och Asien och vi \u00e4r i st\u00e4ndig expansion. Tack vare v\u00e5ra m\u00e5nga distributionskanaler kan \u00e4ven du f\u00e5 ta del av v\u00e5ra Dorbien-produkter, tveka inte att kontakta oss och ta reda p\u00e5 mer.<\/p>\n<p>\t\t\t\t\t\t\t\t\t\t\t\t<img loading=\"lazy\" decoding=\"async\" width=\"2560\" height=\"1613\" src=\"https:\/\/www.dorbienbeds.com\/wp-content\/uploads\/2022\/02\/DSC7303-moljo-scaled.jpg\" alt=\"\" loading=\"lazy\" srcset=\"https:\/\/www.dorbienbeds.com\/wp-content\/uploads\/2022\/02\/DSC7303-moljo-scaled.jpg 2560w, https:\/\/www.dorbienbeds.com\/wp-content\/uploads\/2022\/02\/DSC7303-moljo-300x189.jpg 300w, https:\/\/www.dorbienbeds.com\/wp-content\/uploads\/2022\/02\/DSC7303-moljo-1024x645.jpg 1024w, https:\/\/www.dorbienbeds.com\/wp-content\/uploads\/2022\/02\/DSC7303-moljo-768x484.jpg 768w, https:\/\/www.dorbienbeds.com\/wp-content\/uploads\/2022\/02\/DSC7303-moljo-1536x968.jpg 1536w, https:\/\/www.dorbienbeds.com\/wp-content\/uploads\/2022\/02\/DSC7303-moljo-2048x1290.jpg 2048w, https:\/\/www.dorbienbeds.com\/wp-content\/uploads\/2022\/02\/DSC7303-moljo-700x441.jpg 700w\" sizes=\"(max-width: 2560px) 100vw, 2560px\" \/>\t\t\t\t\t\t\t\t\t\t\t\t\t\t<\/p>\n<h2>V\u00e5ra produkter<\/h2>\n<p style=\"text-align: center;\">V\u00e5rt produktsortiment visar ett urval av s\u00f6mnl\u00f6sningar gjorda med vad vi kallar &#8221;smart layers&#8221;. De kan antingen vara naturliga fibrer som h\u00e4sth\u00e5r, ull, bomull, talalaylatex eller i kombination med tekniker inspirerad av den moderna industrin.<\/p>\n<p style=\"text-align: center;\">Vi har noggrant valt ut och kombinerat v\u00e5ra material f\u00f6r att kunna erbjuda dig fantastiska produkter.<\/p>\n<p style=\"text-align: center;\">Definiera din s\u00f6mn genom att v\u00e4lja vad du tror \u00e4r det b\u00e4sta f\u00f6r dig. Vi \u00e4r h\u00e4r f\u00f6r att v\u00e4gleda dig p\u00e5 den h\u00e4r resan. Ditt f\u00f6rsta steg togs redan n\u00e4r den h\u00e4r produkt\u00f6versikten f\u00e5ngande din uppm\u00e4rksamhet.<\/p>\n<p style=\"text-align: center;\">Sov s\u00e5 gott&#8230;<\/p>\n<p>\t\t\t<a href=\"\/beds\" role=\"button\"><br \/>\n\t\t\t\t\t\tUPPT\u00c4CK V\u00c5RA S\u00c4NGAR<br \/>\n\t\t\t\t\t<\/a><\/p>\n","protected":false},"excerpt":{"rendered":"<p>V\u00e4lkommen till v\u00e5r v\u00e4rld Dorbien Beds \u00e4r ett f\u00f6retag baserat i Sverige, i den lilla staden Kungs\u00f6r. Det \u00e4r en vacker plats bel\u00e4gen vid M\u00e4laren och omgiven av skog. Naturen och observationer i vardagen \u00e4r inspirationsk\u00e4llan n\u00e4r vi skapar v\u00e5ra produkter.V\u00e5ra tv\u00e5 grundl\u00e4ggande v\u00e4rden \u00e4r&#8230;<\/p>\n","protected":false},"author":5,"featured_media":0,"parent":0,"menu_order":0,"comment_status":"closed","ping_status":"closed","template":"","meta":[],"translation":{"provider":"WPGlobus","version":"2.12.2","language":"sv","enabled_languages":["en","sv","nl"],"languages":{"en":{"title":true,"content":true,"excerpt":false},"sv":{"title":true,"content":true,"excerpt":false},"nl":{"title":true,"content":true,"excerpt":false}}},"yoast_head":"<!-- This site is optimized with the Yoast SEO plugin v20.13 - https:\/\/yoast.com\/wordpress\/plugins\/seo\/ -->\n<title>- Dorbien Beds - We create your dreams<\/title>\n<meta name=\"robots\" content=\"index, follow, max-snippet:-1, max-image-preview:large, max-video-preview:-1\" \/>\n<link rel=\"canonical\" href=\"https:\/\/www.dorbienbeds.com\/home-2\/\" \/>\n<meta property=\"og:locale\" content=\"sv_SE\" \/>\n<meta property=\"og:type\" content=\"article\" \/>\n<meta property=\"og:title\" content=\"- Dorbien Beds - We create your dreams\" \/>\n<meta property=\"og:url\" content=\"https:\/\/www.dorbienbeds.com\/home-2\/\" \/>\n<meta property=\"og:site_name\" content=\"Dorbien Beds - We create your dreams\" \/>\n<meta property=\"article:modified_time\" content=\"2024-05-27T11:14:36+00:00\" \/>\n<meta property=\"og:image\" content=\"https:\/\/www.dorbienbeds.com\/wp-content\/uploads\/2022\/02\/DSC1711-detalj-Large.jpeg\" \/>\n<meta name=\"twitter:card\" content=\"summary_large_image\" \/>\n<meta name=\"twitter:label1\" content=\"Ber\u00e4knad l\u00e4stid\" \/>\n\t<meta name=\"twitter:data1\" content=\"3 minuter\" \/>\n<script type=\"application\/ld+json\" class=\"yoast-schema-graph\">{\"@context\":\"https:\/\/schema.org\",\"@graph\":[{\"@type\":\"WebPage\",\"@id\":\"https:\/\/www.dorbienbeds.com\/home-2\/\",\"url\":\"https:\/\/www.dorbienbeds.com\/home-2\/\",\"name\":\"- Dorbien Beds - We create your dreams\",\"isPartOf\":{\"@id\":\"https:\/\/www.dorbienbeds.com\/#website\"},\"datePublished\":\"2022-02-18T07:10:28+00:00\",\"dateModified\":\"2024-05-27T11:14:36+00:00\",\"breadcrumb\":{\"@id\":\"https:\/\/www.dorbienbeds.com\/home-2\/#breadcrumb\"},\"inLanguage\":\"sv-SE\",\"potentialAction\":[{\"@type\":\"ReadAction\",\"target\":[\"https:\/\/www.dorbienbeds.com\/home-2\/\"]}]},{\"@type\":\"BreadcrumbList\",\"@id\":\"https:\/\/www.dorbienbeds.com\/home-2\/#breadcrumb\",\"itemListElement\":[{\"@type\":\"ListItem\",\"position\":1,\"name\":\"Hem\",\"item\":\"https:\/\/www.dorbienbeds.com\/\"},{\"@type\":\"ListItem\",\"position\":2,\"name\":\"HOME\"}]},{\"@type\":\"WebSite\",\"@id\":\"https:\/\/www.dorbienbeds.com\/#website\",\"url\":\"https:\/\/www.dorbienbeds.com\/\",\"name\":\"Dorbien Beds - We create your dreams\",\"description\":\"\",\"publisher\":{\"@id\":\"https:\/\/www.dorbienbeds.com\/#organization\"},\"potentialAction\":[{\"@type\":\"SearchAction\",\"target\":{\"@type\":\"EntryPoint\",\"urlTemplate\":\"https:\/\/www.dorbienbeds.com\/?s={search_term_string}\"},\"query-input\":\"required name=search_term_string\"}],\"inLanguage\":\"sv-SE\"},{\"@type\":\"Organization\",\"@id\":\"https:\/\/www.dorbienbeds.com\/#organization\",\"name\":\"Dormien Beds\",\"url\":\"https:\/\/www.dorbienbeds.com\/\",\"logo\":{\"@type\":\"ImageObject\",\"inLanguage\":\"sv-SE\",\"@id\":\"https:\/\/www.dorbienbeds.com\/#\/schema\/logo\/image\/\",\"url\":\"https:\/\/www.dorbienbeds.com\/wp-content\/uploads\/2020\/08\/logo-center.png\",\"contentUrl\":\"https:\/\/www.dorbienbeds.com\/wp-content\/uploads\/2020\/08\/logo-center.png\",\"width\":376,\"height\":200,\"caption\":\"Dormien Beds\"},\"image\":{\"@id\":\"https:\/\/www.dorbienbeds.com\/#\/schema\/logo\/image\/\"}}]}<\/script>\n<!-- \/ Yoast SEO plugin. -->","yoast_head_json":{"title":"- Dorbien Beds - We create your dreams","robots":{"index":"index","follow":"follow","max-snippet":"max-snippet:-1","max-image-preview":"max-image-preview:large","max-video-preview":"max-video-preview:-1"},"canonical":"https:\/\/www.dorbienbeds.com\/home-2\/","og_locale":"sv_SE","og_type":"article","og_title":"- Dorbien Beds - We create your dreams","og_url":"https:\/\/www.dorbienbeds.com\/home-2\/","og_site_name":"Dorbien Beds - We create your dreams","article_modified_time":"2024-05-27T11:14:36+00:00","og_image":[{"url":"https:\/\/www.dorbienbeds.com\/wp-content\/uploads\/2022\/02\/DSC1711-detalj-Large.jpeg"}],"twitter_card":"summary_large_image","twitter_misc":{"Ber\u00e4knad l\u00e4stid":"3 minuter"},"schema":{"@context":"https:\/\/schema.org","@graph":[{"@type":"WebPage","@id":"https:\/\/www.dorbienbeds.com\/home-2\/","url":"https:\/\/www.dorbienbeds.com\/home-2\/","name":"- Dorbien Beds - We create your dreams","isPartOf":{"@id":"https:\/\/www.dorbienbeds.com\/#website"},"datePublished":"2022-02-18T07:10:28+00:00","dateModified":"2024-05-27T11:14:36+00:00","breadcrumb":{"@id":"https:\/\/www.dorbienbeds.com\/home-2\/#breadcrumb"},"inLanguage":"sv-SE","potentialAction":[{"@type":"ReadAction","target":["https:\/\/www.dorbienbeds.com\/home-2\/"]}]},{"@type":"BreadcrumbList","@id":"https:\/\/www.dorbienbeds.com\/home-2\/#breadcrumb","itemListElement":[{"@type":"ListItem","position":1,"name":"Hem","item":"https:\/\/www.dorbienbeds.com\/"},{"@type":"ListItem","position":2,"name":"HOME"}]},{"@type":"WebSite","@id":"https:\/\/www.dorbienbeds.com\/#website","url":"https:\/\/www.dorbienbeds.com\/","name":"Dorbien Beds - We create your dreams","description":"","publisher":{"@id":"https:\/\/www.dorbienbeds.com\/#organization"},"potentialAction":[{"@type":"SearchAction","target":{"@type":"EntryPoint","urlTemplate":"https:\/\/www.dorbienbeds.com\/?s={search_term_string}"},"query-input":"required name=search_term_string"}],"inLanguage":"sv-SE"},{"@type":"Organization","@id":"https:\/\/www.dorbienbeds.com\/#organization","name":"Dormien Beds","url":"https:\/\/www.dorbienbeds.com\/","logo":{"@type":"ImageObject","inLanguage":"sv-SE","@id":"https:\/\/www.dorbienbeds.com\/#\/schema\/logo\/image\/","url":"https:\/\/www.dorbienbeds.com\/wp-content\/uploads\/2020\/08\/logo-center.png","contentUrl":"https:\/\/www.dorbienbeds.com\/wp-content\/uploads\/2020\/08\/logo-center.png","width":376,"height":200,"caption":"Dormien Beds"},"image":{"@id":"https:\/\/www.dorbienbeds.com\/#\/schema\/logo\/image\/"}}]}},"_links":{"self":[{"href":"https:\/\/www.dorbienbeds.com\/sv\/wp-json\/wp\/v2\/pages\/1129"}],"collection":[{"href":"https:\/\/www.dorbienbeds.com\/sv\/wp-json\/wp\/v2\/pages"}],"about":[{"href":"https:\/\/www.dorbienbeds.com\/sv\/wp-json\/wp\/v2\/types\/page"}],"author":[{"embeddable":true,"href":"https:\/\/www.dorbienbeds.com\/sv\/wp-json\/wp\/v2\/users\/5"}],"replies":[{"embeddable":true,"href":"https:\/\/www.dorbienbeds.com\/sv\/wp-json\/wp\/v2\/comments?post=1129"}],"version-history":[{"count":30,"href":"https:\/\/www.dorbienbeds.com\/sv\/wp-json\/wp\/v2\/pages\/1129\/revisions"}],"predecessor-version":[{"id":1653,"href":"https:\/\/www.dorbienbeds.com\/sv\/wp-json\/wp\/v2\/pages\/1129\/revisions\/1653"}],"wp:attachment":[{"href":"https:\/\/www.dorbienbeds.com\/sv\/wp-json\/wp\/v2\/media?parent=1129"}],"curies":[{"name":"wp","href":"https:\/\/api.w.org\/{rel}","templated":true}]}}