{"id":169,"date":"2020-09-23T16:44:44","date_gmt":"2020-09-23T14:44:44","guid":{"rendered":"https:\/\/www.dormienbeds.com\/?page_id=169"},"modified":"2022-02-17T13:11:28","modified_gmt":"2022-02-17T12:11:28","slug":"beds","status":"publish","type":"page","link":"https:\/\/www.dorbienbeds.com\/nl\/beds\/","title":{"rendered":"Elementor #169"},"content":{"rendered":"<h1>Bedden<\/h1>\n<p style=\"text-align: center;\">Een bed kiezen is een heel belangrijke beslissing. Een lange tekst die je vertelt hoe fijn het bed is, weegt niet op tegen uitproberen in het echt.<\/p>\n<p style=\"text-align: center;\">In dat geval moet je er wel voor zorgen dat je niet te laat komt voor je volgende afspraak. Je loopt namelijk het risico in slaap te vallen als je een Dorbien-bed uitprobeert\u2026<\/p>\n<p style=\"text-align: center;\">\u00a0<\/p>\n<p style=\"text-align: center;\">Nieuwsgierig en popelend van ongeduld om onze bedden uit te proberen? Het volgende overzicht geeft je alvast een voorproefje!<\/p>\n<p style=\"text-align: center;\">\u00a0<\/p>\n<p style=\"text-align: center;\">We stellen onze serie bedden graag aan je voor:<\/p>\n<p>\t\t\t\t\t\t\t\t\t\t\t\t<img loading=\"lazy\" decoding=\"async\" width=\"9921\" height=\"14031\" src=\"https:\/\/www.dorbienbeds.com\/wp-content\/uploads\/2022\/02\/Dorbien-collage.jpg\" alt=\"\" loading=\"lazy\" \/>\t\t\t\t\t\t\t\t\t\t\t\t\t\t<\/p>\n<h2>Sports<\/h2>\n<p>Een actief lichaam moet kunnen uitrusten op een ademende ondergrond die zich aan jou aanpast. De Sports-collectie is ontworpen voor mensen die op zoek zijn naar een slimme slaapoplossing die heel flexibel is en de spanning in drukpunten zoals heupen en schouders verlicht.<\/p>\n<p>\u00a0<\/p>\n<p>De bedden in de Sports-collectie bieden alle delen van het lichaam de juiste ondersteuning. De lagen met pocketveren en Smartfiber** in combinatie met Talalay-latex zorgen ervoor dat je je in de juiste houding kunt ontspannen.<\/p>\n<p>\t\t\t<a itemprop=\"url\" href=\"\/sports-collection\" target=\"_self\" style=\"\" rel=\"noopener\">BEKIJK ALLE BEDDEN IN DE SPORTS-COLLECTIE<\/a>\t\t<\/p>\n<h2>Green<\/h2>\n<p>Haal het bos in huis! Integreer deze natuurlijke producten in je manier van leven en kies bewust voor wat goed is voor je lichaam en het milieu. Als je kiest voor de Green-collectie wil je nooit meer iets anders. Je ervaart het comfort van een matras dat zich snel aanpast aan je lichaam, waardoor je je makkelijk kunt bewegen en omdraaien. Maar waarschijnlijk slaap je al voordat het zover komt omdat je meteen de juiste houding vindt.<\/p>\n<p>\t\t\t<a itemprop=\"url\" href=\"\/green-collection\" target=\"_self\" style=\"\" rel=\"noopener\">BEKIJK ALLE BEDDEN IN DE GREEN-COLLECTIE<\/a><br \/>\n\t\t\t\t\t\t\t\t\t\t\t\t<img loading=\"lazy\" decoding=\"async\" width=\"1810\" height=\"2560\" src=\"https:\/\/www.dorbienbeds.com\/wp-content\/uploads\/2020\/10\/green-presentation-1-scaled.jpg\" alt=\"\" loading=\"lazy\" srcset=\"https:\/\/www.dorbienbeds.com\/wp-content\/uploads\/2020\/10\/green-presentation-1-scaled.jpg 1810w, https:\/\/www.dorbienbeds.com\/wp-content\/uploads\/2020\/10\/green-presentation-1-212x300.jpg 212w, https:\/\/www.dorbienbeds.com\/wp-content\/uploads\/2020\/10\/green-presentation-1-724x1024.jpg 724w, https:\/\/www.dorbienbeds.com\/wp-content\/uploads\/2020\/10\/green-presentation-1-768x1086.jpg 768w, https:\/\/www.dorbienbeds.com\/wp-content\/uploads\/2020\/10\/green-presentation-1-1086x1536.jpg 1086w, https:\/\/www.dorbienbeds.com\/wp-content\/uploads\/2020\/10\/green-presentation-1-1448x2048.jpg 1448w, https:\/\/www.dorbienbeds.com\/wp-content\/uploads\/2020\/10\/green-presentation-1-700x990.jpg 700w\" sizes=\"(max-width: 1810px) 100vw, 1810px\" \/><br \/>\n\t\t\t\t\t\t\t\t\t\t\t\t<img loading=\"lazy\" decoding=\"async\" width=\"1810\" height=\"2560\" src=\"https:\/\/www.dorbienbeds.com\/wp-content\/uploads\/2020\/10\/nature-presentation-scaled.jpg\" alt=\"\" loading=\"lazy\" srcset=\"https:\/\/www.dorbienbeds.com\/wp-content\/uploads\/2020\/10\/nature-presentation-scaled.jpg 1810w, https:\/\/www.dorbienbeds.com\/wp-content\/uploads\/2020\/10\/nature-presentation-212x300.jpg 212w, https:\/\/www.dorbienbeds.com\/wp-content\/uploads\/2020\/10\/nature-presentation-724x1024.jpg 724w, https:\/\/www.dorbienbeds.com\/wp-content\/uploads\/2020\/10\/nature-presentation-768x1086.jpg 768w, https:\/\/www.dorbienbeds.com\/wp-content\/uploads\/2020\/10\/nature-presentation-1086x1536.jpg 1086w, https:\/\/www.dorbienbeds.com\/wp-content\/uploads\/2020\/10\/nature-presentation-1448x2048.jpg 1448w, https:\/\/www.dorbienbeds.com\/wp-content\/uploads\/2020\/10\/nature-presentation-700x990.jpg 700w\" sizes=\"(max-width: 1810px) 100vw, 1810px\" \/>\t\t\t\t\t\t\t\t\t\t\t\t\t\t<\/p>\n<h2>Nature<\/h2>\n<p>De Nature-collectie kun je defini\u00ebren als \u2018meer is ook ECHT meer\u2019. Op basis van natuurlijke materialen hebben we een meesterwerk gecre\u00eberd uit lagen paardenhaar, wol en katoen, naaldhout en Talalay-latex.<\/p>\n<p>Terwijl jij lekker in dromenland verkeert, zorgt onze combinatie van pocketveren ervoor dat je slaapt als een roos, elke nacht weer, middagslaapje na middagslaapje. Zzzzzzz\u2026<\/p>\n<p>\t\t\t<a itemprop=\"url\" href=\"\/nature-collection\" target=\"_self\" style=\"\" rel=\"noopener\">BEKIJK ALLE BEDDEN IN DE NATURE-COLLECTIE<\/a>\t\t<\/p>\n<h2>~ Alle drie de series zijn beschikbaar in meerdere uitvoeringen: Continental I, Continental II, Exclusive en Extreme.<\/p>\n<p>~ Exclusive en Extreme zijn verstelbaar (elektrisch). <\/p>\n<p>~ Onze modellen en hun uitvoeringen zijn opgebouwd uit verschillende soorten vering, vari\u00ebrend in hoogte en hardheid. Ze kunnen ook worden gecombineerd met onze 3 topmatrassen, waardoor er altijd een perfecte match ontstaat.<br \/>\n<\/h2>\n<p>\t\t\t\t\t\t\t\t\t\t\t\t<img loading=\"lazy\" decoding=\"async\" width=\"900\" height=\"380\" src=\"https:\/\/www.dorbienbeds.com\/wp-content\/uploads\/2020\/11\/smartfiber-presentation.jpg\" alt=\"\" loading=\"lazy\" srcset=\"https:\/\/www.dorbienbeds.com\/wp-content\/uploads\/2020\/11\/smartfiber-presentation.jpg 900w, https:\/\/www.dorbienbeds.com\/wp-content\/uploads\/2020\/11\/smartfiber-presentation-300x127.jpg 300w, https:\/\/www.dorbienbeds.com\/wp-content\/uploads\/2020\/11\/smartfiber-presentation-768x324.jpg 768w, https:\/\/www.dorbienbeds.com\/wp-content\/uploads\/2020\/11\/smartfiber-presentation-700x296.jpg 700w\" sizes=\"(max-width: 900px) 100vw, 900px\" \/>\t\t\t\t\t\t\t\t\t\t\t\t\t\t<\/p>\n<h2 style=\"text-align: center;\">Smartfiber**<\/h2>\n<p style=\"text-align: center;\">Een van de geheimen achter de fantastische eigenschappen van onze matrassen, bedden, kussens en dekbedden heet Smartfiber. De eigenschappen van deze unieke vezel zijn tot stand gekomen na jarenlange research. De vezel is opgebouwd uit heel fijne koolstofdraden waardoor een zacht materiaal ontstaat dat overtollig lichaamsvocht gemakkelijk afvoert en het lichaam aangenaam droog houdt. Hierdoor wordt het woelen \u2019s nachts beduidend minder. De gladde structuur is geluiddempend en zorgt voor een gezonde, comfortabele slaapomgeving. Omdat Smartfiber** zo sterk is, behoudt het zijn oorspronkelijke structuur, ook na intensief gebruik, waardoor het jarenlang meegaat.<\/p>\n<p>\t\t\t\t\t\t\t\t\t\t\t\t<img loading=\"lazy\" decoding=\"async\" width=\"900\" height=\"380\" src=\"https:\/\/www.dorbienbeds.com\/wp-content\/uploads\/2020\/11\/pocketsprings.jpg\" alt=\"\" loading=\"lazy\" srcset=\"https:\/\/www.dorbienbeds.com\/wp-content\/uploads\/2020\/11\/pocketsprings.jpg 900w, https:\/\/www.dorbienbeds.com\/wp-content\/uploads\/2020\/11\/pocketsprings-300x127.jpg 300w, https:\/\/www.dorbienbeds.com\/wp-content\/uploads\/2020\/11\/pocketsprings-768x324.jpg 768w, https:\/\/www.dorbienbeds.com\/wp-content\/uploads\/2020\/11\/pocketsprings-700x296.jpg 700w\" sizes=\"(max-width: 900px) 100vw, 900px\" \/>\t\t\t\t\t\t\t\t\t\t\t\t\t\t<\/p>\n<h2 style=\"text-align: center;\">Pocket Springs<\/h2>\n<p style=\"text-align: center;\">Ieder menselijk lichaam is anders van vorm. Daarom hebben we lagen met verschillende veren telkens anders gecombineerd om voor elk type slaper een perfecte match te cre\u00ebren.<\/p>\n<p style=\"text-align: center;\">\n<p style=\"text-align: center;\">Alle Dorbien-bedden hebben veren die individueel in een pocket geplaatst worden. Hierdoor werken de veren onafhankelijk van elkaar en vangen ze je gewicht en bewegingen op terwijl jij niets anders hoeft te doen dan lekker slapen of uitrusten.<\/p>\n","protected":false},"excerpt":{"rendered":"<p>Bedden Een bed kiezen is een heel belangrijke beslissing. Een lange tekst die je vertelt hoe fijn het bed is, weegt niet op tegen uitproberen in het echt. In dat geval moet je er wel voor zorgen dat je niet te laat komt voor je&#8230;<\/p>\n","protected":false},"author":1,"featured_media":0,"parent":0,"menu_order":0,"comment_status":"closed","ping_status":"closed","template":"elementor_header_footer","meta":[],"translation":{"provider":"WPGlobus","version":"2.12.2","language":"nl","enabled_languages":["en","sv","nl"],"languages":{"en":{"title":true,"content":true,"excerpt":false},"sv":{"title":true,"content":true,"excerpt":false},"nl":{"title":true,"content":true,"excerpt":false}}},"yoast_head":"<!-- This site is optimized with the Yoast SEO plugin v20.13 - https:\/\/yoast.com\/wordpress\/plugins\/seo\/ -->\n<title>- Dorbien Beds - We create your dreams<\/title>\n<meta name=\"robots\" content=\"index, follow, max-snippet:-1, max-image-preview:large, max-video-preview:-1\" \/>\n<link rel=\"canonical\" href=\"https:\/\/www.dorbienbeds.com\/beds\/\" \/>\n<meta property=\"og:locale\" content=\"nl_NL\" \/>\n<meta property=\"og:type\" content=\"article\" \/>\n<meta property=\"og:title\" content=\"- Dorbien Beds - We create your dreams\" \/>\n<meta property=\"og:url\" content=\"https:\/\/www.dorbienbeds.com\/beds\/\" \/>\n<meta property=\"og:site_name\" content=\"Dorbien Beds - We create your dreams\" \/>\n<meta property=\"article:modified_time\" content=\"2022-02-17T12:11:28+00:00\" \/>\n<meta property=\"og:image\" content=\"https:\/\/www.dorbienbeds.com\/wp-content\/uploads\/2022\/02\/Dorbien-collage.jpg\" \/>\n<meta name=\"twitter:card\" content=\"summary_large_image\" \/>\n<meta name=\"twitter:label1\" content=\"Est. reading time\" \/>\n\t<meta name=\"twitter:data1\" content=\"4 minutes\" \/>\n<script type=\"application\/ld+json\" class=\"yoast-schema-graph\">{\"@context\":\"https:\/\/schema.org\",\"@graph\":[{\"@type\":\"WebPage\",\"@id\":\"https:\/\/www.dorbienbeds.com\/beds\/\",\"url\":\"https:\/\/www.dorbienbeds.com\/beds\/\",\"name\":\"- Dorbien Beds - We create your dreams\",\"isPartOf\":{\"@id\":\"https:\/\/www.dorbienbeds.com\/#website\"},\"datePublished\":\"2020-09-23T14:44:44+00:00\",\"dateModified\":\"2022-02-17T12:11:28+00:00\",\"description\":\"L\u00e5t oss presentera v\u00e5ra 3 s\u00e4ngserier: Sport, Green och Natur. V\u00e5ra s\u00e4ngar finns ocks\u00e5 i exclusive och extreme-varianter.\",\"breadcrumb\":{\"@id\":\"https:\/\/www.dorbienbeds.com\/beds\/#breadcrumb\"},\"inLanguage\":\"nl-NL\",\"potentialAction\":[{\"@type\":\"ReadAction\",\"target\":[\"https:\/\/www.dorbienbeds.com\/beds\/\"]}]},{\"@type\":\"BreadcrumbList\",\"@id\":\"https:\/\/www.dorbienbeds.com\/beds\/#breadcrumb\",\"itemListElement\":[{\"@type\":\"ListItem\",\"position\":1,\"name\":\"Hem\",\"item\":\"https:\/\/www.dorbienbeds.com\/\"},{\"@type\":\"ListItem\",\"position\":2,\"name\":\"Beds\"}]},{\"@type\":\"WebSite\",\"@id\":\"https:\/\/www.dorbienbeds.com\/#website\",\"url\":\"https:\/\/www.dorbienbeds.com\/\",\"name\":\"Dorbien Beds - We create your dreams\",\"description\":\"\",\"publisher\":{\"@id\":\"https:\/\/www.dorbienbeds.com\/#organization\"},\"potentialAction\":[{\"@type\":\"SearchAction\",\"target\":{\"@type\":\"EntryPoint\",\"urlTemplate\":\"https:\/\/www.dorbienbeds.com\/?s={search_term_string}\"},\"query-input\":\"required name=search_term_string\"}],\"inLanguage\":\"nl-NL\"},{\"@type\":\"Organization\",\"@id\":\"https:\/\/www.dorbienbeds.com\/#organization\",\"name\":\"Dormien Beds\",\"url\":\"https:\/\/www.dorbienbeds.com\/\",\"logo\":{\"@type\":\"ImageObject\",\"inLanguage\":\"nl-NL\",\"@id\":\"https:\/\/www.dorbienbeds.com\/#\/schema\/logo\/image\/\",\"url\":\"https:\/\/www.dorbienbeds.com\/wp-content\/uploads\/2020\/08\/logo-center.png\",\"contentUrl\":\"https:\/\/www.dorbienbeds.com\/wp-content\/uploads\/2020\/08\/logo-center.png\",\"width\":376,\"height\":200,\"caption\":\"Dormien Beds\"},\"image\":{\"@id\":\"https:\/\/www.dorbienbeds.com\/#\/schema\/logo\/image\/\"}}]}<\/script>\n<!-- \/ Yoast SEO plugin. -->","yoast_head_json":{"title":"- Dorbien Beds - We create your dreams","robots":{"index":"index","follow":"follow","max-snippet":"max-snippet:-1","max-image-preview":"max-image-preview:large","max-video-preview":"max-video-preview:-1"},"canonical":"https:\/\/www.dorbienbeds.com\/beds\/","og_locale":"nl_NL","og_type":"article","og_title":"- Dorbien Beds - We create your dreams","og_url":"https:\/\/www.dorbienbeds.com\/beds\/","og_site_name":"Dorbien Beds - We create your dreams","article_modified_time":"2022-02-17T12:11:28+00:00","og_image":[{"url":"https:\/\/www.dorbienbeds.com\/wp-content\/uploads\/2022\/02\/Dorbien-collage.jpg"}],"twitter_card":"summary_large_image","twitter_misc":{"Est. reading time":"4 minutes"},"schema":{"@context":"https:\/\/schema.org","@graph":[{"@type":"WebPage","@id":"https:\/\/www.dorbienbeds.com\/beds\/","url":"https:\/\/www.dorbienbeds.com\/beds\/","name":"- Dorbien Beds - We create your dreams","isPartOf":{"@id":"https:\/\/www.dorbienbeds.com\/#website"},"datePublished":"2020-09-23T14:44:44+00:00","dateModified":"2022-02-17T12:11:28+00:00","description":"L\u00e5t oss presentera v\u00e5ra 3 s\u00e4ngserier: Sport, Green och Natur. V\u00e5ra s\u00e4ngar finns ocks\u00e5 i exclusive och extreme-varianter.","breadcrumb":{"@id":"https:\/\/www.dorbienbeds.com\/beds\/#breadcrumb"},"inLanguage":"nl-NL","potentialAction":[{"@type":"ReadAction","target":["https:\/\/www.dorbienbeds.com\/beds\/"]}]},{"@type":"BreadcrumbList","@id":"https:\/\/www.dorbienbeds.com\/beds\/#breadcrumb","itemListElement":[{"@type":"ListItem","position":1,"name":"Hem","item":"https:\/\/www.dorbienbeds.com\/"},{"@type":"ListItem","position":2,"name":"Beds"}]},{"@type":"WebSite","@id":"https:\/\/www.dorbienbeds.com\/#website","url":"https:\/\/www.dorbienbeds.com\/","name":"Dorbien Beds - We create your dreams","description":"","publisher":{"@id":"https:\/\/www.dorbienbeds.com\/#organization"},"potentialAction":[{"@type":"SearchAction","target":{"@type":"EntryPoint","urlTemplate":"https:\/\/www.dorbienbeds.com\/?s={search_term_string}"},"query-input":"required name=search_term_string"}],"inLanguage":"nl-NL"},{"@type":"Organization","@id":"https:\/\/www.dorbienbeds.com\/#organization","name":"Dormien Beds","url":"https:\/\/www.dorbienbeds.com\/","logo":{"@type":"ImageObject","inLanguage":"nl-NL","@id":"https:\/\/www.dorbienbeds.com\/#\/schema\/logo\/image\/","url":"https:\/\/www.dorbienbeds.com\/wp-content\/uploads\/2020\/08\/logo-center.png","contentUrl":"https:\/\/www.dorbienbeds.com\/wp-content\/uploads\/2020\/08\/logo-center.png","width":376,"height":200,"caption":"Dormien Beds"},"image":{"@id":"https:\/\/www.dorbienbeds.com\/#\/schema\/logo\/image\/"}}]}},"_links":{"self":[{"href":"https:\/\/www.dorbienbeds.com\/nl\/wp-json\/wp\/v2\/pages\/169"}],"collection":[{"href":"https:\/\/www.dorbienbeds.com\/nl\/wp-json\/wp\/v2\/pages"}],"about":[{"href":"https:\/\/www.dorbienbeds.com\/nl\/wp-json\/wp\/v2\/types\/page"}],"author":[{"embeddable":true,"href":"https:\/\/www.dorbienbeds.com\/nl\/wp-json\/wp\/v2\/users\/1"}],"replies":[{"embeddable":true,"href":"https:\/\/www.dorbienbeds.com\/nl\/wp-json\/wp\/v2\/comments?post=169"}],"version-history":[{"count":177,"href":"https:\/\/www.dorbienbeds.com\/nl\/wp-json\/wp\/v2\/pages\/169\/revisions"}],"predecessor-version":[{"id":1332,"href":"https:\/\/www.dorbienbeds.com\/nl\/wp-json\/wp\/v2\/pages\/169\/revisions\/1332"}],"wp:attachment":[{"href":"https:\/\/www.dorbienbeds.com\/nl\/wp-json\/wp\/v2\/media?parent=169"}],"curies":[{"name":"wp","href":"https:\/\/api.w.org\/{rel}","templated":true}]}}