{"id":1500,"date":"2023-01-27T08:34:31","date_gmt":"2023-01-27T07:34:31","guid":{"rendered":"https:\/\/www.dorbienbeds.com\/?page_id=1500"},"modified":"2026-03-11T20:51:19","modified_gmt":"2026-03-11T19:51:19","slug":"reseller","status":"publish","type":"page","link":"https:\/\/www.dorbienbeds.com\/nl\/reseller\/","title":{"rendered":"Elementor #169"},"content":{"rendered":"<h2>\u00a0<\/h2>\n<h2>Nederland<\/h2>\n<p>Amersfoort &#8211; Natuurlijk Slapen<\/p>\n<p>Brabantsestraat 14<\/p>\n<p>3812 PJ Amersfoort<\/p>\n<p>+33 303 7704<\/p>\n<p>\u00a0<\/p>\n<p>Amsterdam &#8211; OOST Slaapcomfort Sinds 1935 &#8211; Zeeburg<\/p>\n<p>Zeeburgerpad 80 &#8211; 85<\/p>\n<p>1019 AD Amsterdam<\/p>\n<p>+31 20 692 9151<\/p>\n<p>\u00a0<\/p>\n<p>Assen &#8211; Online Binnenstad; Adore Slaapcomfort<\/p>\n<p>Gedempte Singel 11<\/p>\n<p>9401 JM Assen<\/p>\n<p>+31 88 24 24 880<\/p>\n<p>\u00a0<\/p>\n<p>Beers &#8211; Slaapsfeer<\/p>\n<p>Gildeweg 17<\/p>\n<p>5437 AJ Beers<\/p>\n<p>0485- 322337<\/p>\n<p>\u00a0<\/p>\n<p>Beuningen &#8211; Slaapsfeer<\/p>\n<p>Hadrianussingel 34<\/p>\n<p>6642 AJ Beuningen<\/p>\n<p>024- 6753759<\/p>\n<p>\u00a0<\/p>\n<p>Groesbeek &#8211; Slaapsfeer<\/p>\n<p>Ambachtsweg 13<\/p>\n<p>6562 AZ Groesbeek<\/p>\n<p>024- 3977321<\/p>\n<p>\u00a0<\/p>\n<p>Heerlen &#8211; Beddenspeciaalzaak Ruwette<\/p>\n<p>Bongerd 29<\/p>\n<p>6411 JL Heerlen<\/p>\n<p>+31 45 571 7324<\/p>\n<p>\u00a0<\/p>\n<p>Heerlen &#8211; Slaapsfeer<\/p>\n<p>Promenade 12<\/p>\n<p>6411 JK Heerlen<\/p>\n<p>045- 2072002<\/p>\n<p>\u00a0<\/p>\n<p>Utrecht &#8211; Slaapexpert<\/p>\n<p>Oudkerkhof 27<\/p>\n<p>3512 GJ Utrecht<\/p>\n<p>+31 30 307 5727<\/p>\n<p>\u00a0<\/p>\n<h2>Belgi\u00eb<\/h2>\n<p>Antwerpen &#8211; Matthieu\u2019s Bedding Company<\/p>\n<p>Vlaamsekaai 23<\/p>\n<p>2000 Antwerpen<\/p>\n<p>+32 32 31 30 05<\/p>\n<p>\u00a0<\/p>\n<p>Heers &#8211; 2 Sleep<\/p>\n<p>Steenweg 49<\/p>\n<p>3870 Heers<\/p>\n<p>+32 11 75 93 43<\/p>\n<p>\u00a0<\/p>\n<p>Retie &#8211; Dams &amp; Company<\/p>\n<p>Provinciebaan 60<\/p>\n<p>2470 Retie<\/p>\n<p>+32 14 67 12 72<\/p>\n<p>\u00a0<\/p>\n<h2>Finland<\/h2>\n<p>Kotka &#8211; Unille<\/p>\n<p>Passats k\u00f6pcentrum 2:a v\u00e5ningen<\/p>\n<p>Keskuskatu 10<\/p>\n<p>48100 Kotka<\/p>\n<p>+358 45 34 24 710<\/p>\n<p>\u00a0<\/p>\n<p>Kouvola &#8211; Unille<\/p>\n<p>Kivimiehenkatu 4<\/p>\n<p>45100 Kouvola<\/p>\n<p>+358 41 31 14 469<\/p>\n<p>\u00a0<\/p>\n<p>Kuopio &#8211; Unille<\/p>\n<p>Cantti k\u00f6pcentrum 2:a v\u00e5ningen<\/p>\n<p>Lev\u00e4sentie 2<\/p>\n<p>70700 Kuopio<\/p>\n<p>+358 50 32 58 854<\/p>\n<p>\u00a0<\/p>\n<p>Kruunukaluste Oy &#8211; Tampere<\/p>\n<p>Taninkatu 2<\/p>\n<p>33400 Tampere<\/p>\n<p>+358 03 31 42 31 00<\/p>\n<p>\u00a0<\/p>\n<p>Kruunukaluste Oy &#8211; Vantaa<\/p>\n<p>Martinkyl\u00e4ntie 51<\/p>\n<p>01720 Vantaa<\/p>\n<p>+358 09 84 94 470<\/p>\n<p>\u00a0<\/p>\n<p>Kruunukaluste Oy &#8211; Turku<\/p>\n<p>Kalustekatu 2<\/p>\n<p>21280 Raisio<\/p>\n<p>+358 02 36 10 36 10<\/p>\n<p>\u00a0<\/p>\n<p>Kruunukaluste Oy &#8211; Oulu<\/p>\n<p>Taka-Ly\u00f6tyn Aukio 2<\/p>\n<p>90140 Oulu<\/p>\n<p>+358 08 37 22 99<\/p>\n<p>\u00a0<\/p>\n<p>Lahti &#8211; S\u00e4nkystudio Suvi Ora<\/p>\n<p>H\u00e4meenkatu 20<\/p>\n<p>15110 Lahti<\/p>\n<p>+358 45 35 22 303<\/p>\n<p>\u00a0<\/p>\n<p>S\u00e4nkykeskus<\/p>\n<p>Kivimiehentie 4<\/p>\n<p>45100 Kouvola<\/p>\n<p>+358 41 31 14 469<\/p>\n<p>\u00a0<\/p>\n<h2>Denemarken<\/h2>\n<p>Odense &#8211; Collection by Schiang Living<\/p>\n<p>Staermoseg\u00e5rdsvej 52<\/p>\n<p>5230 Odense<\/p>\n<p>+45 32 42 70 35<\/p>\n<p>\u00a0<\/p>\n<h2>IJsland<\/h2>\n<p>Reykjavik &#8211; Vogue Fyrir Heimili\u00f6<\/p>\n<p>Si\u00f6um\u00fcli 30<\/p>\n<p>108 Reykjavik<\/p>\n<p>+354 533 3500<\/p>\n<p>\u00a0<\/p>\n<h2>Spanje<\/h2>\n<p>Torrevieja &#8211; Nilssons M\u00f6bler &amp; Inredning<\/p>\n<p>Av.Delfina Viudes 50<\/p>\n<p>03182 Torrevieja Alicante<\/p>\n<p>+46 76 818 70 70<\/p>\n<p>\u00a0<\/p>\n<h2>Zweden<\/h2>\n<p>Borl\u00e4nge &#8211; \u00d6stbergs S\u00e4ng &amp; M\u00f6belhus<\/p>\n<p>Bragegatan 1<\/p>\n<p>784 44 Borl\u00e4nge<\/p>\n<p>+46 243 &#8211; 21 31 60<\/p>\n<p>\u00a0<\/p>\n<p>Ekeby &#8211; Ekeby M\u00f6bler<\/p>\n<p>Storgatan 4<\/p>\n<p>267 76 Ekeby<\/p>\n<p>+46 42 &#8211; 896 30<\/p>\n<p>\u00a0<\/p>\n<p>Grebbestad- Grebbestad M\u00f6bler<\/p>\n<p>Industriv\u00e4gen 4<\/p>\n<p>457 72 Grebbestad<\/p>\n<p>0525-66 200<\/p>\n<p>\u00a0<\/p>\n<p>J\u00f6nk\u00f6ping &#8211; Em Home Tenhult<\/p>\n<p>Centrumv\u00e4gen 74<\/p>\n<p>561 60 Tenhult<\/p>\n<p>+46 36 &#8211; 920 10<\/p>\n<p>\u00a0<\/p>\n<p>Kalmar &#8211; Svenska Hem<\/p>\n<p>Odalv\u00e4gen 7<\/p>\n<p>392 43 Kalmar<\/p>\n<p>+46 480 &#8211; 42 62 60<\/p>\n<p>\u00a0<\/p>\n<p>Lidk\u00f6ping &#8211; Svenska Hem Lidk\u00f6ping<\/p>\n<p>Framn\u00e4sv\u00e4gen 1<\/p>\n<p>531 54 Lidk\u00f6ping<\/p>\n<p>+46 510 &#8211; 285 00<\/p>\n<p>\u00a0<\/p>\n<p>Nykvarn &#8211; M\u00f6belkvalit\u00e9n<\/p>\n<p>Gamla Str\u00e4ngn\u00e4sv\u00e4gen 500<\/p>\n<p>155 93 Nykvarn<\/p>\n<p>+46 159 &#8211; 701 95<\/p>\n<p>\u00a0<\/p>\n<p>Svedala &#8211; Nilssons M\u00f6bler &amp; Inredning<\/p>\n<p>\u00d6stra Tv\u00e4rgatan 1<\/p>\n<p>233 35 Svedala<\/p>\n<p>+46 40 &#8211; 40 98 50<\/p>\n<p>\u00a0<\/p>\n<p>Tumbo &#8211; Tumbo M\u00f6bler<\/p>\n<p>Tumbo 21<\/p>\n<p>635 31 Kvicksund<\/p>\n<p>+46 16 &#8211; 34 72 00<\/p>\n<p>\u00a0<\/p>\n<p>Uppsala &#8211; Em Home<\/p>\n<p>Sylveniusgatan 7<\/p>\n<p>754 50 Uppsala<\/p>\n<p>+46 18 &#8211; 65 13 00<\/p>\n<p>\u00a0<\/p>\n<p>Sovstudion Svenska Hem<\/p>\n<p>Birger Svenssons v\u00e4g 16C<\/p>\n<p>432 40 Varberg<\/p>\n<p>+46 340 &#8211; 163 55<\/p>\n<p>\u00a0<\/p>\n<p>Visby &#8211; Svenska Hem Visby<\/p>\n<p>Norra Hansegatan 18<\/p>\n<p>621 41 Visby<\/p>\n<p>+46 498 &#8211; 20 70 00<\/p>\n<p>\u00a0<\/p>\n<p>V\u00e4ster\u00e5s &#8211; Svenska Hem V\u00e4ster\u00e5s<\/p>\n<p>Hallsta G\u00e5rdsgata 7<\/p>\n<p>721 38 V\u00e4ster\u00e5s<\/p>\n<p>+46 21 &#8211; 12 63 00<\/p>\n<p>\u00a0<\/p>\n<p>V\u00e4xj\u00f6 &#8211; Bror Pehrssons M\u00f6bler<\/p>\n<p>Blockv\u00e4gen 6<\/p>\n<p>352 45 V\u00e4xj\u00f6<\/p>\n<p>+46 470 &#8211; 34 97 30<\/p>\n<p>\u00a0<\/p>\n<h2>\u00c5land<\/h2>\n<p>Svenska Hem \u00c5land<\/p>\n<p>184 Godbyv\u00e4gen<\/p>\n<p>221 50 \u00c5land<\/p>\n<p>+358 18 32940<\/p>\n","protected":false},"excerpt":{"rendered":"<p>\u00a0 Nederland Amersfoort &#8211; Natuurlijk Slapen Brabantsestraat 14 3812 PJ Amersfoort +33 303 7704 \u00a0 Amsterdam &#8211; OOST Slaapcomfort Sinds 1935 &#8211; Zeeburg Zeeburgerpad 80 &#8211; 85 1019 AD Amsterdam +31 20 692 9151 \u00a0 Assen &#8211; Online Binnenstad; Adore Slaapcomfort Gedempte Singel 11 9401&#8230;<\/p>\n","protected":false},"author":5,"featured_media":0,"parent":0,"menu_order":0,"comment_status":"closed","ping_status":"closed","template":"elementor_header_footer","meta":[],"translation":{"provider":"WPGlobus","version":"2.12.2","language":"nl","enabled_languages":["en","sv","nl"],"languages":{"en":{"title":true,"content":true,"excerpt":false},"sv":{"title":true,"content":true,"excerpt":false},"nl":{"title":true,"content":true,"excerpt":false}}},"yoast_head":"<!-- This site is optimized with the Yoast SEO plugin v20.13 - https:\/\/yoast.com\/wordpress\/plugins\/seo\/ -->\n<title>- Dorbien Beds - We create your dreams<\/title>\n<meta name=\"robots\" content=\"index, follow, max-snippet:-1, max-image-preview:large, max-video-preview:-1\" \/>\n<link rel=\"canonical\" href=\"https:\/\/www.dorbienbeds.com\/reseller\/\" \/>\n<meta property=\"og:locale\" content=\"nl_NL\" \/>\n<meta property=\"og:type\" content=\"article\" \/>\n<meta property=\"og:title\" content=\"- Dorbien Beds - We create your dreams\" \/>\n<meta property=\"og:url\" content=\"https:\/\/www.dorbienbeds.com\/reseller\/\" \/>\n<meta property=\"og:site_name\" content=\"Dorbien Beds - We create your dreams\" \/>\n<meta property=\"article:modified_time\" content=\"2026-03-11T19:51:19+00:00\" \/>\n<meta name=\"twitter:card\" content=\"summary_large_image\" \/>\n<meta name=\"twitter:label1\" content=\"Est. reading time\" \/>\n\t<meta name=\"twitter:data1\" content=\"3 minutes\" \/>\n<script type=\"application\/ld+json\" class=\"yoast-schema-graph\">{\"@context\":\"https:\/\/schema.org\",\"@graph\":[{\"@type\":\"WebPage\",\"@id\":\"https:\/\/www.dorbienbeds.com\/reseller\/\",\"url\":\"https:\/\/www.dorbienbeds.com\/reseller\/\",\"name\":\"- Dorbien Beds - We create your dreams\",\"isPartOf\":{\"@id\":\"https:\/\/www.dorbienbeds.com\/#website\"},\"datePublished\":\"2023-01-27T07:34:31+00:00\",\"dateModified\":\"2026-03-11T19:51:19+00:00\",\"breadcrumb\":{\"@id\":\"https:\/\/www.dorbienbeds.com\/reseller\/#breadcrumb\"},\"inLanguage\":\"nl-NL\",\"potentialAction\":[{\"@type\":\"ReadAction\",\"target\":[\"https:\/\/www.dorbienbeds.com\/reseller\/\"]}]},{\"@type\":\"BreadcrumbList\",\"@id\":\"https:\/\/www.dorbienbeds.com\/reseller\/#breadcrumb\",\"itemListElement\":[{\"@type\":\"ListItem\",\"position\":1,\"name\":\"Hem\",\"item\":\"https:\/\/www.dorbienbeds.com\/\"},{\"@type\":\"ListItem\",\"position\":2,\"name\":\"Reseller\"}]},{\"@type\":\"WebSite\",\"@id\":\"https:\/\/www.dorbienbeds.com\/#website\",\"url\":\"https:\/\/www.dorbienbeds.com\/\",\"name\":\"Dorbien Beds - We create your dreams\",\"description\":\"\",\"publisher\":{\"@id\":\"https:\/\/www.dorbienbeds.com\/#organization\"},\"potentialAction\":[{\"@type\":\"SearchAction\",\"target\":{\"@type\":\"EntryPoint\",\"urlTemplate\":\"https:\/\/www.dorbienbeds.com\/?s={search_term_string}\"},\"query-input\":\"required name=search_term_string\"}],\"inLanguage\":\"nl-NL\"},{\"@type\":\"Organization\",\"@id\":\"https:\/\/www.dorbienbeds.com\/#organization\",\"name\":\"Dormien Beds\",\"url\":\"https:\/\/www.dorbienbeds.com\/\",\"logo\":{\"@type\":\"ImageObject\",\"inLanguage\":\"nl-NL\",\"@id\":\"https:\/\/www.dorbienbeds.com\/#\/schema\/logo\/image\/\",\"url\":\"https:\/\/www.dorbienbeds.com\/wp-content\/uploads\/2020\/08\/logo-center.png\",\"contentUrl\":\"https:\/\/www.dorbienbeds.com\/wp-content\/uploads\/2020\/08\/logo-center.png\",\"width\":376,\"height\":200,\"caption\":\"Dormien Beds\"},\"image\":{\"@id\":\"https:\/\/www.dorbienbeds.com\/#\/schema\/logo\/image\/\"}}]}<\/script>\n<!-- \/ Yoast SEO plugin. -->","yoast_head_json":{"title":"- Dorbien Beds - We create your dreams","robots":{"index":"index","follow":"follow","max-snippet":"max-snippet:-1","max-image-preview":"max-image-preview:large","max-video-preview":"max-video-preview:-1"},"canonical":"https:\/\/www.dorbienbeds.com\/reseller\/","og_locale":"nl_NL","og_type":"article","og_title":"- Dorbien Beds - We create your dreams","og_url":"https:\/\/www.dorbienbeds.com\/reseller\/","og_site_name":"Dorbien Beds - We create your dreams","article_modified_time":"2026-03-11T19:51:19+00:00","twitter_card":"summary_large_image","twitter_misc":{"Est. reading time":"3 minutes"},"schema":{"@context":"https:\/\/schema.org","@graph":[{"@type":"WebPage","@id":"https:\/\/www.dorbienbeds.com\/reseller\/","url":"https:\/\/www.dorbienbeds.com\/reseller\/","name":"- Dorbien Beds - We create your dreams","isPartOf":{"@id":"https:\/\/www.dorbienbeds.com\/#website"},"datePublished":"2023-01-27T07:34:31+00:00","dateModified":"2026-03-11T19:51:19+00:00","breadcrumb":{"@id":"https:\/\/www.dorbienbeds.com\/reseller\/#breadcrumb"},"inLanguage":"nl-NL","potentialAction":[{"@type":"ReadAction","target":["https:\/\/www.dorbienbeds.com\/reseller\/"]}]},{"@type":"BreadcrumbList","@id":"https:\/\/www.dorbienbeds.com\/reseller\/#breadcrumb","itemListElement":[{"@type":"ListItem","position":1,"name":"Hem","item":"https:\/\/www.dorbienbeds.com\/"},{"@type":"ListItem","position":2,"name":"Reseller"}]},{"@type":"WebSite","@id":"https:\/\/www.dorbienbeds.com\/#website","url":"https:\/\/www.dorbienbeds.com\/","name":"Dorbien Beds - We create your dreams","description":"","publisher":{"@id":"https:\/\/www.dorbienbeds.com\/#organization"},"potentialAction":[{"@type":"SearchAction","target":{"@type":"EntryPoint","urlTemplate":"https:\/\/www.dorbienbeds.com\/?s={search_term_string}"},"query-input":"required name=search_term_string"}],"inLanguage":"nl-NL"},{"@type":"Organization","@id":"https:\/\/www.dorbienbeds.com\/#organization","name":"Dormien Beds","url":"https:\/\/www.dorbienbeds.com\/","logo":{"@type":"ImageObject","inLanguage":"nl-NL","@id":"https:\/\/www.dorbienbeds.com\/#\/schema\/logo\/image\/","url":"https:\/\/www.dorbienbeds.com\/wp-content\/uploads\/2020\/08\/logo-center.png","contentUrl":"https:\/\/www.dorbienbeds.com\/wp-content\/uploads\/2020\/08\/logo-center.png","width":376,"height":200,"caption":"Dormien Beds"},"image":{"@id":"https:\/\/www.dorbienbeds.com\/#\/schema\/logo\/image\/"}}]}},"_links":{"self":[{"href":"https:\/\/www.dorbienbeds.com\/nl\/wp-json\/wp\/v2\/pages\/1500"}],"collection":[{"href":"https:\/\/www.dorbienbeds.com\/nl\/wp-json\/wp\/v2\/pages"}],"about":[{"href":"https:\/\/www.dorbienbeds.com\/nl\/wp-json\/wp\/v2\/types\/page"}],"author":[{"embeddable":true,"href":"https:\/\/www.dorbienbeds.com\/nl\/wp-json\/wp\/v2\/users\/5"}],"replies":[{"embeddable":true,"href":"https:\/\/www.dorbienbeds.com\/nl\/wp-json\/wp\/v2\/comments?post=1500"}],"version-history":[{"count":242,"href":"https:\/\/www.dorbienbeds.com\/nl\/wp-json\/wp\/v2\/pages\/1500\/revisions"}],"predecessor-version":[{"id":1864,"href":"https:\/\/www.dorbienbeds.com\/nl\/wp-json\/wp\/v2\/pages\/1500\/revisions\/1864"}],"wp:attachment":[{"href":"https:\/\/www.dorbienbeds.com\/nl\/wp-json\/wp\/v2\/media?parent=1500"}],"curies":[{"name":"wp","href":"https:\/\/api.w.org\/{rel}","templated":true}]}}